{"id":237,"date":"2015-07-01T14:35:27","date_gmt":"2015-07-01T13:35:27","guid":{"rendered":"http:\/\/tommusrhodus.wpengine.com\/?page_id=237"},"modified":"2021-08-25T21:25:43","modified_gmt":"2021-08-26T03:25:43","slug":"compromisos","status":"publish","type":"page","link":"https:\/\/www.phanaint.com\/en\/pages\/compromisos\/","title":{"rendered":"Commitments"},"content":{"rendered":"<div class=\"wpb-content-wrapper\"><section class=\"light-wrapper pb0 vc_row wpb_row vc_row-fluid light-wrapper pb0\"><div class=\"container\"><div class=\"row\"><div class=\"wpb_column vc_column_container col-sm-6\"><div class=\"vc_column-inner\"><div class=\"wpb_wrapper\">\n\t\t\t<div class=\"feature feature-3 bordered\">\n\t\t\t\t\n\t\t\t    <div class=\"left\">\n\t\t\t        <i class=\"ti-comments-smiley icon-sm\"><\/i>\n\t\t\t    <\/div>\n\t\t\t    <div class=\"right\">\n\t\t\t        <h5 class=\"uppercase mb16\">Social Commitment<\/h5>\n\t\t\t        <p>Phanaint is committed to local society, as it is forged through exceptional social results, by working with inteligence and inspiration to influence more persons.<\/p>\n<p>Our people not only endeavors in great business challenges but also the challenge to inspire others. The domino effect continues by inspiring other individuals and companies around the world. By changing their way of thinking towards savings, sustainability and by creating new standards of Comfort that are ecofriendly and socially responsible.<\/p>\n\n\t\t\t    <\/div>\n\t\t\t    \n\t\t\t<\/div>\n\t\t\n\t\t\t<div class=\"feature feature-3 bordered\">\n\t\t\t\t\n\t\t\t    <div class=\"left\">\n\t\t\t        <i class=\"ti-hand-stop icon-sm\"><\/i>\n\t\t\t    <\/div>\n\t\t\t    <div class=\"right\">\n\t\t\t        <h5 class=\"uppercase mb16\">Ethical Commitment<\/h5>\n\t\t\t        <p>A great part of our mission includes an intrinsic commitment towards our employees and partners of being a transparent, respectful company that looks out for the integrity and rights of everyone. For this reason, at Phanaint we are all responsible to help achieve sustainability and for our fellow members and clients achieve it in an ethical way, by understanding it is a way to build Value, together.<\/p>\n\n\t\t\t    <\/div>\n\t\t\t    \n\t\t\t<\/div>\n\t\t<\/div><\/div><\/div><div class=\"wpb_column vc_column_container col-sm-6\"><div class=\"vc_column-inner\"><div class=\"wpb_wrapper\">\n\t\t\t<div class=\"feature feature-3 bordered\">\n\t\t\t\t\n\t\t\t    <div class=\"left\">\n\t\t\t        <i class=\"ti-cloud icon-sm\"><\/i>\n\t\t\t    <\/div>\n\t\t\t    <div class=\"right\">\n\t\t\t        <h5 class=\"uppercase mb16\">Environmental Commitment<\/h5>\n\t\t\t        <p>We are 100% committed to the care and preservation of the environment, this is why our services and products are consistent with our commitment:<\/p>\n<ul>\n<li>Promote knowledge, culture and ecofriendly actions among our employees, clients and partners.<\/li>\n<li>Provide biodegradable cleaning products, innovative, disruptive and sustainable that nurture and protect our environment.<\/li>\n<li>Maintain a clean line of production, free of toxic waste.<\/li>\n<li>Reduce natural resources and energy consumption in all industrial cleaning processes and production processes.<\/li>\n<\/ul>\n<p>Through these green commitments we can offer The Best Services and The Best Products to our Clients who will Save Green Money by:<\/p>\n<ul>\n<li>Diminishing water consumption up to 75%<\/li>\n<li>Diminishing energy consumption up to 50%<\/li>\n<li>Diminishing Propane Gas (GLP) by up to 35%<\/li>\n<li>Diminishing by -90% the toxic chemical waste outflow to environment.<\/li>\n<\/ul>\n<p>\n\n\t\t\t    <\/div>\n\t\t\t    \n\t\t\t<\/div>\n\t\t<\/div><\/div><\/div><\/div><\/div><\/section>\n<\/div>","protected":false},"excerpt":{"rendered":"Compromiso Social Phanaint est\u00e1 comprometida con la comunidad local, es por esto que nuestra empresa se forja por medio de resultados...","protected":false},"author":1,"featured_media":1840,"parent":170,"menu_order":0,"comment_status":"closed","ping_status":"closed","template":"","meta":{"_monsterinsights_skip_tracking":false,"_monsterinsights_sitenote_active":false,"_monsterinsights_sitenote_note":"","_monsterinsights_sitenote_category":0,"footnotes":""},"class_list":["post-237","page","type-page","status-publish","has-post-thumbnail","hentry"],"yoast_head":"<!-- This site is optimized with the Yoast SEO Premium plugin v26.6 (Yoast SEO v26.6) - https:\/\/yoast.com\/wordpress\/plugins\/seo\/ -->\n<title>Compromisos - Phanaint<\/title>\n<meta name=\"description\" content=\"Phanaint - Generamos Lujo Sustentable con Altos Niveles de Calidad y Desinfecci\u00f3n.\" \/>\n<meta name=\"robots\" content=\"index, follow, max-snippet:-1, max-image-preview:large, max-video-preview:-1\" \/>\n<link rel=\"canonical\" href=\"https:\/\/www.phanaint.com\/en\/pages\/compromisos\/\" \/>\n<meta property=\"og:locale\" content=\"en_US\" \/>\n<meta property=\"og:type\" content=\"article\" \/>\n<meta property=\"og:title\" content=\"Phanaint - La Opci\u00f3n Natural Compromisos\" \/>\n<meta property=\"og:description\" content=\"Generando un Mundo de Ahorros a Nuestros Clientes. La Sustentabilidad a su Alcance.\" \/>\n<meta property=\"og:url\" content=\"https:\/\/www.phanaint.com\/en\/pages\/compromisos\/\" \/>\n<meta property=\"og:site_name\" content=\"Phanaint\" \/>\n<meta property=\"article:publisher\" content=\"http:\/\/www.facebook.com\/phanaint\" \/>\n<meta property=\"article:modified_time\" content=\"2021-08-26T03:25:43+00:00\" \/>\n<meta property=\"og:image\" content=\"https:\/\/i0.wp.com\/www.phanaint.com\/wp-content\/uploads\/2019\/08\/snow-mountains-optimizado.jpg?fit=1280%2C664&ssl=1\" \/>\n\t<meta property=\"og:image:width\" content=\"1280\" \/>\n\t<meta property=\"og:image:height\" content=\"664\" \/>\n\t<meta property=\"og:image:type\" content=\"image\/jpeg\" \/>\n<meta name=\"twitter:card\" content=\"summary_large_image\" \/>\n<meta name=\"twitter:site\" content=\"@phanaint\" \/>\n<meta name=\"twitter:label1\" content=\"Est. reading time\" \/>\n\t<meta name=\"twitter:data1\" content=\"2 minutes\" \/>\n<script type=\"application\/ld+json\" class=\"yoast-schema-graph\">{\"@context\":\"https:\/\/schema.org\",\"@graph\":[{\"@type\":\"WebPage\",\"@id\":\"https:\/\/www.phanaint.com\/pages\/compromisos\/\",\"url\":\"https:\/\/www.phanaint.com\/pages\/compromisos\/\",\"name\":\"Compromisos - Phanaint\",\"isPartOf\":{\"@id\":\"https:\/\/www.phanaint.com\/#website\"},\"primaryImageOfPage\":{\"@id\":\"https:\/\/www.phanaint.com\/pages\/compromisos\/#primaryimage\"},\"image\":{\"@id\":\"https:\/\/www.phanaint.com\/pages\/compromisos\/#primaryimage\"},\"thumbnailUrl\":\"https:\/\/www.phanaint.com\/wp-content\/uploads\/2019\/08\/snow-mountains-optimizado.jpg\",\"datePublished\":\"2015-07-01T13:35:27+00:00\",\"dateModified\":\"2021-08-26T03:25:43+00:00\",\"description\":\"Phanaint - Generamos Lujo Sustentable con Altos Niveles de Calidad y Desinfecci\u00f3n.\",\"breadcrumb\":{\"@id\":\"https:\/\/www.phanaint.com\/pages\/compromisos\/#breadcrumb\"},\"inLanguage\":\"en-US\",\"potentialAction\":[{\"@type\":\"ReadAction\",\"target\":[\"https:\/\/www.phanaint.com\/pages\/compromisos\/\"]}]},{\"@type\":\"ImageObject\",\"inLanguage\":\"en-US\",\"@id\":\"https:\/\/www.phanaint.com\/pages\/compromisos\/#primaryimage\",\"url\":\"https:\/\/www.phanaint.com\/wp-content\/uploads\/2019\/08\/snow-mountains-optimizado.jpg\",\"contentUrl\":\"https:\/\/www.phanaint.com\/wp-content\/uploads\/2019\/08\/snow-mountains-optimizado.jpg\",\"width\":1280,\"height\":664},{\"@type\":\"BreadcrumbList\",\"@id\":\"https:\/\/www.phanaint.com\/pages\/compromisos\/#breadcrumb\",\"itemListElement\":[{\"@type\":\"ListItem\",\"position\":1,\"name\":\"Inicio\",\"item\":\"https:\/\/www.phanaint.com\/\"},{\"@type\":\"ListItem\",\"position\":2,\"name\":\"Privado: Pages\",\"item\":\"https:\/\/www.phanaint.com\/?page_id=170\"},{\"@type\":\"ListItem\",\"position\":3,\"name\":\"Compromisos\"}]},{\"@type\":\"WebSite\",\"@id\":\"https:\/\/www.phanaint.com\/#website\",\"url\":\"https:\/\/www.phanaint.com\/\",\"name\":\"Phanaint\",\"description\":\"La Opci&oacute;n Natural\",\"publisher\":{\"@id\":\"https:\/\/www.phanaint.com\/#organization\"},\"alternateName\":\"Chemnopal\",\"potentialAction\":[{\"@type\":\"SearchAction\",\"target\":{\"@type\":\"EntryPoint\",\"urlTemplate\":\"https:\/\/www.phanaint.com\/?s={search_term_string}\"},\"query-input\":{\"@type\":\"PropertyValueSpecification\",\"valueRequired\":true,\"valueName\":\"search_term_string\"}}],\"inLanguage\":\"en-US\"},{\"@type\":\"Organization\",\"@id\":\"https:\/\/www.phanaint.com\/#organization\",\"name\":\"Phanaint\",\"url\":\"https:\/\/www.phanaint.com\/\",\"logo\":{\"@type\":\"ImageObject\",\"inLanguage\":\"en-US\",\"@id\":\"https:\/\/www.phanaint.com\/#\/schema\/logo\/image\/\",\"url\":\"https:\/\/www.phanaint.com\/wp-content\/uploads\/2024\/03\/cropped-Logo.png\",\"contentUrl\":\"https:\/\/www.phanaint.com\/wp-content\/uploads\/2024\/03\/cropped-Logo.png\",\"width\":278,\"height\":91,\"caption\":\"Phanaint\"},\"image\":{\"@id\":\"https:\/\/www.phanaint.com\/#\/schema\/logo\/image\/\"},\"sameAs\":[\"http:\/\/www.facebook.com\/phanaint\",\"https:\/\/x.com\/phanaint\",\"https:\/\/www.linkedin.com\/company\/phanaint\",\"https:\/\/www.instagram.com\/phanaint\"],\"description\":\"Estamos comprometidos con la sustentabilidad, y dedicados al desarrollo de tecnolog\u00edas y Productos de Limpieza Ecol\u00f3gicos a nivel industrial y corporativa. Fundada en 1982 en Colombia, y con presencia en M\u00e9xico desde 2005, nuestra empresa tiene m\u00e1s de 30 a\u00f1os de investigaci\u00f3n y experiencia en distintas industrias. Nuestra oferta se caracteriza por ser integral, innovadora y con servicio personalizado de la mayor tecnolog\u00eda en Productos Biodegradables. Nos Diferenciamos e Innovamos en conceptos de mantenimiento y limpieza industrial. Ofrecemos La Opci\u00f3n Natural \u00ae para todas las industrias que busquen los mejores est\u00e1ndares de Calidad y Ecolog\u00eda en sus procesos de limpieza y desinfecci\u00f3n.\",\"email\":\"contacto@phanaint.com\",\"telephone\":\"523380000687\",\"legalName\":\"INDUSTRIA QUIMICA PHANAMERICANA S.A. DE C.V.\",\"foundingDate\":\"2005-08-04\",\"vatID\":\"IQP040805TP0\",\"numberOfEmployees\":{\"@type\":\"QuantitativeValue\",\"minValue\":\"11\",\"maxValue\":\"50\"}}]}<\/script>\n<!-- \/ Yoast SEO Premium plugin. -->","yoast_head_json":{"title":"Compromisos - Phanaint","description":"Phanaint - Generamos Lujo Sustentable con Altos Niveles de Calidad y Desinfecci\u00f3n.","robots":{"index":"index","follow":"follow","max-snippet":"max-snippet:-1","max-image-preview":"max-image-preview:large","max-video-preview":"max-video-preview:-1"},"canonical":"https:\/\/www.phanaint.com\/en\/pages\/compromisos\/","og_locale":"en_US","og_type":"article","og_title":"Phanaint - La Opci\u00f3n Natural Compromisos","og_description":"Generando un Mundo de Ahorros a Nuestros Clientes. La Sustentabilidad a su Alcance.","og_url":"https:\/\/www.phanaint.com\/en\/pages\/compromisos\/","og_site_name":"Phanaint","article_publisher":"http:\/\/www.facebook.com\/phanaint","article_modified_time":"2021-08-26T03:25:43+00:00","og_image":[{"width":1280,"height":664,"url":"https:\/\/i0.wp.com\/www.phanaint.com\/wp-content\/uploads\/2019\/08\/snow-mountains-optimizado.jpg?fit=1280%2C664&ssl=1","type":"image\/jpeg"}],"twitter_card":"summary_large_image","twitter_site":"@phanaint","twitter_misc":{"Est. reading time":"2 minutes"},"schema":{"@context":"https:\/\/schema.org","@graph":[{"@type":"WebPage","@id":"https:\/\/www.phanaint.com\/pages\/compromisos\/","url":"https:\/\/www.phanaint.com\/pages\/compromisos\/","name":"Compromisos - Phanaint","isPartOf":{"@id":"https:\/\/www.phanaint.com\/#website"},"primaryImageOfPage":{"@id":"https:\/\/www.phanaint.com\/pages\/compromisos\/#primaryimage"},"image":{"@id":"https:\/\/www.phanaint.com\/pages\/compromisos\/#primaryimage"},"thumbnailUrl":"https:\/\/www.phanaint.com\/wp-content\/uploads\/2019\/08\/snow-mountains-optimizado.jpg","datePublished":"2015-07-01T13:35:27+00:00","dateModified":"2021-08-26T03:25:43+00:00","description":"Phanaint - Generamos Lujo Sustentable con Altos Niveles de Calidad y Desinfecci\u00f3n.","breadcrumb":{"@id":"https:\/\/www.phanaint.com\/pages\/compromisos\/#breadcrumb"},"inLanguage":"en-US","potentialAction":[{"@type":"ReadAction","target":["https:\/\/www.phanaint.com\/pages\/compromisos\/"]}]},{"@type":"ImageObject","inLanguage":"en-US","@id":"https:\/\/www.phanaint.com\/pages\/compromisos\/#primaryimage","url":"https:\/\/www.phanaint.com\/wp-content\/uploads\/2019\/08\/snow-mountains-optimizado.jpg","contentUrl":"https:\/\/www.phanaint.com\/wp-content\/uploads\/2019\/08\/snow-mountains-optimizado.jpg","width":1280,"height":664},{"@type":"BreadcrumbList","@id":"https:\/\/www.phanaint.com\/pages\/compromisos\/#breadcrumb","itemListElement":[{"@type":"ListItem","position":1,"name":"Inicio","item":"https:\/\/www.phanaint.com\/"},{"@type":"ListItem","position":2,"name":"Privado: Pages","item":"https:\/\/www.phanaint.com\/?page_id=170"},{"@type":"ListItem","position":3,"name":"Compromisos"}]},{"@type":"WebSite","@id":"https:\/\/www.phanaint.com\/#website","url":"https:\/\/www.phanaint.com\/","name":"Phanaint","description":"La Opci&oacute;n Natural","publisher":{"@id":"https:\/\/www.phanaint.com\/#organization"},"alternateName":"Chemnopal","potentialAction":[{"@type":"SearchAction","target":{"@type":"EntryPoint","urlTemplate":"https:\/\/www.phanaint.com\/?s={search_term_string}"},"query-input":{"@type":"PropertyValueSpecification","valueRequired":true,"valueName":"search_term_string"}}],"inLanguage":"en-US"},{"@type":"Organization","@id":"https:\/\/www.phanaint.com\/#organization","name":"Phanaint","url":"https:\/\/www.phanaint.com\/","logo":{"@type":"ImageObject","inLanguage":"en-US","@id":"https:\/\/www.phanaint.com\/#\/schema\/logo\/image\/","url":"https:\/\/www.phanaint.com\/wp-content\/uploads\/2024\/03\/cropped-Logo.png","contentUrl":"https:\/\/www.phanaint.com\/wp-content\/uploads\/2024\/03\/cropped-Logo.png","width":278,"height":91,"caption":"Phanaint"},"image":{"@id":"https:\/\/www.phanaint.com\/#\/schema\/logo\/image\/"},"sameAs":["http:\/\/www.facebook.com\/phanaint","https:\/\/x.com\/phanaint","https:\/\/www.linkedin.com\/company\/phanaint","https:\/\/www.instagram.com\/phanaint"],"description":"Estamos comprometidos con la sustentabilidad, y dedicados al desarrollo de tecnolog\u00edas y Productos de Limpieza Ecol\u00f3gicos a nivel industrial y corporativa. Fundada en 1982 en Colombia, y con presencia en M\u00e9xico desde 2005, nuestra empresa tiene m\u00e1s de 30 a\u00f1os de investigaci\u00f3n y experiencia en distintas industrias. Nuestra oferta se caracteriza por ser integral, innovadora y con servicio personalizado de la mayor tecnolog\u00eda en Productos Biodegradables. Nos Diferenciamos e Innovamos en conceptos de mantenimiento y limpieza industrial. Ofrecemos La Opci\u00f3n Natural \u00ae para todas las industrias que busquen los mejores est\u00e1ndares de Calidad y Ecolog\u00eda en sus procesos de limpieza y desinfecci\u00f3n.","email":"contacto@phanaint.com","telephone":"523380000687","legalName":"INDUSTRIA QUIMICA PHANAMERICANA S.A. DE C.V.","foundingDate":"2005-08-04","vatID":"IQP040805TP0","numberOfEmployees":{"@type":"QuantitativeValue","minValue":"11","maxValue":"50"}}]}},"_links":{"self":[{"href":"https:\/\/www.phanaint.com\/en\/wp-json\/wp\/v2\/pages\/237","targetHints":{"allow":["GET"]}}],"collection":[{"href":"https:\/\/www.phanaint.com\/en\/wp-json\/wp\/v2\/pages"}],"about":[{"href":"https:\/\/www.phanaint.com\/en\/wp-json\/wp\/v2\/types\/page"}],"author":[{"embeddable":true,"href":"https:\/\/www.phanaint.com\/en\/wp-json\/wp\/v2\/users\/1"}],"replies":[{"embeddable":true,"href":"https:\/\/www.phanaint.com\/en\/wp-json\/wp\/v2\/comments?post=237"}],"version-history":[{"count":0,"href":"https:\/\/www.phanaint.com\/en\/wp-json\/wp\/v2\/pages\/237\/revisions"}],"up":[{"embeddable":true,"href":"https:\/\/www.phanaint.com\/en\/wp-json\/wp\/v2\/pages\/170"}],"wp:featuredmedia":[{"embeddable":true,"href":"https:\/\/www.phanaint.com\/en\/wp-json\/wp\/v2\/media\/1840"}],"wp:attachment":[{"href":"https:\/\/www.phanaint.com\/en\/wp-json\/wp\/v2\/media?parent=237"}],"curies":[{"name":"wp","href":"https:\/\/api.w.org\/{rel}","templated":true}]}}