{"id":276,"date":"2015-07-01T15:11:53","date_gmt":"2015-07-01T14:11:53","guid":{"rendered":"http:\/\/tommusrhodus.wpengine.com\/?page_id=276"},"modified":"2019-09-18T01:32:12","modified_gmt":"2019-09-18T01:32:12","slug":"preguntas-frecuentes","status":"publish","type":"page","link":"https:\/\/www.phanaint.com\/en\/preguntas-frecuentes\/","title":{"rendered":"Frequently Asked Questions"},"content":{"rendered":"<div class=\"wpb-content-wrapper\"><section class=\"light-wrapper normal-padding vc_row wpb_row vc_row-fluid light-wrapper normal-padding\"><div class=\"container\"><div class=\"row\"><div class=\"wpb_column vc_column_container col-sm-1\"><div class=\"vc_column-inner\"><div class=\"wpb_wrapper\"><\/div><\/div><\/div><div class=\"wpb_column vc_column_container col-sm-10\"><div class=\"vc_column-inner\"><div class=\"wpb_wrapper\">\n\t<div class=\"wpb_text_column wpb_content_element\" >\n\t\t<div class=\"wpb_wrapper\">\n\t\t\t<h4 class=\"mb16\" style=\"text-align: center;\">Common Questions about Phanaint\u00ae<\/h4>\n<p class=\"lead mb64\" style=\"text-align: center;\">For additional doubts, Twit Us at\u00a0<a href=\"#\">@phanaint<\/a><\/p>\n\n\t\t<\/div>\n\t<\/div>\n<ul class=\"accordion accordion-2\">\n\t\t<li>\n\t\t    <div class=\"title\">\n\t\t        <span>The Electrostatic Laundry System is a machine?<\/span>\n\t\t    <\/div>\n\t\t    <div class=\"content\">\n\t\t        <p>No, it is an Optimization System. <strong>(3P):<\/strong> Products, Processes and Persons.<\/p>\n\n\t\t    <\/div>\n\t\t<\/li>\n\t\n\t\t<li>\n\t\t    <div class=\"title\">\n\t\t        <span>Can you create personalized Solutions according to Industry?<\/span>\n\t\t    <\/div>\n\t\t    <div class=\"content\">\n\t\t        <p>Of course, we generate all sorts of solutions according to your constraints and needs in matters of budget, time, tech requirements, space, volume, distance, quality and security.<\/p>\n\n\t\t    <\/div>\n\t\t<\/li>\n\t\n\t\t<li>\n\t\t    <div class=\"title\">\n\t\t        <span>Can you deliver remote service and assistance?<\/span>\n\t\t    <\/div>\n\t\t    <div class=\"content\">\n\t\t        <p>Yes, by being a Phanaint\u00ae Client you obtain access to our Knowledge Database Q-A, and access to our Tech Assistance Chat to be guided through all the Tech Jargon in order to resolve problems and doubts in daily operation.<\/p>\n\n\t\t    <\/div>\n\t\t<\/li>\n\t\n\t\t<li>\n\t\t    <div class=\"title\">\n\t\t        <span>How are your Clients and Environment benefitted by your service and products?<\/span>\n\t\t    <\/div>\n\t\t    <div class=\"content\">\n\t\t        <\/p>\n<ol>\n<li>We achieved a reduction in Washing Time of 60 minutes average total wash cycle to a 15 minute Wash Cycle. Machines are NOT being used 45 minutes anymore per cycle.<\/li>\n<li>We went from High Water Level to the Lowest Water Level. Besides, we only use water once in the whole Wash Cycle while other Companies use 2x up to 5x more water.<\/li>\n<li>We do not use hot water. There is no need. We have processes that use a lot less to achieve greater results in quality and textile care.<\/li>\n<li>Our products biodegrade 80% in 28 days and the remaining 20% will degrade in the following days.<\/li>\n<li>We remove all salt\/clay\/dust particles embedded in textiles' fibers which allows us to decrease the absorbed water per kilogram of hotel linens, hence, improving dry time, white color, softness and comfort.<\/li>\n<li>We use less chemicals per Liter of Water than any other company in the World. The suspended solids in water decrease dramatically with our chemical solutions.<\/li>\n<li>Our processes promote better water reuse in treatment plants. Recycled water lasts longer with our processes.<\/li>\n<\/ol>\n<p>\n\n\t\t    <\/div>\n\t\t<\/li>\n\t<\/ul><\/div><\/div><\/div><div class=\"wpb_column vc_column_container col-sm-1\"><div class=\"vc_column-inner\"><div class=\"wpb_wrapper\"><\/div><\/div><\/div><\/div><\/div><\/section>\n<\/div>","protected":false},"excerpt":{"rendered":"Preguntas comunes sobre Phanaint\u00ae Para dudas adicionales escr\u00edbenos en Twitter cualquier duda comercial a\u00a0@phanaint \u00bfEl Sistema de Lavado Electrost\u00e1tico es una...","protected":false},"author":1,"featured_media":1821,"parent":0,"menu_order":0,"comment_status":"open","ping_status":"open","template":"","meta":{"_monsterinsights_skip_tracking":false,"_monsterinsights_sitenote_active":false,"_monsterinsights_sitenote_note":"","_monsterinsights_sitenote_category":0,"footnotes":""},"class_list":["post-276","page","type-page","status-publish","has-post-thumbnail","hentry"],"yoast_head":"<!-- This site is optimized with the Yoast SEO Premium plugin v26.6 (Yoast SEO v26.6) - https:\/\/yoast.com\/wordpress\/plugins\/seo\/ -->\n<title>Preguntas Frecuentes - Phanaint<\/title>\n<meta name=\"description\" content=\"Resuelve tus dudas sobre Phanaint\u00ae y el Sistema de Lavado Electrost\u00e1tico: optimizaci\u00f3n 3P, asesor\u00eda remota y procesos que reducen agua y energ\u00eda.\" \/>\n<meta name=\"robots\" content=\"index, follow, max-snippet:-1, max-image-preview:large, max-video-preview:-1\" \/>\n<link rel=\"canonical\" href=\"https:\/\/www.phanaint.com\/en\/preguntas-frecuentes\/\" \/>\n<meta property=\"og:locale\" content=\"en_US\" \/>\n<meta property=\"og:type\" content=\"article\" \/>\n<meta property=\"og:title\" content=\"Phanaint - La Opci\u00f3n Natural Preguntas Frecuentes\" \/>\n<meta property=\"og:description\" content=\"Generando un Mundo de Ahorros a Nuestros Clientes. La Sustentabilidad a su Alcance.\" \/>\n<meta property=\"og:url\" content=\"https:\/\/www.phanaint.com\/en\/preguntas-frecuentes\/\" \/>\n<meta property=\"og:site_name\" content=\"Phanaint\" \/>\n<meta property=\"article:publisher\" content=\"http:\/\/www.facebook.com\/phanaint\" \/>\n<meta property=\"article:modified_time\" content=\"2019-09-18T01:32:12+00:00\" \/>\n<meta property=\"og:image\" content=\"https:\/\/www.phanaint.com\/wp-content\/uploads\/2019\/08\/Sala-de-Juntas-Optimizado-1024px.jpg\" \/>\n\t<meta property=\"og:image:width\" content=\"1024\" \/>\n\t<meta property=\"og:image:height\" content=\"626\" \/>\n\t<meta property=\"og:image:type\" content=\"image\/jpeg\" \/>\n<meta name=\"twitter:card\" content=\"summary_large_image\" \/>\n<meta name=\"twitter:site\" content=\"@phanaint\" \/>\n<meta name=\"twitter:label1\" content=\"Est. reading time\" \/>\n\t<meta name=\"twitter:data1\" content=\"2 minutes\" \/>\n<script type=\"application\/ld+json\" class=\"yoast-schema-graph\">{\"@context\":\"https:\/\/schema.org\",\"@graph\":[{\"@type\":\"WebPage\",\"@id\":\"https:\/\/www.phanaint.com\/preguntas-frecuentes\/\",\"url\":\"https:\/\/www.phanaint.com\/preguntas-frecuentes\/\",\"name\":\"Preguntas Frecuentes - Phanaint\",\"isPartOf\":{\"@id\":\"https:\/\/www.phanaint.com\/#website\"},\"primaryImageOfPage\":{\"@id\":\"https:\/\/www.phanaint.com\/preguntas-frecuentes\/#primaryimage\"},\"image\":{\"@id\":\"https:\/\/www.phanaint.com\/preguntas-frecuentes\/#primaryimage\"},\"thumbnailUrl\":\"https:\/\/www.phanaint.com\/wp-content\/uploads\/2019\/08\/Sala-de-Juntas-Optimizado-1024px.jpg\",\"datePublished\":\"2015-07-01T14:11:53+00:00\",\"dateModified\":\"2019-09-18T01:32:12+00:00\",\"description\":\"Resuelve tus dudas sobre Phanaint\u00ae y el Sistema de Lavado Electrost\u00e1tico: optimizaci\u00f3n 3P, asesor\u00eda remota y procesos que reducen agua y energ\u00eda.\",\"breadcrumb\":{\"@id\":\"https:\/\/www.phanaint.com\/preguntas-frecuentes\/#breadcrumb\"},\"inLanguage\":\"en-US\",\"potentialAction\":[{\"@type\":\"ReadAction\",\"target\":[\"https:\/\/www.phanaint.com\/preguntas-frecuentes\/\"]}]},{\"@type\":\"ImageObject\",\"inLanguage\":\"en-US\",\"@id\":\"https:\/\/www.phanaint.com\/preguntas-frecuentes\/#primaryimage\",\"url\":\"https:\/\/www.phanaint.com\/wp-content\/uploads\/2019\/08\/Sala-de-Juntas-Optimizado-1024px.jpg\",\"contentUrl\":\"https:\/\/www.phanaint.com\/wp-content\/uploads\/2019\/08\/Sala-de-Juntas-Optimizado-1024px.jpg\",\"width\":1024,\"height\":626,\"caption\":\"covid, limpieza sustentable\"},{\"@type\":\"BreadcrumbList\",\"@id\":\"https:\/\/www.phanaint.com\/preguntas-frecuentes\/#breadcrumb\",\"itemListElement\":[{\"@type\":\"ListItem\",\"position\":1,\"name\":\"Inicio\",\"item\":\"https:\/\/www.phanaint.com\/\"},{\"@type\":\"ListItem\",\"position\":2,\"name\":\"Preguntas Frecuentes\"}]},{\"@type\":\"WebSite\",\"@id\":\"https:\/\/www.phanaint.com\/#website\",\"url\":\"https:\/\/www.phanaint.com\/\",\"name\":\"Phanaint\",\"description\":\"La Opci&oacute;n Natural\",\"publisher\":{\"@id\":\"https:\/\/www.phanaint.com\/#organization\"},\"alternateName\":\"Chemnopal\",\"potentialAction\":[{\"@type\":\"SearchAction\",\"target\":{\"@type\":\"EntryPoint\",\"urlTemplate\":\"https:\/\/www.phanaint.com\/?s={search_term_string}\"},\"query-input\":{\"@type\":\"PropertyValueSpecification\",\"valueRequired\":true,\"valueName\":\"search_term_string\"}}],\"inLanguage\":\"en-US\"},{\"@type\":\"Organization\",\"@id\":\"https:\/\/www.phanaint.com\/#organization\",\"name\":\"Phanaint\",\"url\":\"https:\/\/www.phanaint.com\/\",\"logo\":{\"@type\":\"ImageObject\",\"inLanguage\":\"en-US\",\"@id\":\"https:\/\/www.phanaint.com\/#\/schema\/logo\/image\/\",\"url\":\"https:\/\/www.phanaint.com\/wp-content\/uploads\/2024\/03\/cropped-Logo.png\",\"contentUrl\":\"https:\/\/www.phanaint.com\/wp-content\/uploads\/2024\/03\/cropped-Logo.png\",\"width\":278,\"height\":91,\"caption\":\"Phanaint\"},\"image\":{\"@id\":\"https:\/\/www.phanaint.com\/#\/schema\/logo\/image\/\"},\"sameAs\":[\"http:\/\/www.facebook.com\/phanaint\",\"https:\/\/x.com\/phanaint\",\"https:\/\/www.linkedin.com\/company\/phanaint\",\"https:\/\/www.instagram.com\/phanaint\"],\"description\":\"Estamos comprometidos con la sustentabilidad, y dedicados al desarrollo de tecnolog\u00edas y Productos de Limpieza Ecol\u00f3gicos a nivel industrial y corporativa. Fundada en 1982 en Colombia, y con presencia en M\u00e9xico desde 2005, nuestra empresa tiene m\u00e1s de 30 a\u00f1os de investigaci\u00f3n y experiencia en distintas industrias. Nuestra oferta se caracteriza por ser integral, innovadora y con servicio personalizado de la mayor tecnolog\u00eda en Productos Biodegradables. Nos Diferenciamos e Innovamos en conceptos de mantenimiento y limpieza industrial. Ofrecemos La Opci\u00f3n Natural \u00ae para todas las industrias que busquen los mejores est\u00e1ndares de Calidad y Ecolog\u00eda en sus procesos de limpieza y desinfecci\u00f3n.\",\"email\":\"contacto@phanaint.com\",\"telephone\":\"523380000687\",\"legalName\":\"INDUSTRIA QUIMICA PHANAMERICANA S.A. DE C.V.\",\"foundingDate\":\"2005-08-04\",\"vatID\":\"IQP040805TP0\",\"numberOfEmployees\":{\"@type\":\"QuantitativeValue\",\"minValue\":\"11\",\"maxValue\":\"50\"}}]}<\/script>\n<!-- \/ Yoast SEO Premium plugin. -->","yoast_head_json":{"title":"Preguntas Frecuentes - Phanaint","description":"Resuelve tus dudas sobre Phanaint\u00ae y el Sistema de Lavado Electrost\u00e1tico: optimizaci\u00f3n 3P, asesor\u00eda remota y procesos que reducen agua y energ\u00eda.","robots":{"index":"index","follow":"follow","max-snippet":"max-snippet:-1","max-image-preview":"max-image-preview:large","max-video-preview":"max-video-preview:-1"},"canonical":"https:\/\/www.phanaint.com\/en\/preguntas-frecuentes\/","og_locale":"en_US","og_type":"article","og_title":"Phanaint - La Opci\u00f3n Natural Preguntas Frecuentes","og_description":"Generando un Mundo de Ahorros a Nuestros Clientes. La Sustentabilidad a su Alcance.","og_url":"https:\/\/www.phanaint.com\/en\/preguntas-frecuentes\/","og_site_name":"Phanaint","article_publisher":"http:\/\/www.facebook.com\/phanaint","article_modified_time":"2019-09-18T01:32:12+00:00","og_image":[{"width":1024,"height":626,"url":"https:\/\/www.phanaint.com\/wp-content\/uploads\/2019\/08\/Sala-de-Juntas-Optimizado-1024px.jpg","type":"image\/jpeg"}],"twitter_card":"summary_large_image","twitter_site":"@phanaint","twitter_misc":{"Est. reading time":"2 minutes"},"schema":{"@context":"https:\/\/schema.org","@graph":[{"@type":"WebPage","@id":"https:\/\/www.phanaint.com\/preguntas-frecuentes\/","url":"https:\/\/www.phanaint.com\/preguntas-frecuentes\/","name":"Preguntas Frecuentes - Phanaint","isPartOf":{"@id":"https:\/\/www.phanaint.com\/#website"},"primaryImageOfPage":{"@id":"https:\/\/www.phanaint.com\/preguntas-frecuentes\/#primaryimage"},"image":{"@id":"https:\/\/www.phanaint.com\/preguntas-frecuentes\/#primaryimage"},"thumbnailUrl":"https:\/\/www.phanaint.com\/wp-content\/uploads\/2019\/08\/Sala-de-Juntas-Optimizado-1024px.jpg","datePublished":"2015-07-01T14:11:53+00:00","dateModified":"2019-09-18T01:32:12+00:00","description":"Resuelve tus dudas sobre Phanaint\u00ae y el Sistema de Lavado Electrost\u00e1tico: optimizaci\u00f3n 3P, asesor\u00eda remota y procesos que reducen agua y energ\u00eda.","breadcrumb":{"@id":"https:\/\/www.phanaint.com\/preguntas-frecuentes\/#breadcrumb"},"inLanguage":"en-US","potentialAction":[{"@type":"ReadAction","target":["https:\/\/www.phanaint.com\/preguntas-frecuentes\/"]}]},{"@type":"ImageObject","inLanguage":"en-US","@id":"https:\/\/www.phanaint.com\/preguntas-frecuentes\/#primaryimage","url":"https:\/\/www.phanaint.com\/wp-content\/uploads\/2019\/08\/Sala-de-Juntas-Optimizado-1024px.jpg","contentUrl":"https:\/\/www.phanaint.com\/wp-content\/uploads\/2019\/08\/Sala-de-Juntas-Optimizado-1024px.jpg","width":1024,"height":626,"caption":"covid, limpieza sustentable"},{"@type":"BreadcrumbList","@id":"https:\/\/www.phanaint.com\/preguntas-frecuentes\/#breadcrumb","itemListElement":[{"@type":"ListItem","position":1,"name":"Inicio","item":"https:\/\/www.phanaint.com\/"},{"@type":"ListItem","position":2,"name":"Preguntas Frecuentes"}]},{"@type":"WebSite","@id":"https:\/\/www.phanaint.com\/#website","url":"https:\/\/www.phanaint.com\/","name":"Phanaint","description":"La Opci&oacute;n Natural","publisher":{"@id":"https:\/\/www.phanaint.com\/#organization"},"alternateName":"Chemnopal","potentialAction":[{"@type":"SearchAction","target":{"@type":"EntryPoint","urlTemplate":"https:\/\/www.phanaint.com\/?s={search_term_string}"},"query-input":{"@type":"PropertyValueSpecification","valueRequired":true,"valueName":"search_term_string"}}],"inLanguage":"en-US"},{"@type":"Organization","@id":"https:\/\/www.phanaint.com\/#organization","name":"Phanaint","url":"https:\/\/www.phanaint.com\/","logo":{"@type":"ImageObject","inLanguage":"en-US","@id":"https:\/\/www.phanaint.com\/#\/schema\/logo\/image\/","url":"https:\/\/www.phanaint.com\/wp-content\/uploads\/2024\/03\/cropped-Logo.png","contentUrl":"https:\/\/www.phanaint.com\/wp-content\/uploads\/2024\/03\/cropped-Logo.png","width":278,"height":91,"caption":"Phanaint"},"image":{"@id":"https:\/\/www.phanaint.com\/#\/schema\/logo\/image\/"},"sameAs":["http:\/\/www.facebook.com\/phanaint","https:\/\/x.com\/phanaint","https:\/\/www.linkedin.com\/company\/phanaint","https:\/\/www.instagram.com\/phanaint"],"description":"Estamos comprometidos con la sustentabilidad, y dedicados al desarrollo de tecnolog\u00edas y Productos de Limpieza Ecol\u00f3gicos a nivel industrial y corporativa. Fundada en 1982 en Colombia, y con presencia en M\u00e9xico desde 2005, nuestra empresa tiene m\u00e1s de 30 a\u00f1os de investigaci\u00f3n y experiencia en distintas industrias. Nuestra oferta se caracteriza por ser integral, innovadora y con servicio personalizado de la mayor tecnolog\u00eda en Productos Biodegradables. Nos Diferenciamos e Innovamos en conceptos de mantenimiento y limpieza industrial. Ofrecemos La Opci\u00f3n Natural \u00ae para todas las industrias que busquen los mejores est\u00e1ndares de Calidad y Ecolog\u00eda en sus procesos de limpieza y desinfecci\u00f3n.","email":"contacto@phanaint.com","telephone":"523380000687","legalName":"INDUSTRIA QUIMICA PHANAMERICANA S.A. DE C.V.","foundingDate":"2005-08-04","vatID":"IQP040805TP0","numberOfEmployees":{"@type":"QuantitativeValue","minValue":"11","maxValue":"50"}}]}},"_links":{"self":[{"href":"https:\/\/www.phanaint.com\/en\/wp-json\/wp\/v2\/pages\/276","targetHints":{"allow":["GET"]}}],"collection":[{"href":"https:\/\/www.phanaint.com\/en\/wp-json\/wp\/v2\/pages"}],"about":[{"href":"https:\/\/www.phanaint.com\/en\/wp-json\/wp\/v2\/types\/page"}],"author":[{"embeddable":true,"href":"https:\/\/www.phanaint.com\/en\/wp-json\/wp\/v2\/users\/1"}],"replies":[{"embeddable":true,"href":"https:\/\/www.phanaint.com\/en\/wp-json\/wp\/v2\/comments?post=276"}],"version-history":[{"count":0,"href":"https:\/\/www.phanaint.com\/en\/wp-json\/wp\/v2\/pages\/276\/revisions"}],"wp:featuredmedia":[{"embeddable":true,"href":"https:\/\/www.phanaint.com\/en\/wp-json\/wp\/v2\/media\/1821"}],"wp:attachment":[{"href":"https:\/\/www.phanaint.com\/en\/wp-json\/wp\/v2\/media?parent=276"}],"curies":[{"name":"wp","href":"https:\/\/api.w.org\/{rel}","templated":true}]}}