{"id":374,"date":"2020-06-23T16:32:31","date_gmt":"2020-06-23T22:32:31","guid":{"rendered":"http:\/\/tommusrhodus.wpengine.com\/?page_id=374"},"modified":"2024-11-18T20:56:33","modified_gmt":"2024-11-19T02:56:33","slug":"biodetergentes","status":"publish","type":"page","link":"https:\/\/www.phanaint.com\/en\/","title":{"rendered":"Limpieza Sustentable"},"content":{"rendered":"<div class=\"wpb-content-wrapper\"><div class=\"row light-wrapper  light-wrapper normal-padding  light-wrapper normal-padding\"><div class=\"wpb_column vc_column_container col-sm-12\"><div class=\"vc_column-inner\"><div class=\"wpb_wrapper\">\n\t\t\t<section class=\"cover fullscreen image-slider slider-arrow-controls controls-inside parallax hero-header\">\n\t\t\t    <ul class=\"slides\">\n\t\t\t        <li class=\"overlay image-bg\">\n\t\t\t            <div class=\"background-image-holder\">\n\t\t\t                <img loading=\"lazy\" decoding=\"async\" width=\"1024\" height=\"768\" src=\"https:\/\/www.phanaint.com\/wp-content\/uploads\/2019\/08\/frontpage-mountains-sky.jpg\" class=\"background-image\" alt=\"Empresa de Detergentes y Jabones. Limpieza Sustentable\" srcset=\"https:\/\/www.phanaint.com\/wp-content\/uploads\/2019\/08\/frontpage-mountains-sky.jpg 1024w, https:\/\/www.phanaint.com\/wp-content\/uploads\/2019\/08\/frontpage-mountains-sky-300x225.jpg 300w, https:\/\/www.phanaint.com\/wp-content\/uploads\/2019\/08\/frontpage-mountains-sky-768x576.jpg 768w, https:\/\/www.phanaint.com\/wp-content\/uploads\/2019\/08\/frontpage-mountains-sky-600x450.jpg 600w\" sizes=\"auto, (max-width: 1024px) 100vw, 1024px\" \/>\n\t\t\t            <\/div>\n\t\t\t            <div class=\"container v-align-transform\">\n\t\t\t                <div class=\"row\">\n\t\t\t                    <div class=\"col-sm-12 text-center\">\n\t\t\t                        <\/p>\n<h1 class=\"mb16\" style=\"text-align: center;\">Innovative Solutions\u00a0<br class=\"hidden-sm\" \/>of Sustainable Luxury<\/h1>\n<h6 class=\"uppercase mb32\" style=\"text-align: center;\">WE CREATE: ORGANIC CLEANING PRODUCTS FOR A BETTER LIVING\u00ae<\/h6>\n<div class=\"modal-video-container\">\n\t\t\t                            <div class=\"play-button inline\"><\/div>\n\t\t\t                            <div class=\"modal-video\">\n\t\t\t                                <i class=\"ti-close close-iframe\"><\/i>\n\t\t\t                                <iframe loading=\"lazy\" title=\"Sistema de Lavado Electrostatico Phanaint para Hoteleria y Lavanderia Industrial\" src=\"https:\/\/player.vimeo.com\/video\/1030979783?dnt=1&amp;app_id=122963\" width=\"480\" height=\"608\" frameborder=\"0\" allow=\"autoplay; fullscreen; picture-in-picture; clipboard-write; encrypted-media; web-share\" referrerpolicy=\"strict-origin-when-cross-origin\"><\/iframe>\n\t\t\t                            <\/div>\n\t\t\t                        <\/div>\n\t\t\t                    <\/div>\n\t\t\t                <\/div>\n\t\t\t            <\/div>\n\t\t\t        <\/li>\n\t\t\t    <\/ul>\n\t\t\t<\/section>\n\t\t<\/div><\/div><\/div><\/div><section class=\"light-wrapper normal-padding vc_row wpb_row vc_row-fluid light-wrapper normal-padding\"><div class=\"container\"><div class=\"row\"><div class=\"wpb_column vc_column_container col-sm-4\"><div class=\"vc_column-inner\"><div class=\"wpb_wrapper\">\n\t\t\t<div class=\"feature feature-2 filled text-center\">\n\t\t\t\t\n\t\t\t    <div class=\"text-center\">\n\t\t\t        <i class=\"ti-ruler-pencil icon-sm\"><\/i>\n\t\t\t        <h5 class=\"uppercase\">We Improve Processes<\/h5>\n\t\t\t    <\/div>\n\t\t\t    <p>We focus on Reengineering Operating Processes (ROP) in key Business Units in order to generate long lasting competitive advantages for our Clients in Sustainable Cleaning chemicals.<\/p>\n<p class=\"p1\"><span class=\"s1\">To improve progressively our production and efficient consumption of World's resources in order to stop economic growth from depending on environment's degradation and this passes onto our Clients, Employees and Suppliers. <a href=\"https:\/\/www.un.org\/sustainabledevelopment\/es\/economic-growth\/\" target=\"_blank\" rel=\"noopener noreferrer\">Sustained economic growth, inclusive and eco-friendly.<\/a><\/span><\/p>\n<p>\n\n\t\t\t    \n\t\t\t<\/div>\n\t\t<\/div><\/div><\/div><div class=\"wpb_column vc_column_container col-sm-4\"><div class=\"vc_column-inner\"><div class=\"wpb_wrapper\">\n\t\t\t<div class=\"feature feature-2 filled text-center\">\n\t\t\t\t\n\t\t\t    <div class=\"text-center\">\n\t\t\t        <i class=\"ti-gift icon-sm\"><\/i>\n\t\t\t        <h5 class=\"uppercase\">We Improve Products<\/h5>\n\t\t\t    <\/div>\n\t\t\t    <p>Promote creativity and innovation applied to improving results on chemical products used in cleaning of different industries and commercial.<\/p>\n<p>We are congruent with UN's Objective 12 <a href=\"https:\/\/www.un.org\/sustainabledevelopment\/es\/sustainable-consumption-production\/\" target=\"_blank\" rel=\"noopener noreferrer\">Responsible Consumption and Production<\/a>, by <span class=\"s1\">achieving <em>the rational management of ecofriendly chemical products <\/em><\/span><em><span class=\"s1\">and significantly reduce their spread into the atmosphere, water and soil in order to minimize the adverse effects in human health and environment.<\/span><\/em><\/p>\n\n\t\t\t    \n\t\t\t<\/div>\n\t\t<\/div><\/div><\/div><div class=\"wpb_column vc_column_container col-sm-4\"><div class=\"vc_column-inner\"><div class=\"wpb_wrapper\">\n\t\t\t<div class=\"feature feature-2 filled text-center\">\n\t\t\t\t\n\t\t\t    <div class=\"text-center\">\n\t\t\t        <i class=\"ti-bar-chart-alt icon-sm\"><\/i>\n\t\t\t        <h5 class=\"uppercase\">DIMINISH ENVIRONMENTAL IMPACT<\/h5>\n\t\t\t    <\/div>\n\t\t\t    <p>We are capable of decreasing natural resources consumption such as water, propane gas and energy to all-time lows which in turns brings less CO2 emmissions, much less volume of plastics and greater Quality Results.<\/p>\n<p>Fulfilling UN's Objective 13 of <a href=\"https:\/\/www.un.org\/sustainabledevelopment\/es\/climate-change-2\/\" target=\"_blank\" rel=\"noopener noreferrer\">Climate Change Actions<\/a> to achieve a green transition by accelerating the de-carbonization aspects of cleaning while promoting a sustainable and inclusive growth.<\/p>\n\n\t\t\t    \n\t\t\t<\/div>\n\t\t<\/div><\/div><\/div><\/div><\/div><\/section><div class=\"row bg-secondary  bg-secondary normal-padding  bg-secondary normal-padding\"><div class=\"wpb_column vc_column_container col-sm-12\"><div class=\"vc_column-inner\"><div class=\"wpb_wrapper\">\n\t\t\t<section class=\"image-square left\">\n\t\t\t    <div class=\"col-md-6 image\">\n\t\t\t        <div class=\"background-image-holder\">\n\t\t\t            <img loading=\"lazy\" decoding=\"async\" width=\"1277\" height=\"834\" src=\"https:\/\/www.phanaint.com\/wp-content\/uploads\/2019\/08\/Laboratorio-Pruebas-Optimizado.jpg\" class=\"background-image\" alt=\"Biodetergentes para Limpieza Sustentable\" srcset=\"https:\/\/www.phanaint.com\/wp-content\/uploads\/2019\/08\/Laboratorio-Pruebas-Optimizado.jpg 1277w, https:\/\/www.phanaint.com\/wp-content\/uploads\/2019\/08\/Laboratorio-Pruebas-Optimizado-300x196.jpg 300w, https:\/\/www.phanaint.com\/wp-content\/uploads\/2019\/08\/Laboratorio-Pruebas-Optimizado-768x502.jpg 768w, https:\/\/www.phanaint.com\/wp-content\/uploads\/2019\/08\/Laboratorio-Pruebas-Optimizado-1024x669.jpg 1024w, https:\/\/www.phanaint.com\/wp-content\/uploads\/2019\/08\/Laboratorio-Pruebas-Optimizado-600x392.jpg 600w\" sizes=\"auto, (max-width: 1277px) 100vw, 1277px\" \/>\n\t\t\t        <\/div>\n\t\t\t    <\/div>\n\t\t\t    <div class=\"col-md-6 col-md-offset-1 content\">\n\t\t\t        \n\t<div class=\"wpb_text_column wpb_content_element\" >\n\t\t<div class=\"wpb_wrapper\">\n\t\t\t<h3>Build your own business with sustainable processes.<\/h3>\n<p class=\"mb0\">We offer consulting to optimization of products and processes tailored to your business needs.<\/p>\n<p class=\"mb0\">Start communicating to your end-user the Value of Sustainability in your Chain of Operation.<\/p>\n\n\t\t<\/div>\n\t<\/div>\n<div class=\"vc_btn3-container  wpb_animate_when_almost_visible wpb_fadeInDown fadeInDown vc_btn3-inline vc_do_btn\" ><a class=\"vc_general vc_btn3 vc_btn3-size-md vc_btn3-shape-rounded vc_btn3-style-modern vc_btn3-color-grey\" href=\"https:\/\/www.phanaint.com\/en\/hoteleria\/\" title=\"Sustainable Hospitality\">Hotel Industry<\/a><\/div><div class=\"vc_btn3-container  wpb_animate_when_almost_visible wpb_fadeInDown fadeInDown vc_btn3-inline vc_do_btn\" ><a class=\"vc_general vc_btn3 vc_btn3-size-md vc_btn3-shape-rounded vc_btn3-style-modern vc_btn3-color-grey\" href=\"https:\/\/www.phanaint.com\/en\/industria-alimentos\/\" title=\"Industria de Alimentos\">Kitchen and Restaurants<\/a><\/div>\n\t\t\t    <\/div>\n\t\t\t<\/section>\n\t\t<\/div><\/div><\/div><\/div><section class=\"light-wrapper normal-padding vc_row wpb_row vc_row-fluid light-wrapper normal-padding\"><div class=\"container\"><div class=\"row\"><div class=\"wpb_column vc_column_container col-sm-2\"><div class=\"vc_column-inner\"><div class=\"wpb_wrapper\"><\/div><\/div><\/div><div class=\"wpb_column vc_column_container col-sm-8\"><div class=\"vc_column-inner\"><div class=\"wpb_wrapper\">\n\t<div class=\"wpb_text_column wpb_content_element\" >\n\t\t<div class=\"wpb_wrapper\">\n\t\t\t<h3 style=\"text-align: center;\">We build brands from top to bottom to offer the best flexibility in design and execution in chemical ecofriendly solutions<\/h3>\n<p class=\"lead mb0\" style=\"text-align: center;\">Phanaint\u00ae is a comprehensive company with a wide variety of <span style=\"color: #9ad6a6;\"><a style=\"color: #9ad6a6;\" href=\"https:\/\/www.phanaint.com\/en\/turismo-sostenible\/\" target=\"_blank\" rel=\"noopener\">Sustainable Cleaning Solutions<\/a> <\/span>for industry and corporates at a national and international level.<\/p>\n\n\t\t<\/div>\n\t<\/div>\n<div class=\"vc_row wpb_row vc_inner vc_row-fluid\"><div class=\"wpb_column vc_column_container col-sm-6\"><div class=\"vc_column-inner\"><div class=\"wpb_wrapper\">\n\t<div class=\"wpb_text_column wpb_content_element\" >\n\t\t<div class=\"wpb_wrapper\">\n\t\t\t<h2 class=\"large\">+7M<\/h2>\n<p>cubic meters of water saved annually thanks to our Sustainable Cleaning with Bio Detergents.<\/p>\n\n\t\t<\/div>\n\t<\/div>\n<\/div><\/div><\/div><div class=\"wpb_column vc_column_container col-sm-6\"><div class=\"vc_column-inner\"><div class=\"wpb_wrapper\">\n\t<div class=\"wpb_text_column wpb_content_element\" >\n\t\t<div class=\"wpb_wrapper\">\n\t\t\t<h2 class=\"large\">x17<\/h2>\n<p>Increasing productivity in Operation to our Clients annually.<\/p>\n\n\t\t<\/div>\n\t<\/div>\n<\/div><\/div><\/div><\/div><\/div><\/div><\/div><div class=\"wpb_column vc_column_container col-sm-2\"><div class=\"vc_column-inner\"><div class=\"wpb_wrapper\"><\/div><\/div><\/div><\/div><\/div><\/section><div class=\"row bg-secondary  bg-secondary normal-padding  bg-secondary normal-padding\"><div class=\"wpb_column vc_column_container col-sm-12\"><div class=\"vc_column-inner\"><div class=\"wpb_wrapper\">\n\t\t\t<section class=\"image-square right\">\n\t\t\t    <div class=\"col-md-6 image\">\n\t\t\t        <div class=\"background-image-holder\">\n\t\t\t            <img loading=\"lazy\" decoding=\"async\" width=\"1024\" height=\"695\" src=\"https:\/\/www.phanaint.com\/wp-content\/uploads\/2019\/08\/Industria-optimizado.jpg\" class=\"background-image\" alt=\"Industria Sustentable\" srcset=\"https:\/\/www.phanaint.com\/wp-content\/uploads\/2019\/08\/Industria-optimizado.jpg 1024w, https:\/\/www.phanaint.com\/wp-content\/uploads\/2019\/08\/Industria-optimizado-300x204.jpg 300w, https:\/\/www.phanaint.com\/wp-content\/uploads\/2019\/08\/Industria-optimizado-768x521.jpg 768w, https:\/\/www.phanaint.com\/wp-content\/uploads\/2019\/08\/Industria-optimizado-600x407.jpg 600w\" sizes=\"auto, (max-width: 1024px) 100vw, 1024px\" \/>\n\t\t\t        <\/div>\n\t\t\t    <\/div>\n\t\t\t    <div class=\"col-md-6 content\">\n\t\t\t        \n\t<div class=\"wpb_text_column wpb_content_element\" >\n\t\t<div class=\"wpb_wrapper\">\n\t\t\t<h3>Services and Products Tailored to Each Client<\/h3>\n<p class=\"mb0\">We offer Socially Responsible Solutions to real problems. By caring for human resources and strengthening the applied Cleaning Solutions with constant training to employees and partners.<\/p>\n\n\t\t<\/div>\n\t<\/div>\n\n\t\t\t    <\/div>\n\t\t\t<\/section>\n\t\t<\/div><\/div><\/div><\/div><section class=\"image-bg overlay parallax  light-wrapper normal-padding vc_row wpb_row vc_row-fluid light-wrapper normal-padding vc_custom_1565626535692\">\n\t\t\t<div class=\"background-image-holder\">\n\t\t\t    <img decoding=\"async\" alt=\"Background\" class=\"background-image\" src=\"https:\/\/www.phanaint.com\/wp-content\/uploads\/2019\/08\/agua-cristalina-optimizado.jpg?id=1811\" \/>\n\t\t\t<\/div>\n\t\t<div class=\"container\"><div class=\"row\"><div class=\"wpb_column vc_column_container col-sm-2\"><div class=\"vc_column-inner\"><div class=\"wpb_wrapper\"><\/div><\/div><\/div><div class=\"wpb_column vc_column_container col-sm-8\"><div class=\"vc_column-inner\"><div class=\"wpb_wrapper\"><div class=\"vc_row wpb_row vc_inner vc_row-fluid\"><div class=\"wpb_column vc_column_container col-sm-6\"><div class=\"vc_column-inner\"><div class=\"wpb_wrapper\">\n\t<div class=\"wpb_text_column wpb_content_element\" >\n\t\t<div class=\"wpb_wrapper\">\n\t\t\t<h2 class=\"large mb8\" style=\"text-align: center;\">3 Countries<\/h2>\n<h6 class=\"uppercase\" style=\"text-align: center;\">of Selected Clients<\/h6>\n\n\t\t<\/div>\n\t<\/div>\n<\/div><\/div><\/div><div class=\"wpb_column vc_column_container col-sm-6\"><div class=\"vc_column-inner\"><div class=\"wpb_wrapper\">\n\t<div class=\"wpb_text_column wpb_content_element\" >\n\t\t<div class=\"wpb_wrapper\">\n\t\t\t<h2 class=\"large mb8\" style=\"text-align: center;\">Projects<\/h2>\n<h6 class=\"uppercase\" style=\"text-align: center;\">of Sustainable Natural Resources Savings<\/h6>\n\n\t\t<\/div>\n\t<\/div>\n<\/div><\/div><\/div><\/div>\n\t<div class=\"wpb_text_column wpb_content_element\" >\n\t\t<div class=\"wpb_wrapper\">\n\t\t\t<h3 class=\"mb40 mb-xs-24\" style=\"text-align: center;\">Biodegradable Chemical Solutions<br \/>\nfor all Industries<\/h3>\n\n\t\t<\/div>\n\t<\/div>\n<\/div><\/div><\/div><div class=\"wpb_column vc_column_container col-sm-2\"><div class=\"vc_column-inner\"><div class=\"wpb_wrapper\"><\/div><\/div><\/div><\/div><\/div><\/section>\n<\/div>","protected":false},"excerpt":{"rendered":"Soluciones Innovadoras\u00a0de Lujo Sustentable CREAMOS: PRODUCTOS DE LIMPIEZA BIODEGRADABLES PARA UN MEJOR VIVIR\u00ae. Mejoramos Procesos Nos enfocamos en crear Reingenier\u00eda de...","protected":false},"author":1,"featured_media":0,"parent":0,"menu_order":0,"comment_status":"closed","ping_status":"closed","template":"","meta":{"_monsterinsights_skip_tracking":false,"_monsterinsights_sitenote_active":false,"_monsterinsights_sitenote_note":"","_monsterinsights_sitenote_category":0,"footnotes":""},"class_list":["post-374","page","type-page","status-publish","hentry"],"yoast_head":"<!-- This site is optimized with the Yoast SEO Premium plugin v26.6 (Yoast SEO v26.6) - https:\/\/yoast.com\/wordpress\/plugins\/seo\/ -->\n<title>Limpieza Sustentable - Phanaint \u00ae Productos Biodegradables<\/title>\n<meta name=\"description\" content=\"Phanaint \u00ae - Soluciones Innovadoras de Lujo Sustentable para la Limpieza industrial que generan Ventajas Competitivas a nivel global.\" \/>\n<meta name=\"robots\" content=\"index, follow, max-snippet:-1, max-image-preview:large, max-video-preview:-1\" \/>\n<link rel=\"canonical\" href=\"https:\/\/www.phanaint.com\/en\/\" \/>\n<meta property=\"og:locale\" content=\"en_US\" \/>\n<meta property=\"og:type\" content=\"article\" \/>\n<meta property=\"og:title\" content=\"Phanaint - La Opci\u00f3n Natural Limpieza Sustentable\" \/>\n<meta property=\"og:description\" content=\"Generando un Mundo de Ahorros a Nuestros Clientes. La Sustentabilidad a su Alcance.\" \/>\n<meta property=\"og:url\" content=\"https:\/\/www.phanaint.com\/en\/\" \/>\n<meta property=\"og:site_name\" content=\"Phanaint\" \/>\n<meta property=\"article:publisher\" content=\"http:\/\/www.facebook.com\/phanaint\" \/>\n<meta property=\"article:modified_time\" content=\"2024-11-19T02:56:33+00:00\" \/>\n<meta property=\"og:image\" content=\"https:\/\/www.phanaint.com\/wp-content\/uploads\/2019\/08\/circulo-hotel-online-assistance-01.png\" \/>\n\t<meta property=\"og:image:width\" content=\"817\" \/>\n\t<meta property=\"og:image:height\" content=\"817\" \/>\n\t<meta property=\"og:image:type\" content=\"image\/png\" \/>\n<meta name=\"twitter:card\" content=\"summary_large_image\" \/>\n<meta name=\"twitter:site\" content=\"@phanaint\" \/>\n<meta name=\"twitter:label1\" content=\"Est. reading time\" \/>\n\t<meta name=\"twitter:data1\" content=\"3 minutes\" \/>\n<script type=\"application\/ld+json\" class=\"yoast-schema-graph\">{\"@context\":\"https:\/\/schema.org\",\"@graph\":[{\"@type\":\"WebPage\",\"@id\":\"https:\/\/www.phanaint.com\/\",\"url\":\"https:\/\/www.phanaint.com\/\",\"name\":\"Limpieza Sustentable - Phanaint \u00ae Productos Biodegradables\",\"isPartOf\":{\"@id\":\"https:\/\/www.phanaint.com\/#website\"},\"datePublished\":\"2020-06-23T22:32:31+00:00\",\"dateModified\":\"2024-11-19T02:56:33+00:00\",\"description\":\"Phanaint \u00ae - Soluciones Innovadoras de Lujo Sustentable para la Limpieza industrial que generan Ventajas Competitivas a nivel global.\",\"breadcrumb\":{\"@id\":\"https:\/\/www.phanaint.com\/#breadcrumb\"},\"inLanguage\":\"en-US\",\"potentialAction\":[{\"@type\":\"ReadAction\",\"target\":[\"https:\/\/www.phanaint.com\/\"]}]},{\"@type\":\"BreadcrumbList\",\"@id\":\"https:\/\/www.phanaint.com\/#breadcrumb\",\"itemListElement\":[{\"@type\":\"ListItem\",\"position\":1,\"name\":\"Inicio\",\"item\":\"https:\/\/www.phanaint.com\/\"},{\"@type\":\"ListItem\",\"position\":2,\"name\":\"Limpieza Sustentable\"}]},{\"@type\":\"WebSite\",\"@id\":\"https:\/\/www.phanaint.com\/#website\",\"url\":\"https:\/\/www.phanaint.com\/\",\"name\":\"Phanaint\",\"description\":\"La Opci&oacute;n Natural\",\"publisher\":{\"@id\":\"https:\/\/www.phanaint.com\/#organization\"},\"alternateName\":\"Chemnopal\",\"potentialAction\":[{\"@type\":\"SearchAction\",\"target\":{\"@type\":\"EntryPoint\",\"urlTemplate\":\"https:\/\/www.phanaint.com\/?s={search_term_string}\"},\"query-input\":{\"@type\":\"PropertyValueSpecification\",\"valueRequired\":true,\"valueName\":\"search_term_string\"}}],\"inLanguage\":\"en-US\"},{\"@type\":\"Organization\",\"@id\":\"https:\/\/www.phanaint.com\/#organization\",\"name\":\"Phanaint\",\"url\":\"https:\/\/www.phanaint.com\/\",\"logo\":{\"@type\":\"ImageObject\",\"inLanguage\":\"en-US\",\"@id\":\"https:\/\/www.phanaint.com\/#\/schema\/logo\/image\/\",\"url\":\"https:\/\/www.phanaint.com\/wp-content\/uploads\/2024\/03\/cropped-Logo.png\",\"contentUrl\":\"https:\/\/www.phanaint.com\/wp-content\/uploads\/2024\/03\/cropped-Logo.png\",\"width\":278,\"height\":91,\"caption\":\"Phanaint\"},\"image\":{\"@id\":\"https:\/\/www.phanaint.com\/#\/schema\/logo\/image\/\"},\"sameAs\":[\"http:\/\/www.facebook.com\/phanaint\",\"https:\/\/x.com\/phanaint\",\"https:\/\/www.linkedin.com\/company\/phanaint\",\"https:\/\/www.instagram.com\/phanaint\"],\"description\":\"Estamos comprometidos con la sustentabilidad, y dedicados al desarrollo de tecnolog\u00edas y Productos de Limpieza Ecol\u00f3gicos a nivel industrial y corporativa. Fundada en 1982 en Colombia, y con presencia en M\u00e9xico desde 2005, nuestra empresa tiene m\u00e1s de 30 a\u00f1os de investigaci\u00f3n y experiencia en distintas industrias. Nuestra oferta se caracteriza por ser integral, innovadora y con servicio personalizado de la mayor tecnolog\u00eda en Productos Biodegradables. Nos Diferenciamos e Innovamos en conceptos de mantenimiento y limpieza industrial. Ofrecemos La Opci\u00f3n Natural \u00ae para todas las industrias que busquen los mejores est\u00e1ndares de Calidad y Ecolog\u00eda en sus procesos de limpieza y desinfecci\u00f3n.\",\"email\":\"contacto@phanaint.com\",\"telephone\":\"523380000687\",\"legalName\":\"INDUSTRIA QUIMICA PHANAMERICANA S.A. DE C.V.\",\"foundingDate\":\"2005-08-04\",\"vatID\":\"IQP040805TP0\",\"numberOfEmployees\":{\"@type\":\"QuantitativeValue\",\"minValue\":\"11\",\"maxValue\":\"50\"}}]}<\/script>\n<!-- \/ Yoast SEO Premium plugin. -->","yoast_head_json":{"title":"Limpieza Sustentable - Phanaint \u00ae Productos Biodegradables","description":"Phanaint \u00ae - Soluciones Innovadoras de Lujo Sustentable para la Limpieza industrial que generan Ventajas Competitivas a nivel global.","robots":{"index":"index","follow":"follow","max-snippet":"max-snippet:-1","max-image-preview":"max-image-preview:large","max-video-preview":"max-video-preview:-1"},"canonical":"https:\/\/www.phanaint.com\/en\/","og_locale":"en_US","og_type":"article","og_title":"Phanaint - La Opci\u00f3n Natural Limpieza Sustentable","og_description":"Generando un Mundo de Ahorros a Nuestros Clientes. La Sustentabilidad a su Alcance.","og_url":"https:\/\/www.phanaint.com\/en\/","og_site_name":"Phanaint","article_publisher":"http:\/\/www.facebook.com\/phanaint","article_modified_time":"2024-11-19T02:56:33+00:00","og_image":[{"width":817,"height":817,"url":"https:\/\/www.phanaint.com\/wp-content\/uploads\/2019\/08\/circulo-hotel-online-assistance-01.png","type":"image\/png"}],"twitter_card":"summary_large_image","twitter_site":"@phanaint","twitter_misc":{"Est. reading time":"3 minutes"},"schema":{"@context":"https:\/\/schema.org","@graph":[{"@type":"WebPage","@id":"https:\/\/www.phanaint.com\/","url":"https:\/\/www.phanaint.com\/","name":"Limpieza Sustentable - Phanaint \u00ae Productos Biodegradables","isPartOf":{"@id":"https:\/\/www.phanaint.com\/#website"},"datePublished":"2020-06-23T22:32:31+00:00","dateModified":"2024-11-19T02:56:33+00:00","description":"Phanaint \u00ae - Soluciones Innovadoras de Lujo Sustentable para la Limpieza industrial que generan Ventajas Competitivas a nivel global.","breadcrumb":{"@id":"https:\/\/www.phanaint.com\/#breadcrumb"},"inLanguage":"en-US","potentialAction":[{"@type":"ReadAction","target":["https:\/\/www.phanaint.com\/"]}]},{"@type":"BreadcrumbList","@id":"https:\/\/www.phanaint.com\/#breadcrumb","itemListElement":[{"@type":"ListItem","position":1,"name":"Inicio","item":"https:\/\/www.phanaint.com\/"},{"@type":"ListItem","position":2,"name":"Limpieza Sustentable"}]},{"@type":"WebSite","@id":"https:\/\/www.phanaint.com\/#website","url":"https:\/\/www.phanaint.com\/","name":"Phanaint","description":"La Opci&oacute;n Natural","publisher":{"@id":"https:\/\/www.phanaint.com\/#organization"},"alternateName":"Chemnopal","potentialAction":[{"@type":"SearchAction","target":{"@type":"EntryPoint","urlTemplate":"https:\/\/www.phanaint.com\/?s={search_term_string}"},"query-input":{"@type":"PropertyValueSpecification","valueRequired":true,"valueName":"search_term_string"}}],"inLanguage":"en-US"},{"@type":"Organization","@id":"https:\/\/www.phanaint.com\/#organization","name":"Phanaint","url":"https:\/\/www.phanaint.com\/","logo":{"@type":"ImageObject","inLanguage":"en-US","@id":"https:\/\/www.phanaint.com\/#\/schema\/logo\/image\/","url":"https:\/\/www.phanaint.com\/wp-content\/uploads\/2024\/03\/cropped-Logo.png","contentUrl":"https:\/\/www.phanaint.com\/wp-content\/uploads\/2024\/03\/cropped-Logo.png","width":278,"height":91,"caption":"Phanaint"},"image":{"@id":"https:\/\/www.phanaint.com\/#\/schema\/logo\/image\/"},"sameAs":["http:\/\/www.facebook.com\/phanaint","https:\/\/x.com\/phanaint","https:\/\/www.linkedin.com\/company\/phanaint","https:\/\/www.instagram.com\/phanaint"],"description":"Estamos comprometidos con la sustentabilidad, y dedicados al desarrollo de tecnolog\u00edas y Productos de Limpieza Ecol\u00f3gicos a nivel industrial y corporativa. Fundada en 1982 en Colombia, y con presencia en M\u00e9xico desde 2005, nuestra empresa tiene m\u00e1s de 30 a\u00f1os de investigaci\u00f3n y experiencia en distintas industrias. Nuestra oferta se caracteriza por ser integral, innovadora y con servicio personalizado de la mayor tecnolog\u00eda en Productos Biodegradables. Nos Diferenciamos e Innovamos en conceptos de mantenimiento y limpieza industrial. Ofrecemos La Opci\u00f3n Natural \u00ae para todas las industrias que busquen los mejores est\u00e1ndares de Calidad y Ecolog\u00eda en sus procesos de limpieza y desinfecci\u00f3n.","email":"contacto@phanaint.com","telephone":"523380000687","legalName":"INDUSTRIA QUIMICA PHANAMERICANA S.A. DE C.V.","foundingDate":"2005-08-04","vatID":"IQP040805TP0","numberOfEmployees":{"@type":"QuantitativeValue","minValue":"11","maxValue":"50"}}]}},"_links":{"self":[{"href":"https:\/\/www.phanaint.com\/en\/wp-json\/wp\/v2\/pages\/374","targetHints":{"allow":["GET"]}}],"collection":[{"href":"https:\/\/www.phanaint.com\/en\/wp-json\/wp\/v2\/pages"}],"about":[{"href":"https:\/\/www.phanaint.com\/en\/wp-json\/wp\/v2\/types\/page"}],"author":[{"embeddable":true,"href":"https:\/\/www.phanaint.com\/en\/wp-json\/wp\/v2\/users\/1"}],"replies":[{"embeddable":true,"href":"https:\/\/www.phanaint.com\/en\/wp-json\/wp\/v2\/comments?post=374"}],"version-history":[{"count":5,"href":"https:\/\/www.phanaint.com\/en\/wp-json\/wp\/v2\/pages\/374\/revisions"}],"predecessor-version":[{"id":9710,"href":"https:\/\/www.phanaint.com\/en\/wp-json\/wp\/v2\/pages\/374\/revisions\/9710"}],"wp:attachment":[{"href":"https:\/\/www.phanaint.com\/en\/wp-json\/wp\/v2\/media?parent=374"}],"curies":[{"name":"wp","href":"https:\/\/api.w.org\/{rel}","templated":true}]}}