{"id":69,"date":"2015-06-23T13:43:54","date_gmt":"2015-06-23T12:43:54","guid":{"rendered":"http:\/\/tommusrhodus.wpengine.com\/?page_id=69"},"modified":"2024-01-12T18:52:49","modified_gmt":"2024-01-13T00:52:49","slug":"mision-vision","status":"publish","type":"page","link":"https:\/\/www.phanaint.com\/en\/mision-vision\/","title":{"rendered":"Mission and Vision"},"content":{"rendered":"<div class=\"wpb-content-wrapper\"><section class=\"light-wrapper normal-padding vc_row wpb_row vc_row-fluid light-wrapper normal-padding\"><div class=\"container\"><div class=\"row\"><div class=\"wpb_column vc_column_container col-sm-2\"><div class=\"vc_column-inner\"><div class=\"wpb_wrapper\"><\/div><\/div><\/div><div class=\"wpb_column vc_column_container col-sm-8\"><div class=\"vc_column-inner\"><div class=\"wpb_wrapper\">\n\t<div class=\"wpb_text_column wpb_content_element\" >\n\t\t<div class=\"wpb_wrapper\">\n\t\t\t<h4 class=\"uppercase mb80\" style=\"text-align: center;\">Our Present and Future<\/h4>\n\n\t\t<\/div>\n\t<\/div>\n\n\t\t<div class=\"tabbed-content text-tabs text-center\">\n\t\t    <ul class=\"tabs\">\n\t\t        \n\t\t<li>\n\t\t    <div class=\"tab-title\">\n\t\t    \t<i class=\"icon\"><\/i>\n\t\t        <span>Mission<\/span>\n\t\t    <\/div>\n\t\t    <div class=\"tab-content\"><\/p>\n<p style=\"text-align: left;\">Thanks to our commitment with Quality, Ecology and our Teamwork along with the constant process of Creation and Development, we have made it our priority the care for the Environment as an organization and as individuals.<\/p>\n<p style=\"text-align: left;\">Our mission goes beyond a cleaning chemical supplier. We will achieve by 2030 to be <em><strong><a href=\"https:\/\/www.phanaint.com\/en\/\" target=\"_blank\" rel=\"noopener\">the most sustainable company<\/a><\/strong><\/em> in Mexico within our industry in matter of production, service and logistics because we want to be the best natural choice nationally and internationally and offer a customized and integral cleaning system that provides Solutions of Supreme Sustainable Quality.<\/p>\n<p style=\"text-align: left;\">Biodegradable Products for a Better Living\u00ae<br \/>\nKey phrase that identifies us since 1990's in all Latin America.<\/p>\n<p>\n<\/div>\n\t\t<\/li>\n\t\n\t\t<li>\n\t\t    <div class=\"tab-title\">\n\t\t    \t<i class=\"icon\"><\/i>\n\t\t        <span>Vision<\/span>\n\t\t    <\/div>\n\t\t    <div class=\"tab-content\"><\/p>\n<p style=\"text-align: left;\">Always be an innovative company that promotes new technologies to amplify the benefits for our clients and their end users. Thanks to this, we have become leaders of high-level solutions in sustainable cleaning in Latin America.<\/p>\n<p style=\"text-align: left;\">We want to lead the revolution of new sustainable systems, creating a culture more aware of responsibility with the environment.<\/p>\n<p>\n<\/div>\n\t\t<\/li>\n\t\n\t\t    <\/ul>\n\t\t<\/div>\n\t<\/div><\/div><\/div><div class=\"wpb_column vc_column_container col-sm-2\"><div class=\"vc_column-inner\"><div class=\"wpb_wrapper\"><\/div><\/div><\/div><\/div><\/div><\/section>\n<\/div>","protected":false},"excerpt":{"rendered":"Nuestro Presente y Futuro Misi\u00f3n Gracias a nuestro compromiso con la Calidad, Ecolog\u00eda y el Trabajo en Equipo en conjunto con...","protected":false},"author":1,"featured_media":1851,"parent":0,"menu_order":0,"comment_status":"closed","ping_status":"closed","template":"","meta":{"_monsterinsights_skip_tracking":false,"_monsterinsights_sitenote_active":false,"_monsterinsights_sitenote_note":"","_monsterinsights_sitenote_category":0,"footnotes":""},"class_list":["post-69","page","type-page","status-publish","has-post-thumbnail","hentry"],"yoast_head":"<!-- This site is optimized with the Yoast SEO Premium plugin v26.6 (Yoast SEO v26.6) - https:\/\/yoast.com\/wordpress\/plugins\/seo\/ -->\n<title>Misi\u00f3n y Visi\u00f3n - Phanaint<\/title>\n<meta name=\"description\" content=\"Phanaint: conoce nuestra misi\u00f3n y visi\u00f3n de limpieza sustentable con productos biodegradables, innovaci\u00f3n y sistemas integrales para cuidar el medio ambiente.\" \/>\n<meta name=\"robots\" content=\"noindex, follow\" \/>\n<meta property=\"og:locale\" content=\"en_US\" \/>\n<meta property=\"og:type\" content=\"article\" \/>\n<meta property=\"og:title\" content=\"Phanaint - La Opci\u00f3n Natural Misi\u00f3n y Visi\u00f3n\" \/>\n<meta property=\"og:description\" content=\"Generando un Mundo de Ahorros a Nuestros Clientes. La Sustentabilidad a su Alcance.\" \/>\n<meta property=\"og:url\" content=\"https:\/\/www.phanaint.com\/en\/mision-vision\/\" \/>\n<meta property=\"og:site_name\" content=\"Phanaint\" \/>\n<meta property=\"article:publisher\" content=\"http:\/\/www.facebook.com\/phanaint\" \/>\n<meta property=\"article:modified_time\" content=\"2024-01-13T00:52:49+00:00\" \/>\n<meta property=\"og:image\" content=\"https:\/\/www.phanaint.com\/wp-content\/uploads\/2019\/08\/infante-visionario.jpg\" \/>\n\t<meta property=\"og:image:width\" content=\"1024\" \/>\n\t<meta property=\"og:image:height\" content=\"664\" \/>\n\t<meta property=\"og:image:type\" content=\"image\/jpeg\" \/>\n<meta name=\"twitter:card\" content=\"summary_large_image\" \/>\n<meta name=\"twitter:site\" content=\"@phanaint\" \/>\n<meta name=\"twitter:label1\" content=\"Est. reading time\" \/>\n\t<meta name=\"twitter:data1\" content=\"1 minute\" \/>\n<script type=\"application\/ld+json\" class=\"yoast-schema-graph\">{\"@context\":\"https:\/\/schema.org\",\"@graph\":[{\"@type\":\"WebPage\",\"@id\":\"https:\/\/www.phanaint.com\/mision-vision\/\",\"url\":\"https:\/\/www.phanaint.com\/mision-vision\/\",\"name\":\"Misi\u00f3n y Visi\u00f3n - Phanaint\",\"isPartOf\":{\"@id\":\"https:\/\/www.phanaint.com\/#website\"},\"primaryImageOfPage\":{\"@id\":\"https:\/\/www.phanaint.com\/mision-vision\/#primaryimage\"},\"image\":{\"@id\":\"https:\/\/www.phanaint.com\/mision-vision\/#primaryimage\"},\"thumbnailUrl\":\"https:\/\/www.phanaint.com\/wp-content\/uploads\/2019\/08\/infante-visionario.jpg\",\"datePublished\":\"2015-06-23T12:43:54+00:00\",\"dateModified\":\"2024-01-13T00:52:49+00:00\",\"description\":\"Phanaint: conoce nuestra misi\u00f3n y visi\u00f3n de limpieza sustentable con productos biodegradables, innovaci\u00f3n y sistemas integrales para cuidar el medio ambiente.\",\"breadcrumb\":{\"@id\":\"https:\/\/www.phanaint.com\/mision-vision\/#breadcrumb\"},\"inLanguage\":\"en-US\",\"potentialAction\":[{\"@type\":\"ReadAction\",\"target\":[\"https:\/\/www.phanaint.com\/mision-vision\/\"]}]},{\"@type\":\"ImageObject\",\"inLanguage\":\"en-US\",\"@id\":\"https:\/\/www.phanaint.com\/mision-vision\/#primaryimage\",\"url\":\"https:\/\/www.phanaint.com\/wp-content\/uploads\/2019\/08\/infante-visionario.jpg\",\"contentUrl\":\"https:\/\/www.phanaint.com\/wp-content\/uploads\/2019\/08\/infante-visionario.jpg\",\"width\":1024,\"height\":664},{\"@type\":\"BreadcrumbList\",\"@id\":\"https:\/\/www.phanaint.com\/mision-vision\/#breadcrumb\",\"itemListElement\":[{\"@type\":\"ListItem\",\"position\":1,\"name\":\"Inicio\",\"item\":\"https:\/\/www.phanaint.com\/\"},{\"@type\":\"ListItem\",\"position\":2,\"name\":\"Misi\u00f3n y Visi\u00f3n\"}]},{\"@type\":\"WebSite\",\"@id\":\"https:\/\/www.phanaint.com\/#website\",\"url\":\"https:\/\/www.phanaint.com\/\",\"name\":\"Phanaint\",\"description\":\"La Opci&oacute;n Natural\",\"publisher\":{\"@id\":\"https:\/\/www.phanaint.com\/#organization\"},\"alternateName\":\"Chemnopal\",\"potentialAction\":[{\"@type\":\"SearchAction\",\"target\":{\"@type\":\"EntryPoint\",\"urlTemplate\":\"https:\/\/www.phanaint.com\/?s={search_term_string}\"},\"query-input\":{\"@type\":\"PropertyValueSpecification\",\"valueRequired\":true,\"valueName\":\"search_term_string\"}}],\"inLanguage\":\"en-US\"},{\"@type\":\"Organization\",\"@id\":\"https:\/\/www.phanaint.com\/#organization\",\"name\":\"Phanaint\",\"url\":\"https:\/\/www.phanaint.com\/\",\"logo\":{\"@type\":\"ImageObject\",\"inLanguage\":\"en-US\",\"@id\":\"https:\/\/www.phanaint.com\/#\/schema\/logo\/image\/\",\"url\":\"https:\/\/www.phanaint.com\/wp-content\/uploads\/2024\/03\/cropped-Logo.png\",\"contentUrl\":\"https:\/\/www.phanaint.com\/wp-content\/uploads\/2024\/03\/cropped-Logo.png\",\"width\":278,\"height\":91,\"caption\":\"Phanaint\"},\"image\":{\"@id\":\"https:\/\/www.phanaint.com\/#\/schema\/logo\/image\/\"},\"sameAs\":[\"http:\/\/www.facebook.com\/phanaint\",\"https:\/\/x.com\/phanaint\",\"https:\/\/www.linkedin.com\/company\/phanaint\",\"https:\/\/www.instagram.com\/phanaint\"],\"description\":\"Estamos comprometidos con la sustentabilidad, y dedicados al desarrollo de tecnolog\u00edas y Productos de Limpieza Ecol\u00f3gicos a nivel industrial y corporativa. Fundada en 1982 en Colombia, y con presencia en M\u00e9xico desde 2005, nuestra empresa tiene m\u00e1s de 30 a\u00f1os de investigaci\u00f3n y experiencia en distintas industrias. Nuestra oferta se caracteriza por ser integral, innovadora y con servicio personalizado de la mayor tecnolog\u00eda en Productos Biodegradables. Nos Diferenciamos e Innovamos en conceptos de mantenimiento y limpieza industrial. Ofrecemos La Opci\u00f3n Natural \u00ae para todas las industrias que busquen los mejores est\u00e1ndares de Calidad y Ecolog\u00eda en sus procesos de limpieza y desinfecci\u00f3n.\",\"email\":\"contacto@phanaint.com\",\"telephone\":\"523380000687\",\"legalName\":\"INDUSTRIA QUIMICA PHANAMERICANA S.A. DE C.V.\",\"foundingDate\":\"2005-08-04\",\"vatID\":\"IQP040805TP0\",\"numberOfEmployees\":{\"@type\":\"QuantitativeValue\",\"minValue\":\"11\",\"maxValue\":\"50\"}}]}<\/script>\n<!-- \/ Yoast SEO Premium plugin. -->","yoast_head_json":{"title":"Misi\u00f3n y Visi\u00f3n - Phanaint","description":"Phanaint: conoce nuestra misi\u00f3n y visi\u00f3n de limpieza sustentable con productos biodegradables, innovaci\u00f3n y sistemas integrales para cuidar el medio ambiente.","robots":{"index":"noindex","follow":"follow"},"og_locale":"en_US","og_type":"article","og_title":"Phanaint - La Opci\u00f3n Natural Misi\u00f3n y Visi\u00f3n","og_description":"Generando un Mundo de Ahorros a Nuestros Clientes. La Sustentabilidad a su Alcance.","og_url":"https:\/\/www.phanaint.com\/en\/mision-vision\/","og_site_name":"Phanaint","article_publisher":"http:\/\/www.facebook.com\/phanaint","article_modified_time":"2024-01-13T00:52:49+00:00","og_image":[{"width":1024,"height":664,"url":"https:\/\/www.phanaint.com\/wp-content\/uploads\/2019\/08\/infante-visionario.jpg","type":"image\/jpeg"}],"twitter_card":"summary_large_image","twitter_site":"@phanaint","twitter_misc":{"Est. reading time":"1 minute"},"schema":{"@context":"https:\/\/schema.org","@graph":[{"@type":"WebPage","@id":"https:\/\/www.phanaint.com\/mision-vision\/","url":"https:\/\/www.phanaint.com\/mision-vision\/","name":"Misi\u00f3n y Visi\u00f3n - Phanaint","isPartOf":{"@id":"https:\/\/www.phanaint.com\/#website"},"primaryImageOfPage":{"@id":"https:\/\/www.phanaint.com\/mision-vision\/#primaryimage"},"image":{"@id":"https:\/\/www.phanaint.com\/mision-vision\/#primaryimage"},"thumbnailUrl":"https:\/\/www.phanaint.com\/wp-content\/uploads\/2019\/08\/infante-visionario.jpg","datePublished":"2015-06-23T12:43:54+00:00","dateModified":"2024-01-13T00:52:49+00:00","description":"Phanaint: conoce nuestra misi\u00f3n y visi\u00f3n de limpieza sustentable con productos biodegradables, innovaci\u00f3n y sistemas integrales para cuidar el medio ambiente.","breadcrumb":{"@id":"https:\/\/www.phanaint.com\/mision-vision\/#breadcrumb"},"inLanguage":"en-US","potentialAction":[{"@type":"ReadAction","target":["https:\/\/www.phanaint.com\/mision-vision\/"]}]},{"@type":"ImageObject","inLanguage":"en-US","@id":"https:\/\/www.phanaint.com\/mision-vision\/#primaryimage","url":"https:\/\/www.phanaint.com\/wp-content\/uploads\/2019\/08\/infante-visionario.jpg","contentUrl":"https:\/\/www.phanaint.com\/wp-content\/uploads\/2019\/08\/infante-visionario.jpg","width":1024,"height":664},{"@type":"BreadcrumbList","@id":"https:\/\/www.phanaint.com\/mision-vision\/#breadcrumb","itemListElement":[{"@type":"ListItem","position":1,"name":"Inicio","item":"https:\/\/www.phanaint.com\/"},{"@type":"ListItem","position":2,"name":"Misi\u00f3n y Visi\u00f3n"}]},{"@type":"WebSite","@id":"https:\/\/www.phanaint.com\/#website","url":"https:\/\/www.phanaint.com\/","name":"Phanaint","description":"La Opci&oacute;n Natural","publisher":{"@id":"https:\/\/www.phanaint.com\/#organization"},"alternateName":"Chemnopal","potentialAction":[{"@type":"SearchAction","target":{"@type":"EntryPoint","urlTemplate":"https:\/\/www.phanaint.com\/?s={search_term_string}"},"query-input":{"@type":"PropertyValueSpecification","valueRequired":true,"valueName":"search_term_string"}}],"inLanguage":"en-US"},{"@type":"Organization","@id":"https:\/\/www.phanaint.com\/#organization","name":"Phanaint","url":"https:\/\/www.phanaint.com\/","logo":{"@type":"ImageObject","inLanguage":"en-US","@id":"https:\/\/www.phanaint.com\/#\/schema\/logo\/image\/","url":"https:\/\/www.phanaint.com\/wp-content\/uploads\/2024\/03\/cropped-Logo.png","contentUrl":"https:\/\/www.phanaint.com\/wp-content\/uploads\/2024\/03\/cropped-Logo.png","width":278,"height":91,"caption":"Phanaint"},"image":{"@id":"https:\/\/www.phanaint.com\/#\/schema\/logo\/image\/"},"sameAs":["http:\/\/www.facebook.com\/phanaint","https:\/\/x.com\/phanaint","https:\/\/www.linkedin.com\/company\/phanaint","https:\/\/www.instagram.com\/phanaint"],"description":"Estamos comprometidos con la sustentabilidad, y dedicados al desarrollo de tecnolog\u00edas y Productos de Limpieza Ecol\u00f3gicos a nivel industrial y corporativa. Fundada en 1982 en Colombia, y con presencia en M\u00e9xico desde 2005, nuestra empresa tiene m\u00e1s de 30 a\u00f1os de investigaci\u00f3n y experiencia en distintas industrias. Nuestra oferta se caracteriza por ser integral, innovadora y con servicio personalizado de la mayor tecnolog\u00eda en Productos Biodegradables. Nos Diferenciamos e Innovamos en conceptos de mantenimiento y limpieza industrial. Ofrecemos La Opci\u00f3n Natural \u00ae para todas las industrias que busquen los mejores est\u00e1ndares de Calidad y Ecolog\u00eda en sus procesos de limpieza y desinfecci\u00f3n.","email":"contacto@phanaint.com","telephone":"523380000687","legalName":"INDUSTRIA QUIMICA PHANAMERICANA S.A. DE C.V.","foundingDate":"2005-08-04","vatID":"IQP040805TP0","numberOfEmployees":{"@type":"QuantitativeValue","minValue":"11","maxValue":"50"}}]}},"_links":{"self":[{"href":"https:\/\/www.phanaint.com\/en\/wp-json\/wp\/v2\/pages\/69","targetHints":{"allow":["GET"]}}],"collection":[{"href":"https:\/\/www.phanaint.com\/en\/wp-json\/wp\/v2\/pages"}],"about":[{"href":"https:\/\/www.phanaint.com\/en\/wp-json\/wp\/v2\/types\/page"}],"author":[{"embeddable":true,"href":"https:\/\/www.phanaint.com\/en\/wp-json\/wp\/v2\/users\/1"}],"replies":[{"embeddable":true,"href":"https:\/\/www.phanaint.com\/en\/wp-json\/wp\/v2\/comments?post=69"}],"version-history":[{"count":3,"href":"https:\/\/www.phanaint.com\/en\/wp-json\/wp\/v2\/pages\/69\/revisions"}],"predecessor-version":[{"id":9246,"href":"https:\/\/www.phanaint.com\/en\/wp-json\/wp\/v2\/pages\/69\/revisions\/9246"}],"wp:featuredmedia":[{"embeddable":true,"href":"https:\/\/www.phanaint.com\/en\/wp-json\/wp\/v2\/media\/1851"}],"wp:attachment":[{"href":"https:\/\/www.phanaint.com\/en\/wp-json\/wp\/v2\/media?parent=69"}],"curies":[{"name":"wp","href":"https:\/\/api.w.org\/{rel}","templated":true}]}}