{"id":1244,"date":"2015-09-21T14:48:47","date_gmt":"2015-09-21T14:48:47","guid":{"rendered":"https:\/\/foundry.tommusdemos.wpengine.com\/?page_id=1244"},"modified":"2020-06-24T12:44:46","modified_gmt":"2020-06-24T18:44:46","slug":"industria-alimentos","status":"publish","type":"page","link":"https:\/\/www.phanaint.com\/fr\/industria-alimentos\/","title":{"rendered":"Industrie alimentaire"},"content":{"rendered":"<div class=\"wpb-content-wrapper\"><div class=\"row light-wrapper  light-wrapper normal-padding  light-wrapper normal-padding\"><div class=\"wpb_column vc_column_container col-sm-12\"><div class=\"vc_column-inner\"><div class=\"wpb_wrapper\">\n\t\t\t<section class=\"cover fullscreen image-slider slider-all-controls controls-inside parallax hero-header\">\n\t\t\t    <ul class=\"slides\">\n\t\t\t        <li class=\"overlay image-bg\">\n\t\t\t            <div class=\"background-image-holder\">\n\t\t\t                <img loading=\"lazy\" decoding=\"async\" width=\"1024\" height=\"768\" src=\"https:\/\/www.phanaint.com\/wp-content\/uploads\/2019\/09\/Cocina-Blanca.jpg\" class=\"background-image\" alt=\"\" srcset=\"https:\/\/www.phanaint.com\/wp-content\/uploads\/2019\/09\/Cocina-Blanca.jpg 1024w, https:\/\/www.phanaint.com\/wp-content\/uploads\/2019\/09\/Cocina-Blanca-300x225.jpg 300w, https:\/\/www.phanaint.com\/wp-content\/uploads\/2019\/09\/Cocina-Blanca-768x576.jpg 768w, https:\/\/www.phanaint.com\/wp-content\/uploads\/2019\/09\/Cocina-Blanca-600x450.jpg 600w\" sizes=\"auto, (max-width: 1024px) 100vw, 1024px\" \/>\n\t\t\t            <\/div>\n\t\t\t            <div class=\"align-bottom\">\n\t\t\t                <div class=\"row\">\n\t\t\t                    <div class=\"col-md-4 col-sm-6\">\n\t\t\t                        <\/p>\n<h1 class=\"large\">PHANAINT<\/h1>\n<p class=\"lead uppercase fade-half\" style=\"text-align: left;\"><em>Soluciones Hol\u00edsticas para la Industria<\/em><br \/>\n<em>Desinfecci\u00f3n y Limpieza Sustentable<\/em><\/p>\n<p>\n\n\t\t\t                        <hr>\n\t\t\t                        <ul class=\"list-inline social-list mb8\">\n\t\t\t                            <li>\n\t\t\t\t\t      <a href=\"https:\/\/www.facebook.com\/phanaint\" target=\"_blank\">\n\t\t\t\t\t\t      <i class=\"ti-facebook\"><\/i>\n\t\t\t\t\t      <\/a>\n\t\t\t\t\t  <\/li><li>\n\t\t\t\t\t      <a href=\"https:\/\/www.instagram.com\/phanaint\" target=\"_blank\">\n\t\t\t\t\t\t      <i class=\"ti-instagram\"><\/i>\n\t\t\t\t\t      <\/a>\n\t\t\t\t\t  <\/li><li>\n\t\t\t\t\t      <a href=\"https:\/\/www.twitter.com\/phanaint\" target=\"_blank\">\n\t\t\t\t\t\t      <i class=\"ti-twitter\"><\/i>\n\t\t\t\t\t      <\/a>\n\t\t\t\t\t  <\/li><li>\n\t\t\t\t\t      <a href=\"#\" target=\"_blank\">\n\t\t\t\t\t\t      <i class=\"none\"><\/i>\n\t\t\t\t\t      <\/a>\n\t\t\t\t\t  <\/li>\n\t\t\t                        <\/ul>\n\t\t\t                    <\/div>\n\t\t\t                <\/div>\n\t\t\t            <\/div>\n\t\t\t        <\/li>\n\t\t\t    <\/ul>\n\t\t\t<\/section>\n\t\t<\/div><\/div><\/div><\/div><section class=\"bg-primary pt64 pb64 vc_row wpb_row vc_row-fluid bg-primary pt64 pb64\"><div class=\"container\"><div class=\"row\"><div class=\"wpb_column vc_column_container col-sm-12\"><div class=\"vc_column-inner\"><div class=\"wpb_wrapper\">\n\t\t<div class=\"row\">\n\t\t    <div class=\"col-sm-12 text-center\"><h3 class=\"mb0 inline-block p32 p0-xs\">\u00bfBusca asistencia en desinfecci\u00f3n y limpieza para su proyecto?<\/h3> <a class=\"btn btn-lg mb0 mt-xs-24\" href=\"\/fr\/contacto\/\" target=\"_parent\">Pedir Cotizaci\u00f3n<\/a>\n\t\t    <\/div>\n\t\t<\/div>\n\t<\/div><\/div><\/div><\/div><\/div><\/section><section class=\"light-wrapper normal-padding vc_row wpb_row vc_row-fluid light-wrapper normal-padding\"><div class=\"container\"><div class=\"row\"><div class=\"wpb_column vc_column_container col-sm-4\"><div class=\"vc_column-inner\"><div class=\"wpb_wrapper\">\n\t<div class=\"wpb_text_column wpb_content_element\" >\n\t\t<div class=\"wpb_wrapper\">\n\t\t\t<p><img loading=\"lazy\" decoding=\"async\" class=\"aligncenter size-full wp-image-4897\" src=\"https:\/\/www.phanaint.com\/wp-content\/uploads\/2020\/06\/hombre-en-dishwasher-cocina.jpg\" alt=\"Lavaloza con alta desinfecci\u00f3n y sustentabilidad\" width=\"856\" height=\"540\" srcset=\"https:\/\/www.phanaint.com\/wp-content\/uploads\/2020\/06\/hombre-en-dishwasher-cocina.jpg 856w, https:\/\/www.phanaint.com\/wp-content\/uploads\/2020\/06\/hombre-en-dishwasher-cocina-300x189.jpg 300w, https:\/\/www.phanaint.com\/wp-content\/uploads\/2020\/06\/hombre-en-dishwasher-cocina-768x484.jpg 768w, https:\/\/www.phanaint.com\/wp-content\/uploads\/2020\/06\/hombre-en-dishwasher-cocina-600x379.jpg 600w\" sizes=\"auto, (max-width: 856px) 100vw, 856px\" \/><\/p>\n<h5 style=\"text-align: center;\">Lavalozas<\/h5>\n<p>Productos qu\u00edmicos desinfectantes, desengrasantes, removedores de olores, y de sarro para la utilizaci\u00f3n de forma manual o dosificaci\u00f3n autom\u00e1tica en m\u00e1quinas de lavaloza.<\/p>\n\n\t\t<\/div>\n\t<\/div>\n<\/div><\/div><\/div><div class=\"wpb_column vc_column_container col-sm-4\"><div class=\"vc_column-inner\"><div class=\"wpb_wrapper\">\n\t<div class=\"wpb_text_column wpb_content_element\" >\n\t\t<div class=\"wpb_wrapper\">\n\t\t\t<p><img loading=\"lazy\" decoding=\"async\" class=\"aligncenter size-full wp-image-4894\" src=\"https:\/\/www.phanaint.com\/wp-content\/uploads\/2020\/06\/chef-multitasking.jpg\" alt=\"Limpieza de Grasa en Planchas\" width=\"810\" height=\"540\" srcset=\"https:\/\/www.phanaint.com\/wp-content\/uploads\/2020\/06\/chef-multitasking.jpg 810w, https:\/\/www.phanaint.com\/wp-content\/uploads\/2020\/06\/chef-multitasking-300x200.jpg 300w, https:\/\/www.phanaint.com\/wp-content\/uploads\/2020\/06\/chef-multitasking-768x512.jpg 768w, https:\/\/www.phanaint.com\/wp-content\/uploads\/2020\/06\/chef-multitasking-600x400.jpg 600w\" sizes=\"auto, (max-width: 810px) 100vw, 810px\" \/><\/p>\n<h5 style=\"text-align: center;\">Cocina y Planchas<\/h5>\n<p>Productos para la eliminaci\u00f3n manual de capas de grasa acumulada por la operaci\u00f3n de cocinas, en especial, en \u00e1rea de planchas, estufas, campanas de aire, etc.<\/p>\n\n\t\t<\/div>\n\t<\/div>\n<\/div><\/div><\/div><div class=\"wpb_column vc_column_container col-sm-4\"><div class=\"vc_column-inner\"><div class=\"wpb_wrapper\">\n\t<div class=\"wpb_text_column wpb_content_element\" >\n\t\t<div class=\"wpb_wrapper\">\n\t\t\t<p><img loading=\"lazy\" decoding=\"async\" class=\"aligncenter size-full wp-image-4896\" src=\"https:\/\/www.phanaint.com\/wp-content\/uploads\/2020\/06\/hombre-desinfectando-bidones-cerveza.jpg\" alt=\"\" width=\"810\" height=\"540\" srcset=\"https:\/\/www.phanaint.com\/wp-content\/uploads\/2020\/06\/hombre-desinfectando-bidones-cerveza.jpg 810w, https:\/\/www.phanaint.com\/wp-content\/uploads\/2020\/06\/hombre-desinfectando-bidones-cerveza-300x200.jpg 300w, https:\/\/www.phanaint.com\/wp-content\/uploads\/2020\/06\/hombre-desinfectando-bidones-cerveza-768x512.jpg 768w, https:\/\/www.phanaint.com\/wp-content\/uploads\/2020\/06\/hombre-desinfectando-bidones-cerveza-600x400.jpg 600w\" sizes=\"auto, (max-width: 810px) 100vw, 810px\" \/><\/p>\n<h5 style=\"text-align: center;\">Limpieza General<\/h5>\n<p>Productos especializados para la limpieza y desinfecci\u00f3n para el personal y \u00e1reas en cocinas como pisos, mesas, vidrios, lavado de manos, entre otros.<\/p>\n<p>Desarrollamos productos personalizados a las necesidades nuestros clientes.<\/p>\n<p>Cont\u00e1ctenos y proporcione sus requerimientos para otorgarle una cotizaci\u00f3n a su medida.<\/p>\n\n\t\t<\/div>\n\t<\/div>\n<\/div><\/div><\/div><\/div><\/div><\/section><section class=\"light-wrapper normal-padding vc_row wpb_row vc_row-fluid light-wrapper normal-padding\"><div class=\"container\"><div class=\"row\"><div class=\"wpb_column vc_column_container col-sm-12\"><div class=\"vc_column-inner\"><div class=\"wpb_wrapper\"><\/div><\/div><\/div><\/div><\/div><\/section>\n<\/div>","protected":false},"excerpt":{"rendered":"PHANAINT Soluciones Hol\u00edsticas para la Industria Desinfecci\u00f3n y Limpieza Sustentable \u00bfBusca asistencia en desinfecci\u00f3n y limpieza para su proyecto? Pedir Cotizaci\u00f3n...","protected":false},"author":1,"featured_media":0,"parent":0,"menu_order":0,"comment_status":"closed","ping_status":"closed","template":"","meta":{"_monsterinsights_skip_tracking":false,"_monsterinsights_sitenote_active":false,"_monsterinsights_sitenote_note":"","_monsterinsights_sitenote_category":0,"footnotes":""},"class_list":["post-1244","page","type-page","status-publish","hentry"],"yoast_head":"<!-- This site is optimized with the Yoast SEO Premium plugin v26.6 (Yoast SEO v26.6) - https:\/\/yoast.com\/wordpress\/plugins\/seo\/ -->\n<title>Industria Alimenticia - Phanaint<\/title>\n<meta name=\"description\" content=\"Qu\u00edmicos Phanaint para industria alimenticia: desinfectantes y desengrasantes para cocinas, planchas y lavalozas. Limpieza sustentable a medida.\" \/>\n<meta name=\"robots\" content=\"index, follow, max-snippet:-1, max-image-preview:large, max-video-preview:-1\" \/>\n<link rel=\"canonical\" href=\"https:\/\/www.phanaint.com\/fr\/industria-alimentos\/\" \/>\n<meta property=\"og:locale\" content=\"fr_FR\" \/>\n<meta property=\"og:type\" content=\"article\" \/>\n<meta property=\"og:title\" content=\"Phanaint - La Opci\u00f3n Natural Industria Alimenticia\" \/>\n<meta property=\"og:description\" content=\"Generando un Mundo de Ahorros a Nuestros Clientes. La Sustentabilidad a su Alcance.\" \/>\n<meta property=\"og:url\" content=\"https:\/\/www.phanaint.com\/fr\/industria-alimentos\/\" \/>\n<meta property=\"og:site_name\" content=\"Phanaint\" \/>\n<meta property=\"article:publisher\" content=\"http:\/\/www.facebook.com\/phanaint\" \/>\n<meta property=\"article:modified_time\" content=\"2020-06-24T18:44:46+00:00\" \/>\n<meta property=\"og:image\" content=\"https:\/\/www.phanaint.com\/wp-content\/uploads\/2020\/06\/hombre-en-dishwasher-cocina.jpg\" \/>\n<meta name=\"twitter:card\" content=\"summary_large_image\" \/>\n<meta name=\"twitter:site\" content=\"@phanaint\" \/>\n<meta name=\"twitter:label1\" content=\"Dur\u00e9e de lecture estim\u00e9e\" \/>\n\t<meta name=\"twitter:data1\" content=\"1 minute\" \/>\n<script type=\"application\/ld+json\" class=\"yoast-schema-graph\">{\"@context\":\"https:\/\/schema.org\",\"@graph\":[{\"@type\":\"WebPage\",\"@id\":\"https:\/\/www.phanaint.com\/industria-alimentos\/\",\"url\":\"https:\/\/www.phanaint.com\/industria-alimentos\/\",\"name\":\"Industria Alimenticia - Phanaint\",\"isPartOf\":{\"@id\":\"https:\/\/www.phanaint.com\/#website\"},\"primaryImageOfPage\":{\"@id\":\"https:\/\/www.phanaint.com\/industria-alimentos\/#primaryimage\"},\"image\":{\"@id\":\"https:\/\/www.phanaint.com\/industria-alimentos\/#primaryimage\"},\"thumbnailUrl\":\"https:\/\/www.phanaint.com\/wp-content\/uploads\/2020\/06\/hombre-en-dishwasher-cocina.jpg\",\"datePublished\":\"2015-09-21T14:48:47+00:00\",\"dateModified\":\"2020-06-24T18:44:46+00:00\",\"description\":\"Qu\u00edmicos Phanaint para industria alimenticia: desinfectantes y desengrasantes para cocinas, planchas y lavalozas. Limpieza sustentable a medida.\",\"breadcrumb\":{\"@id\":\"https:\/\/www.phanaint.com\/industria-alimentos\/#breadcrumb\"},\"inLanguage\":\"fr-FR\",\"potentialAction\":[{\"@type\":\"ReadAction\",\"target\":[\"https:\/\/www.phanaint.com\/industria-alimentos\/\"]}]},{\"@type\":\"ImageObject\",\"inLanguage\":\"fr-FR\",\"@id\":\"https:\/\/www.phanaint.com\/industria-alimentos\/#primaryimage\",\"url\":\"https:\/\/www.phanaint.com\/wp-content\/uploads\/2020\/06\/hombre-en-dishwasher-cocina.jpg\",\"contentUrl\":\"https:\/\/www.phanaint.com\/wp-content\/uploads\/2020\/06\/hombre-en-dishwasher-cocina.jpg\"},{\"@type\":\"BreadcrumbList\",\"@id\":\"https:\/\/www.phanaint.com\/industria-alimentos\/#breadcrumb\",\"itemListElement\":[{\"@type\":\"ListItem\",\"position\":1,\"name\":\"Inicio\",\"item\":\"https:\/\/www.phanaint.com\/\"},{\"@type\":\"ListItem\",\"position\":2,\"name\":\"Industria Alimenticia\"}]},{\"@type\":\"WebSite\",\"@id\":\"https:\/\/www.phanaint.com\/#website\",\"url\":\"https:\/\/www.phanaint.com\/\",\"name\":\"Phanaint\",\"description\":\"La Opci&oacute;n Natural\",\"publisher\":{\"@id\":\"https:\/\/www.phanaint.com\/#organization\"},\"alternateName\":\"Chemnopal\",\"potentialAction\":[{\"@type\":\"SearchAction\",\"target\":{\"@type\":\"EntryPoint\",\"urlTemplate\":\"https:\/\/www.phanaint.com\/?s={search_term_string}\"},\"query-input\":{\"@type\":\"PropertyValueSpecification\",\"valueRequired\":true,\"valueName\":\"search_term_string\"}}],\"inLanguage\":\"fr-FR\"},{\"@type\":\"Organization\",\"@id\":\"https:\/\/www.phanaint.com\/#organization\",\"name\":\"Phanaint\",\"url\":\"https:\/\/www.phanaint.com\/\",\"logo\":{\"@type\":\"ImageObject\",\"inLanguage\":\"fr-FR\",\"@id\":\"https:\/\/www.phanaint.com\/#\/schema\/logo\/image\/\",\"url\":\"https:\/\/www.phanaint.com\/wp-content\/uploads\/2024\/03\/cropped-Logo.png\",\"contentUrl\":\"https:\/\/www.phanaint.com\/wp-content\/uploads\/2024\/03\/cropped-Logo.png\",\"width\":278,\"height\":91,\"caption\":\"Phanaint\"},\"image\":{\"@id\":\"https:\/\/www.phanaint.com\/#\/schema\/logo\/image\/\"},\"sameAs\":[\"http:\/\/www.facebook.com\/phanaint\",\"https:\/\/x.com\/phanaint\",\"https:\/\/www.linkedin.com\/company\/phanaint\",\"https:\/\/www.instagram.com\/phanaint\"],\"description\":\"Estamos comprometidos con la sustentabilidad, y dedicados al desarrollo de tecnolog\u00edas y Productos de Limpieza Ecol\u00f3gicos a nivel industrial y corporativa. Fundada en 1982 en Colombia, y con presencia en M\u00e9xico desde 2005, nuestra empresa tiene m\u00e1s de 30 a\u00f1os de investigaci\u00f3n y experiencia en distintas industrias. Nuestra oferta se caracteriza por ser integral, innovadora y con servicio personalizado de la mayor tecnolog\u00eda en Productos Biodegradables. Nos Diferenciamos e Innovamos en conceptos de mantenimiento y limpieza industrial. Ofrecemos La Opci\u00f3n Natural \u00ae para todas las industrias que busquen los mejores est\u00e1ndares de Calidad y Ecolog\u00eda en sus procesos de limpieza y desinfecci\u00f3n.\",\"email\":\"contacto@phanaint.com\",\"telephone\":\"523380000687\",\"legalName\":\"INDUSTRIA QUIMICA PHANAMERICANA S.A. DE C.V.\",\"foundingDate\":\"2005-08-04\",\"vatID\":\"IQP040805TP0\",\"numberOfEmployees\":{\"@type\":\"QuantitativeValue\",\"minValue\":\"11\",\"maxValue\":\"50\"}}]}<\/script>\n<!-- \/ Yoast SEO Premium plugin. -->","yoast_head_json":{"title":"Industria Alimenticia - Phanaint","description":"Qu\u00edmicos Phanaint para industria alimenticia: desinfectantes y desengrasantes para cocinas, planchas y lavalozas. Limpieza sustentable a medida.","robots":{"index":"index","follow":"follow","max-snippet":"max-snippet:-1","max-image-preview":"max-image-preview:large","max-video-preview":"max-video-preview:-1"},"canonical":"https:\/\/www.phanaint.com\/fr\/industria-alimentos\/","og_locale":"fr_FR","og_type":"article","og_title":"Phanaint - La Opci\u00f3n Natural Industria Alimenticia","og_description":"Generando un Mundo de Ahorros a Nuestros Clientes. La Sustentabilidad a su Alcance.","og_url":"https:\/\/www.phanaint.com\/fr\/industria-alimentos\/","og_site_name":"Phanaint","article_publisher":"http:\/\/www.facebook.com\/phanaint","article_modified_time":"2020-06-24T18:44:46+00:00","og_image":[{"url":"https:\/\/www.phanaint.com\/wp-content\/uploads\/2020\/06\/hombre-en-dishwasher-cocina.jpg","type":"","width":"","height":""}],"twitter_card":"summary_large_image","twitter_site":"@phanaint","twitter_misc":{"Dur\u00e9e de lecture estim\u00e9e":"1 minute"},"schema":{"@context":"https:\/\/schema.org","@graph":[{"@type":"WebPage","@id":"https:\/\/www.phanaint.com\/industria-alimentos\/","url":"https:\/\/www.phanaint.com\/industria-alimentos\/","name":"Industria Alimenticia - Phanaint","isPartOf":{"@id":"https:\/\/www.phanaint.com\/#website"},"primaryImageOfPage":{"@id":"https:\/\/www.phanaint.com\/industria-alimentos\/#primaryimage"},"image":{"@id":"https:\/\/www.phanaint.com\/industria-alimentos\/#primaryimage"},"thumbnailUrl":"https:\/\/www.phanaint.com\/wp-content\/uploads\/2020\/06\/hombre-en-dishwasher-cocina.jpg","datePublished":"2015-09-21T14:48:47+00:00","dateModified":"2020-06-24T18:44:46+00:00","description":"Qu\u00edmicos Phanaint para industria alimenticia: desinfectantes y desengrasantes para cocinas, planchas y lavalozas. Limpieza sustentable a medida.","breadcrumb":{"@id":"https:\/\/www.phanaint.com\/industria-alimentos\/#breadcrumb"},"inLanguage":"fr-FR","potentialAction":[{"@type":"ReadAction","target":["https:\/\/www.phanaint.com\/industria-alimentos\/"]}]},{"@type":"ImageObject","inLanguage":"fr-FR","@id":"https:\/\/www.phanaint.com\/industria-alimentos\/#primaryimage","url":"https:\/\/www.phanaint.com\/wp-content\/uploads\/2020\/06\/hombre-en-dishwasher-cocina.jpg","contentUrl":"https:\/\/www.phanaint.com\/wp-content\/uploads\/2020\/06\/hombre-en-dishwasher-cocina.jpg"},{"@type":"BreadcrumbList","@id":"https:\/\/www.phanaint.com\/industria-alimentos\/#breadcrumb","itemListElement":[{"@type":"ListItem","position":1,"name":"Inicio","item":"https:\/\/www.phanaint.com\/"},{"@type":"ListItem","position":2,"name":"Industria Alimenticia"}]},{"@type":"WebSite","@id":"https:\/\/www.phanaint.com\/#website","url":"https:\/\/www.phanaint.com\/","name":"Phanaint","description":"La Opci&oacute;n Natural","publisher":{"@id":"https:\/\/www.phanaint.com\/#organization"},"alternateName":"Chemnopal","potentialAction":[{"@type":"SearchAction","target":{"@type":"EntryPoint","urlTemplate":"https:\/\/www.phanaint.com\/?s={search_term_string}"},"query-input":{"@type":"PropertyValueSpecification","valueRequired":true,"valueName":"search_term_string"}}],"inLanguage":"fr-FR"},{"@type":"Organization","@id":"https:\/\/www.phanaint.com\/#organization","name":"Phanaint","url":"https:\/\/www.phanaint.com\/","logo":{"@type":"ImageObject","inLanguage":"fr-FR","@id":"https:\/\/www.phanaint.com\/#\/schema\/logo\/image\/","url":"https:\/\/www.phanaint.com\/wp-content\/uploads\/2024\/03\/cropped-Logo.png","contentUrl":"https:\/\/www.phanaint.com\/wp-content\/uploads\/2024\/03\/cropped-Logo.png","width":278,"height":91,"caption":"Phanaint"},"image":{"@id":"https:\/\/www.phanaint.com\/#\/schema\/logo\/image\/"},"sameAs":["http:\/\/www.facebook.com\/phanaint","https:\/\/x.com\/phanaint","https:\/\/www.linkedin.com\/company\/phanaint","https:\/\/www.instagram.com\/phanaint"],"description":"Estamos comprometidos con la sustentabilidad, y dedicados al desarrollo de tecnolog\u00edas y Productos de Limpieza Ecol\u00f3gicos a nivel industrial y corporativa. Fundada en 1982 en Colombia, y con presencia en M\u00e9xico desde 2005, nuestra empresa tiene m\u00e1s de 30 a\u00f1os de investigaci\u00f3n y experiencia en distintas industrias. Nuestra oferta se caracteriza por ser integral, innovadora y con servicio personalizado de la mayor tecnolog\u00eda en Productos Biodegradables. Nos Diferenciamos e Innovamos en conceptos de mantenimiento y limpieza industrial. Ofrecemos La Opci\u00f3n Natural \u00ae para todas las industrias que busquen los mejores est\u00e1ndares de Calidad y Ecolog\u00eda en sus procesos de limpieza y desinfecci\u00f3n.","email":"contacto@phanaint.com","telephone":"523380000687","legalName":"INDUSTRIA QUIMICA PHANAMERICANA S.A. DE C.V.","foundingDate":"2005-08-04","vatID":"IQP040805TP0","numberOfEmployees":{"@type":"QuantitativeValue","minValue":"11","maxValue":"50"}}]}},"_links":{"self":[{"href":"https:\/\/www.phanaint.com\/fr\/wp-json\/wp\/v2\/pages\/1244","targetHints":{"allow":["GET"]}}],"collection":[{"href":"https:\/\/www.phanaint.com\/fr\/wp-json\/wp\/v2\/pages"}],"about":[{"href":"https:\/\/www.phanaint.com\/fr\/wp-json\/wp\/v2\/types\/page"}],"author":[{"embeddable":true,"href":"https:\/\/www.phanaint.com\/fr\/wp-json\/wp\/v2\/users\/1"}],"replies":[{"embeddable":true,"href":"https:\/\/www.phanaint.com\/fr\/wp-json\/wp\/v2\/comments?post=1244"}],"version-history":[{"count":0,"href":"https:\/\/www.phanaint.com\/fr\/wp-json\/wp\/v2\/pages\/1244\/revisions"}],"wp:attachment":[{"href":"https:\/\/www.phanaint.com\/fr\/wp-json\/wp\/v2\/media?parent=1244"}],"curies":[{"name":"wp","href":"https:\/\/api.w.org\/{rel}","templated":true}]}}