{"id":172,"date":"2015-06-29T15:26:47","date_gmt":"2015-06-29T14:26:47","guid":{"rendered":"http:\/\/tommusrhodus.wpengine.com\/?page_id=172"},"modified":"2021-08-30T22:52:39","modified_gmt":"2021-08-31T04:52:39","slug":"socialmente-responsable-historia","status":"publish","type":"page","link":"https:\/\/www.phanaint.com\/fr\/pages\/socialmente-responsable-historia\/","title":{"rendered":"Histoire"},"content":{"rendered":"<div class=\"wpb-content-wrapper\"><section class=\" team-center light-wrapper pb0 vc_row wpb_row vc_row-fluid team-center light-wrapper pb0\"><div class=\"container \"><div class=\"row \"><div class=\"wpb_column vc_column_container col-sm-6\"><div class=\"vc_column-inner\"><div class=\"wpb_wrapper\"><div class=\"wpb_gallery wpb_content_element vc_clearfix wpb_content_element wpb_animate_when_almost_visible wpb_bounceInUp bounceInUp\" ><div class=\"wpb_wrapper\"><h2 class=\"wpb_heading wpb_gallery_heading\">Socialmente Responsable Desde &#039;82<\/h2><div class=\"wpb_gallery_slides wpb_flexslider flexslider_fade flexslider\" data-interval=\"10\" data-flex_fx=\"fade\"><ul class=\"slides\"><li><a class=\"\" href=\"https:\/\/www.phanaint.com\/wp-content\/uploads\/2021\/08\/pg-12-1024x576.jpg\" data-lightbox=\"lightbox[rel-172-2618660613]\" rel=\"lightbox[172]\"><img loading=\"lazy\" decoding=\"async\" width=\"2400\" height=\"1350\" src=\"https:\/\/www.phanaint.com\/wp-content\/uploads\/2021\/08\/pg-12.jpg\" class=\"attachment-full\" alt=\"jabon neutro\" title=\"pg 12\" srcset=\"https:\/\/www.phanaint.com\/wp-content\/uploads\/2021\/08\/pg-12.jpg 2400w, https:\/\/www.phanaint.com\/wp-content\/uploads\/2021\/08\/pg-12-300x169.jpg 300w, https:\/\/www.phanaint.com\/wp-content\/uploads\/2021\/08\/pg-12-1024x576.jpg 1024w, https:\/\/www.phanaint.com\/wp-content\/uploads\/2021\/08\/pg-12-768x432.jpg 768w, https:\/\/www.phanaint.com\/wp-content\/uploads\/2021\/08\/pg-12-1536x864.jpg 1536w, https:\/\/www.phanaint.com\/wp-content\/uploads\/2021\/08\/pg-12-2048x1152.jpg 2048w, https:\/\/www.phanaint.com\/wp-content\/uploads\/2021\/08\/pg-12-18x10.jpg 18w, https:\/\/www.phanaint.com\/wp-content\/uploads\/2021\/08\/pg-12-600x338.jpg 600w\" sizes=\"auto, (max-width: 2400px) 100vw, 2400px\" \/><\/a><\/li><li><a class=\"\" href=\"https:\/\/www.phanaint.com\/wp-content\/uploads\/2021\/08\/pg-7-1024x576.jpg\" data-lightbox=\"lightbox[rel-172-2618660613]\" rel=\"lightbox[172]\"><img loading=\"lazy\" decoding=\"async\" width=\"2400\" height=\"1350\" src=\"https:\/\/www.phanaint.com\/wp-content\/uploads\/2021\/08\/pg-7.jpg\" class=\"attachment-full\" alt=\"socialmente responsable productos ecologicos\" title=\"productos biodegradables\" srcset=\"https:\/\/www.phanaint.com\/wp-content\/uploads\/2021\/08\/pg-7.jpg 2400w, https:\/\/www.phanaint.com\/wp-content\/uploads\/2021\/08\/pg-7-300x169.jpg 300w, https:\/\/www.phanaint.com\/wp-content\/uploads\/2021\/08\/pg-7-1024x576.jpg 1024w, https:\/\/www.phanaint.com\/wp-content\/uploads\/2021\/08\/pg-7-768x432.jpg 768w, https:\/\/www.phanaint.com\/wp-content\/uploads\/2021\/08\/pg-7-1536x864.jpg 1536w, https:\/\/www.phanaint.com\/wp-content\/uploads\/2021\/08\/pg-7-2048x1152.jpg 2048w, https:\/\/www.phanaint.com\/wp-content\/uploads\/2021\/08\/pg-7-18x10.jpg 18w, https:\/\/www.phanaint.com\/wp-content\/uploads\/2021\/08\/pg-7-600x338.jpg 600w\" sizes=\"auto, (max-width: 2400px) 100vw, 2400px\" \/><\/a><\/li><li><a class=\"\" href=\"https:\/\/www.phanaint.com\/wp-content\/uploads\/2021\/08\/pg-6-1024x576.jpg\" data-lightbox=\"lightbox[rel-172-2618660613]\" rel=\"lightbox[172]\"><img loading=\"lazy\" decoding=\"async\" width=\"2400\" height=\"1350\" src=\"https:\/\/www.phanaint.com\/wp-content\/uploads\/2021\/08\/pg-6.jpg\" class=\"attachment-full\" alt=\"jabon ecologico\" title=\"socialmente responsable\" srcset=\"https:\/\/www.phanaint.com\/wp-content\/uploads\/2021\/08\/pg-6.jpg 2400w, https:\/\/www.phanaint.com\/wp-content\/uploads\/2021\/08\/pg-6-300x169.jpg 300w, https:\/\/www.phanaint.com\/wp-content\/uploads\/2021\/08\/pg-6-1024x576.jpg 1024w, https:\/\/www.phanaint.com\/wp-content\/uploads\/2021\/08\/pg-6-768x432.jpg 768w, https:\/\/www.phanaint.com\/wp-content\/uploads\/2021\/08\/pg-6-1536x864.jpg 1536w, https:\/\/www.phanaint.com\/wp-content\/uploads\/2021\/08\/pg-6-2048x1152.jpg 2048w, https:\/\/www.phanaint.com\/wp-content\/uploads\/2021\/08\/pg-6-18x10.jpg 18w, https:\/\/www.phanaint.com\/wp-content\/uploads\/2021\/08\/pg-6-600x338.jpg 600w\" sizes=\"auto, (max-width: 2400px) 100vw, 2400px\" \/><\/a><\/li><\/ul><\/div><\/div><\/div><\/div><\/div><\/div><div class=\"wpb_column vc_column_container col-sm-6\"><div class=\"vc_column-inner\"><div class=\"wpb_wrapper\"><div class=\"vc_tta-container\" data-vc-action=\"collapse\"><h2>Valores<\/h2><div class=\"vc_general vc_tta vc_tta-tabs vc_tta-color-grey vc_tta-style-classic vc_tta-shape-rounded vc_tta-spacing-1 vc_tta-tabs-position-left vc_tta-controls-align-left \"><div class=\"vc_tta-tabs-container\"><ul class=\"vc_tta-tabs-list\" role=\"tablist\"><li class=\"vc_tta-tab vc_active\" data-vc-tab role=\"presentation\"><a href=\"#1565762006459-221d3557-b5b6\" data-vc-tabs data-vc-container=\".vc_tta\" role=\"tab\" aria-selected=\"false\" id=\"tab-1565762006459-221d3557-b5b6\"><i class=\"vc_tta-icon fa fa-trophy\"><\/i><span class=\"vc_tta-title-text\">Honestidad<\/span><\/a><\/li><li class=\"vc_tta-tab\" data-vc-tab role=\"presentation\"><a href=\"#1565762006503-d22c6965-13f2\" data-vc-tabs data-vc-container=\".vc_tta\" role=\"tab\" aria-selected=\"false\" id=\"tab-1565762006503-d22c6965-13f2\"><i class=\"vc_tta-icon fa fa-clock-o\"><\/i><span class=\"vc_tta-title-text\">Puntualidad<\/span><\/a><\/li><li class=\"vc_tta-tab\" data-vc-tab role=\"presentation\"><a href=\"#1565762406879-90a5bace-2385\" data-vc-tabs data-vc-container=\".vc_tta\" role=\"tab\" aria-selected=\"false\" id=\"tab-1565762406879-90a5bace-2385\"><i class=\"vc_tta-icon fa fa-handshake-o\"><\/i><span class=\"vc_tta-title-text\">Trabajo en Equipo<\/span><\/a><\/li><li class=\"vc_tta-tab\" data-vc-tab role=\"presentation\"><a href=\"#1630381822391-85649bfb-333c\" data-vc-tabs data-vc-container=\".vc_tta\" role=\"tab\" aria-selected=\"false\" id=\"tab-1630381822391-85649bfb-333c\"><i class=\"vc_tta-icon fa fa-tint\"><\/i><span class=\"vc_tta-title-text\">Sustentabilidad<\/span><\/a><\/li><\/ul><\/div><div class=\"vc_tta-panels-container\"><div class=\"vc_tta-panels\"><div class=\"vc_tta-panel vc_active\" id=\"1565762006459-221d3557-b5b6\" data-vc-content=\".vc_tta-panel-body\"><div class=\"vc_tta-panel-heading\"><h4 class=\"vc_tta-panel-title\"><a href=\"#1565762006459-221d3557-b5b6\" data-vc-accordion data-vc-container=\".vc_tta-container\"><i class=\"vc_tta-icon fa fa-trophy\"><\/i><span class=\"vc_tta-title-text\">Honestidad<\/span><\/a><\/h4><\/div><div class=\"vc_tta-panel-body\">\n\t<div class=\"wpb_text_column wpb_content_element\" >\n\t\t<div class=\"wpb_wrapper\">\n\t\t\t<p>Es un valor fundamental para nuestra Empresa socialmente responsable.<\/p>\n<p>Este valor edifica la confianza entre quienes colaboran con Phanaint y, con nuestros empleados, socios, proveedores y clientes.<\/p>\n<p>Este valor impulsa nuestros actos de integridad, rectitud, veracidad y decencia.<\/p>\n\n\t\t<\/div>\n\t<\/div>\n<\/div><\/div><div class=\"vc_tta-panel\" id=\"1565762006503-d22c6965-13f2\" data-vc-content=\".vc_tta-panel-body\"><div class=\"vc_tta-panel-heading\"><h4 class=\"vc_tta-panel-title\"><a href=\"#1565762006503-d22c6965-13f2\" data-vc-accordion data-vc-container=\".vc_tta-container\"><i class=\"vc_tta-icon fa fa-clock-o\"><\/i><span class=\"vc_tta-title-text\">Puntualidad<\/span><\/a><\/h4><\/div><div class=\"vc_tta-panel-body\">\n\t<div class=\"wpb_text_column wpb_content_element\" >\n\t\t<div class=\"wpb_wrapper\">\n\t\t\t<p>Es nuestra mayor disciplina y, forma parte de nuestra cultura y \u00e9tica empresarial sostenible.<\/p>\n<p>Representa nuestra imagen, la de nuestros aliados y la de nuestros empleados.<\/p>\n<p><em><strong>&#8220;La Disciplina tarde o temprano vence la inteligencia&#8221; &#8211; <a href=\"https:\/\/yokoikenjioficial.com\/\" target=\"_blank\" rel=\"noopener\">Y. Kenji<\/a><\/strong><\/em><\/p>\n\n\t\t<\/div>\n\t<\/div>\n<\/div><\/div><div class=\"vc_tta-panel\" id=\"1565762406879-90a5bace-2385\" data-vc-content=\".vc_tta-panel-body\"><div class=\"vc_tta-panel-heading\"><h4 class=\"vc_tta-panel-title\"><a href=\"#1565762406879-90a5bace-2385\" data-vc-accordion data-vc-container=\".vc_tta-container\"><i class=\"vc_tta-icon fa fa-handshake-o\"><\/i><span class=\"vc_tta-title-text\">Trabajo en Equipo<\/span><\/a><\/h4><\/div><div class=\"vc_tta-panel-body\">\n\t<div class=\"wpb_text_column wpb_content_element\" >\n\t\t<div class=\"wpb_wrapper\">\n\t\t\t<p>Nuestro mayor valor es mantener saludable las relaciones humanas y basar nuestros \u00e9xitos en el trabajo en conjunto y triunfos compartidos por todos nuestros asociados.<\/p>\n<p>Nuestra capacidad de trabajar en conjunto por una visi\u00f3n com\u00fan que maximice el beneficio de nuestros clientes, socios, proveedores, sociedad y medio ambiente.<\/p>\n<p><strong>\u00a1La Opci\u00f3n Natural\u00ae y Socialmente Responsable!<\/strong><\/p>\n\n\t\t<\/div>\n\t<\/div>\n<\/div><\/div><div class=\"vc_tta-panel\" id=\"1630381822391-85649bfb-333c\" data-vc-content=\".vc_tta-panel-body\"><div class=\"vc_tta-panel-heading\"><h4 class=\"vc_tta-panel-title\"><a href=\"#1630381822391-85649bfb-333c\" data-vc-accordion data-vc-container=\".vc_tta-container\"><i class=\"vc_tta-icon fa fa-tint\"><\/i><span class=\"vc_tta-title-text\">Sustentabilidad<\/span><\/a><\/h4><\/div><div class=\"vc_tta-panel-body\">\n\t<div class=\"wpb_text_column wpb_content_element\" >\n\t\t<div class=\"wpb_wrapper\">\n\t\t\t<p>Enfocamos nuestros esfuerzos en ideas y acciones que generen impactos positivos en el medio ambiente y sociedades donde trabajamos.<\/p>\n<p>Socialmente Responsables con la Disminuci\u00f3n de los Consumos Energ\u00e9ticos y de Recursos Naturales ocasionados por distintas Industrias. Creamos v\u00ednculos entre los Negocios Rentables y los Modelos Sostenibles de Negocio.<\/p>\n<p>Cada Kilogramo de textiles lavados en Lavander\u00edas Sustentables Phanaint\u00ae equivalen hasta 17 Litros de Agua que se evitaron consumir con Phanaint\u00ae, y diariamente en M\u00e9xico se consumen alrededor de 166 Millones de Litros de agua al d\u00eda con Productos Tradicionales de Procesos Gen\u00e9ricos de lavado.<\/p>\n<p>Nuestro Compromiso es cambiar radicalmente la industria de Lavander\u00edas y Hospitalidad.<\/p>\n\n\t\t<\/div>\n\t<\/div>\n<\/div><\/div><\/div><\/div><\/div><\/div><\/div><\/div><\/div><div class=\"wpb_column vc_column_container col-sm-12\"><div class=\"vc_column-inner\"><div class=\"wpb_wrapper\">\n\t<div class=\"wpb_text_column wpb_content_element\" >\n\t\t<div class=\"wpb_wrapper\">\n\t\t\t<h4 class=\"uppercase\" style=\"text-align: center;\">HISTORIA: CREATIVIDAD &amp; DINAMISMO<\/h4>\n<p style=\"text-align: center;\">Estamos comprometidos con la sustentabilidad, y dedicados al desarrollo de tecnolog\u00edas y <em><strong>Productos de Limpieza Ecol\u00f3gicos<\/strong><\/em> a nivel industrial y corporativa.<\/p>\n<p style=\"text-align: center;\">Fundada en 1982 en Colombia, y con presencia en M\u00e9xico desde 2005, nuestra empresa tiene m\u00e1s de 30 a\u00f1os de investigaci\u00f3n y experiencia en distintas industrias.<\/p>\n<p style=\"text-align: center;\">Nuestra oferta se caracteriza por ser integral, innovadora y con servicio personalizado de la mayor tecnolog\u00eda en <strong><em>Productos Biodegradables<\/em><\/strong>.<\/p>\n<p style=\"text-align: center;\"><strong><em>Nos Diferenciamos e Innovamos<\/em><\/strong> en conceptos de mantenimiento y limpieza industrial.<\/p>\n<p style=\"text-align: center;\"><em><strong>Ofrecemos La Opci\u00f3n Natural<\/strong><\/em> \u00ae para todas las industrias que busquen los mejores est\u00e1ndares de <em><strong>Calidad y Ecolog\u00eda<\/strong> <\/em>en sus procesos de limpieza y desinfecci\u00f3n.<\/p>\n\n\t\t<\/div>\n\t<\/div>\n<div class=\"fb_like wpb_content_element fb_type_standard wpb_content_element wpb_animate_when_almost_visible wpb_bounceIn bounceIn\" ><iframe src=\"https:\/\/www.facebook.com\/plugins\/like.php?href=https:\/\/www.phanaint.com\/fr\/pages\/socialmente-responsable-historia\/&amp;layout=standard&amp;show_faces=false&amp;action=like&amp;colorscheme=light\" scrolling=\"no\" frameborder=\"0\" allowTransparency=\"true\"><\/iframe><\/div><\/div><\/div><\/div><\/div><\/div><\/section>\n<\/div>","protected":false},"excerpt":{"rendered":"Socialmente Responsable Desde &#039;82ValoresHonestidadPuntualidadTrabajo en EquipoSustentabilidadHonestidad Es un valor fundamental para nuestra Empresa socialmente responsable. Este valor edifica la confianza entre...","protected":false},"author":1,"featured_media":1822,"parent":170,"menu_order":0,"comment_status":"closed","ping_status":"closed","template":"","meta":{"_monsterinsights_skip_tracking":false,"_monsterinsights_sitenote_active":false,"_monsterinsights_sitenote_note":"","_monsterinsights_sitenote_category":0,"footnotes":""},"class_list":["post-172","page","type-page","status-publish","has-post-thumbnail","hentry"],"yoast_head":"<!-- This site is optimized with the Yoast SEO Premium plugin v26.6 (Yoast SEO v26.6) - https:\/\/yoast.com\/wordpress\/plugins\/seo\/ -->\n<title>Socialmente Responsable: Nuestra Historia - Phanaint<\/title>\n<meta name=\"description\" content=\"Phanaint - Socialmente Responsables desde 1982, generando empleos de Norte a Sur de Am\u00e9rica con Productos Biodegradables y Diferentes.\" \/>\n<meta name=\"robots\" content=\"index, follow, max-snippet:-1, max-image-preview:large, max-video-preview:-1\" \/>\n<link rel=\"canonical\" href=\"https:\/\/www.phanaint.com\/fr\/pages\/socialmente-responsable-historia\/\" \/>\n<meta property=\"og:locale\" content=\"fr_FR\" \/>\n<meta property=\"og:type\" content=\"article\" \/>\n<meta property=\"og:title\" content=\"Socialmente Responsable: Nuestra Historia\" \/>\n<meta property=\"og:description\" content=\"Phanaint - La Opci\u00f3n Natural\u00ae para Productos de Limpieza Biodegradables y Jab\u00f3n Neutro.\" \/>\n<meta property=\"og:url\" content=\"https:\/\/www.phanaint.com\/fr\/pages\/socialmente-responsable-historia\/\" \/>\n<meta property=\"og:site_name\" content=\"Phanaint\" \/>\n<meta property=\"article:publisher\" content=\"http:\/\/www.facebook.com\/phanaint\" \/>\n<meta property=\"article:modified_time\" content=\"2021-08-31T04:52:39+00:00\" \/>\n<meta property=\"og:image\" content=\"https:\/\/i0.wp.com\/www.phanaint.com\/wp-content\/uploads\/2019\/08\/Sprout-optimizado.jpg?fit=1280%2C799&ssl=1\" \/>\n\t<meta property=\"og:image:width\" content=\"1280\" \/>\n\t<meta property=\"og:image:height\" content=\"799\" \/>\n\t<meta property=\"og:image:type\" content=\"image\/jpeg\" \/>\n<meta name=\"twitter:card\" content=\"summary_large_image\" \/>\n<meta name=\"twitter:title\" content=\"Socialmente Responsable: Nuestra Historia\" \/>\n<meta name=\"twitter:description\" content=\"Phanaint - La Opci\u00f3n Natural\u00ae para Productos de Limpieza Biodegradables y Jab\u00f3n Neutro.\" \/>\n<meta name=\"twitter:site\" content=\"@phanaint\" \/>\n<meta name=\"twitter:label1\" content=\"Dur\u00e9e de lecture estim\u00e9e\" \/>\n\t<meta name=\"twitter:data1\" content=\"2 minutes\" \/>\n<script type=\"application\/ld+json\" class=\"yoast-schema-graph\">{\"@context\":\"https:\/\/schema.org\",\"@graph\":[{\"@type\":[\"WebPage\",\"AboutPage\"],\"@id\":\"https:\/\/www.phanaint.com\/pages\/socialmente-responsable-historia\/\",\"url\":\"https:\/\/www.phanaint.com\/pages\/socialmente-responsable-historia\/\",\"name\":\"Socialmente Responsable: Nuestra Historia - Phanaint\",\"isPartOf\":{\"@id\":\"https:\/\/www.phanaint.com\/#website\"},\"primaryImageOfPage\":{\"@id\":\"https:\/\/www.phanaint.com\/pages\/socialmente-responsable-historia\/#primaryimage\"},\"image\":{\"@id\":\"https:\/\/www.phanaint.com\/pages\/socialmente-responsable-historia\/#primaryimage\"},\"thumbnailUrl\":\"https:\/\/www.phanaint.com\/wp-content\/uploads\/2019\/08\/triunfo-optimizado-1024px.jpg\",\"datePublished\":\"2015-06-29T14:26:47+00:00\",\"dateModified\":\"2021-08-31T04:52:39+00:00\",\"description\":\"Phanaint - Socialmente Responsables desde 1982, generando empleos de Norte a Sur de Am\u00e9rica con Productos Biodegradables y Diferentes.\",\"breadcrumb\":{\"@id\":\"https:\/\/www.phanaint.com\/pages\/socialmente-responsable-historia\/#breadcrumb\"},\"inLanguage\":\"fr-FR\",\"potentialAction\":[{\"@type\":\"ReadAction\",\"target\":[\"https:\/\/www.phanaint.com\/pages\/socialmente-responsable-historia\/\"]}]},{\"@type\":\"ImageObject\",\"inLanguage\":\"fr-FR\",\"@id\":\"https:\/\/www.phanaint.com\/pages\/socialmente-responsable-historia\/#primaryimage\",\"url\":\"https:\/\/www.phanaint.com\/wp-content\/uploads\/2019\/08\/triunfo-optimizado-1024px.jpg\",\"contentUrl\":\"https:\/\/www.phanaint.com\/wp-content\/uploads\/2019\/08\/triunfo-optimizado-1024px.jpg\",\"width\":1024,\"height\":626,\"caption\":\"socialmente responsable\"},{\"@type\":\"BreadcrumbList\",\"@id\":\"https:\/\/www.phanaint.com\/pages\/socialmente-responsable-historia\/#breadcrumb\",\"itemListElement\":[{\"@type\":\"ListItem\",\"position\":1,\"name\":\"Inicio\",\"item\":\"https:\/\/www.phanaint.com\/\"},{\"@type\":\"ListItem\",\"position\":2,\"name\":\"Privado: Pages\",\"item\":\"https:\/\/www.phanaint.com\/?page_id=170\"},{\"@type\":\"ListItem\",\"position\":3,\"name\":\"Historia\"}]},{\"@type\":\"WebSite\",\"@id\":\"https:\/\/www.phanaint.com\/#website\",\"url\":\"https:\/\/www.phanaint.com\/\",\"name\":\"Phanaint\",\"description\":\"La Opci&oacute;n Natural\",\"publisher\":{\"@id\":\"https:\/\/www.phanaint.com\/#organization\"},\"alternateName\":\"Chemnopal\",\"potentialAction\":[{\"@type\":\"SearchAction\",\"target\":{\"@type\":\"EntryPoint\",\"urlTemplate\":\"https:\/\/www.phanaint.com\/?s={search_term_string}\"},\"query-input\":{\"@type\":\"PropertyValueSpecification\",\"valueRequired\":true,\"valueName\":\"search_term_string\"}}],\"inLanguage\":\"fr-FR\"},{\"@type\":\"Organization\",\"@id\":\"https:\/\/www.phanaint.com\/#organization\",\"name\":\"Phanaint\",\"url\":\"https:\/\/www.phanaint.com\/\",\"logo\":{\"@type\":\"ImageObject\",\"inLanguage\":\"fr-FR\",\"@id\":\"https:\/\/www.phanaint.com\/#\/schema\/logo\/image\/\",\"url\":\"https:\/\/www.phanaint.com\/wp-content\/uploads\/2024\/03\/cropped-Logo.png\",\"contentUrl\":\"https:\/\/www.phanaint.com\/wp-content\/uploads\/2024\/03\/cropped-Logo.png\",\"width\":278,\"height\":91,\"caption\":\"Phanaint\"},\"image\":{\"@id\":\"https:\/\/www.phanaint.com\/#\/schema\/logo\/image\/\"},\"sameAs\":[\"http:\/\/www.facebook.com\/phanaint\",\"https:\/\/x.com\/phanaint\",\"https:\/\/www.linkedin.com\/company\/phanaint\",\"https:\/\/www.instagram.com\/phanaint\"],\"description\":\"Estamos comprometidos con la sustentabilidad, y dedicados al desarrollo de tecnolog\u00edas y Productos de Limpieza Ecol\u00f3gicos a nivel industrial y corporativa. Fundada en 1982 en Colombia, y con presencia en M\u00e9xico desde 2005, nuestra empresa tiene m\u00e1s de 30 a\u00f1os de investigaci\u00f3n y experiencia en distintas industrias. Nuestra oferta se caracteriza por ser integral, innovadora y con servicio personalizado de la mayor tecnolog\u00eda en Productos Biodegradables. Nos Diferenciamos e Innovamos en conceptos de mantenimiento y limpieza industrial. Ofrecemos La Opci\u00f3n Natural \u00ae para todas las industrias que busquen los mejores est\u00e1ndares de Calidad y Ecolog\u00eda en sus procesos de limpieza y desinfecci\u00f3n.\",\"email\":\"contacto@phanaint.com\",\"telephone\":\"523380000687\",\"legalName\":\"INDUSTRIA QUIMICA PHANAMERICANA S.A. DE C.V.\",\"foundingDate\":\"2005-08-04\",\"vatID\":\"IQP040805TP0\",\"numberOfEmployees\":{\"@type\":\"QuantitativeValue\",\"minValue\":\"11\",\"maxValue\":\"50\"}}]}<\/script>\n<!-- \/ Yoast SEO Premium plugin. -->","yoast_head_json":{"title":"Socialmente Responsable: Nuestra Historia - Phanaint","description":"Phanaint - Socialmente Responsables desde 1982, generando empleos de Norte a Sur de Am\u00e9rica con Productos Biodegradables y Diferentes.","robots":{"index":"index","follow":"follow","max-snippet":"max-snippet:-1","max-image-preview":"max-image-preview:large","max-video-preview":"max-video-preview:-1"},"canonical":"https:\/\/www.phanaint.com\/fr\/pages\/socialmente-responsable-historia\/","og_locale":"fr_FR","og_type":"article","og_title":"Socialmente Responsable: Nuestra Historia","og_description":"Phanaint - La Opci\u00f3n Natural\u00ae para Productos de Limpieza Biodegradables y Jab\u00f3n Neutro.","og_url":"https:\/\/www.phanaint.com\/fr\/pages\/socialmente-responsable-historia\/","og_site_name":"Phanaint","article_publisher":"http:\/\/www.facebook.com\/phanaint","article_modified_time":"2021-08-31T04:52:39+00:00","og_image":[{"width":1280,"height":799,"url":"https:\/\/i0.wp.com\/www.phanaint.com\/wp-content\/uploads\/2019\/08\/Sprout-optimizado.jpg?fit=1280%2C799&ssl=1","type":"image\/jpeg"}],"twitter_card":"summary_large_image","twitter_title":"Socialmente Responsable: Nuestra Historia","twitter_description":"Phanaint - La Opci\u00f3n Natural\u00ae para Productos de Limpieza Biodegradables y Jab\u00f3n Neutro.","twitter_site":"@phanaint","twitter_misc":{"Dur\u00e9e de lecture estim\u00e9e":"2 minutes"},"schema":{"@context":"https:\/\/schema.org","@graph":[{"@type":["WebPage","AboutPage"],"@id":"https:\/\/www.phanaint.com\/pages\/socialmente-responsable-historia\/","url":"https:\/\/www.phanaint.com\/pages\/socialmente-responsable-historia\/","name":"Socialmente Responsable: Nuestra Historia - Phanaint","isPartOf":{"@id":"https:\/\/www.phanaint.com\/#website"},"primaryImageOfPage":{"@id":"https:\/\/www.phanaint.com\/pages\/socialmente-responsable-historia\/#primaryimage"},"image":{"@id":"https:\/\/www.phanaint.com\/pages\/socialmente-responsable-historia\/#primaryimage"},"thumbnailUrl":"https:\/\/www.phanaint.com\/wp-content\/uploads\/2019\/08\/triunfo-optimizado-1024px.jpg","datePublished":"2015-06-29T14:26:47+00:00","dateModified":"2021-08-31T04:52:39+00:00","description":"Phanaint - Socialmente Responsables desde 1982, generando empleos de Norte a Sur de Am\u00e9rica con Productos Biodegradables y Diferentes.","breadcrumb":{"@id":"https:\/\/www.phanaint.com\/pages\/socialmente-responsable-historia\/#breadcrumb"},"inLanguage":"fr-FR","potentialAction":[{"@type":"ReadAction","target":["https:\/\/www.phanaint.com\/pages\/socialmente-responsable-historia\/"]}]},{"@type":"ImageObject","inLanguage":"fr-FR","@id":"https:\/\/www.phanaint.com\/pages\/socialmente-responsable-historia\/#primaryimage","url":"https:\/\/www.phanaint.com\/wp-content\/uploads\/2019\/08\/triunfo-optimizado-1024px.jpg","contentUrl":"https:\/\/www.phanaint.com\/wp-content\/uploads\/2019\/08\/triunfo-optimizado-1024px.jpg","width":1024,"height":626,"caption":"socialmente responsable"},{"@type":"BreadcrumbList","@id":"https:\/\/www.phanaint.com\/pages\/socialmente-responsable-historia\/#breadcrumb","itemListElement":[{"@type":"ListItem","position":1,"name":"Inicio","item":"https:\/\/www.phanaint.com\/"},{"@type":"ListItem","position":2,"name":"Privado: Pages","item":"https:\/\/www.phanaint.com\/?page_id=170"},{"@type":"ListItem","position":3,"name":"Historia"}]},{"@type":"WebSite","@id":"https:\/\/www.phanaint.com\/#website","url":"https:\/\/www.phanaint.com\/","name":"Phanaint","description":"La Opci&oacute;n Natural","publisher":{"@id":"https:\/\/www.phanaint.com\/#organization"},"alternateName":"Chemnopal","potentialAction":[{"@type":"SearchAction","target":{"@type":"EntryPoint","urlTemplate":"https:\/\/www.phanaint.com\/?s={search_term_string}"},"query-input":{"@type":"PropertyValueSpecification","valueRequired":true,"valueName":"search_term_string"}}],"inLanguage":"fr-FR"},{"@type":"Organization","@id":"https:\/\/www.phanaint.com\/#organization","name":"Phanaint","url":"https:\/\/www.phanaint.com\/","logo":{"@type":"ImageObject","inLanguage":"fr-FR","@id":"https:\/\/www.phanaint.com\/#\/schema\/logo\/image\/","url":"https:\/\/www.phanaint.com\/wp-content\/uploads\/2024\/03\/cropped-Logo.png","contentUrl":"https:\/\/www.phanaint.com\/wp-content\/uploads\/2024\/03\/cropped-Logo.png","width":278,"height":91,"caption":"Phanaint"},"image":{"@id":"https:\/\/www.phanaint.com\/#\/schema\/logo\/image\/"},"sameAs":["http:\/\/www.facebook.com\/phanaint","https:\/\/x.com\/phanaint","https:\/\/www.linkedin.com\/company\/phanaint","https:\/\/www.instagram.com\/phanaint"],"description":"Estamos comprometidos con la sustentabilidad, y dedicados al desarrollo de tecnolog\u00edas y Productos de Limpieza Ecol\u00f3gicos a nivel industrial y corporativa. Fundada en 1982 en Colombia, y con presencia en M\u00e9xico desde 2005, nuestra empresa tiene m\u00e1s de 30 a\u00f1os de investigaci\u00f3n y experiencia en distintas industrias. Nuestra oferta se caracteriza por ser integral, innovadora y con servicio personalizado de la mayor tecnolog\u00eda en Productos Biodegradables. Nos Diferenciamos e Innovamos en conceptos de mantenimiento y limpieza industrial. Ofrecemos La Opci\u00f3n Natural \u00ae para todas las industrias que busquen los mejores est\u00e1ndares de Calidad y Ecolog\u00eda en sus procesos de limpieza y desinfecci\u00f3n.","email":"contacto@phanaint.com","telephone":"523380000687","legalName":"INDUSTRIA QUIMICA PHANAMERICANA S.A. DE C.V.","foundingDate":"2005-08-04","vatID":"IQP040805TP0","numberOfEmployees":{"@type":"QuantitativeValue","minValue":"11","maxValue":"50"}}]}},"_links":{"self":[{"href":"https:\/\/www.phanaint.com\/fr\/wp-json\/wp\/v2\/pages\/172","targetHints":{"allow":["GET"]}}],"collection":[{"href":"https:\/\/www.phanaint.com\/fr\/wp-json\/wp\/v2\/pages"}],"about":[{"href":"https:\/\/www.phanaint.com\/fr\/wp-json\/wp\/v2\/types\/page"}],"author":[{"embeddable":true,"href":"https:\/\/www.phanaint.com\/fr\/wp-json\/wp\/v2\/users\/1"}],"replies":[{"embeddable":true,"href":"https:\/\/www.phanaint.com\/fr\/wp-json\/wp\/v2\/comments?post=172"}],"version-history":[{"count":4,"href":"https:\/\/www.phanaint.com\/fr\/wp-json\/wp\/v2\/pages\/172\/revisions"}],"predecessor-version":[{"id":5156,"href":"https:\/\/www.phanaint.com\/fr\/wp-json\/wp\/v2\/pages\/172\/revisions\/5156"}],"up":[{"embeddable":true,"href":"https:\/\/www.phanaint.com\/fr\/wp-json\/wp\/v2\/pages\/170"}],"wp:featuredmedia":[{"embeddable":true,"href":"https:\/\/www.phanaint.com\/fr\/wp-json\/wp\/v2\/media\/1822"}],"wp:attachment":[{"href":"https:\/\/www.phanaint.com\/fr\/wp-json\/wp\/v2\/media?parent=172"}],"curies":[{"name":"wp","href":"https:\/\/api.w.org\/{rel}","templated":true}]}}