{"id":295,"date":"2015-07-02T10:11:46","date_gmt":"2015-07-02T09:11:46","guid":{"rendered":"http:\/\/tommusrhodus.wpengine.com\/?page_id=295"},"modified":"2024-03-18T17:13:10","modified_gmt":"2024-03-18T23:13:10","slug":"blog","status":"publish","type":"page","link":"https:\/\/www.phanaint.com\/fr\/blog\/","title":{"rendered":"Blog"},"content":{"rendered":"<div class=\"wpb-content-wrapper\"><section class=\"light-wrapper normal-padding vc_row wpb_row vc_row-fluid light-wrapper normal-padding\"><div class=\"container\"><div class=\"row\"><div class=\"wpb_column vc_column_container col-sm-12\"><div class=\"vc_column-inner\"><div class=\"wpb_wrapper\">\t\n\t\t\t\n\t\t<div class=\"row mb40\">\n\t\t\t<div class=\"col-sm-4\">\n\n    <a href=\"https:\/\/www.phanaint.com\/fr\/el-desafio-ambiental-y-del-agua-en-mexico-el-cambio-es-nuestro-futuro\/\">\n        <img loading=\"lazy\" decoding=\"async\" width=\"600\" height=\"400\" src=\"https:\/\/www.phanaint.com\/wp-content\/uploads\/2024\/03\/pexels-carolyn-3345891-600x400.jpg\" class=\"mb24 wp-post-image\" alt=\"El desaf\u00edo ambiental y escasez de agua en M\u00e9xico es el mayor reto industrial y hotelero para 2024.\" srcset=\"https:\/\/www.phanaint.com\/wp-content\/uploads\/2024\/03\/pexels-carolyn-3345891-600x400.jpg 600w, https:\/\/www.phanaint.com\/wp-content\/uploads\/2024\/03\/pexels-carolyn-3345891-300x200.jpg 300w, https:\/\/www.phanaint.com\/wp-content\/uploads\/2024\/03\/pexels-carolyn-3345891-1024x683.jpg 1024w, https:\/\/www.phanaint.com\/wp-content\/uploads\/2024\/03\/pexels-carolyn-3345891-768x512.jpg 768w, https:\/\/www.phanaint.com\/wp-content\/uploads\/2024\/03\/pexels-carolyn-3345891-1536x1024.jpg 1536w, https:\/\/www.phanaint.com\/wp-content\/uploads\/2024\/03\/pexels-carolyn-3345891-2048x1365.jpg 2048w, https:\/\/www.phanaint.com\/wp-content\/uploads\/2024\/03\/pexels-carolyn-3345891-18x12.jpg 18w\" sizes=\"auto, (max-width: 600px) 100vw, 600px\" \/>    <\/a>\n    \n    <a href=\"https:\/\/www.phanaint.com\/fr\/el-desafio-ambiental-y-del-agua-en-mexico-el-cambio-es-nuestro-futuro\/\"><h4 class=\"mb8\">El Desaf\u00edo Ambiental y del Agua en M\u00e9xico: El Cambio es Nuestro Futuro.<\/h4><\/a>    \n    <ul class=\"list-inline mb16\">\n        <li>15\/03\/2024<\/li>\n        <li><a href=\"\" title=\"Articles par \" rel=\"author\"><\/a><\/li>\n        <li><span class=\"label\"><a href=\"https:\/\/www.phanaint.com\/fr\/retos-en-las-practicas-sostenibles\/\" rel=\"category tag\">Retos en las Pr\u00e1cticas Sostenibles<\/a><\/span><\/li>\n    <\/ul>\n    \n    <p class=\"mb0\">En un mundo donde el impacto ambiental de la hoteler\u00eda y las lavander\u00edas industriales es cada vez m\u00e1s evidente, Phanaint emerge como una soluci\u00f3n revolucionaria. Este art\u00edculo explora el contraste entre el alto consumo de recursos naturales en estas industrias y la creciente preocupaci\u00f3n por la escasez de agua y el calentamiento global. Con datos alarmantes sobre el estado cr\u00edtico de los embalses en M\u00e9xico, Phanaint ofrece una respuesta sostenible. Su enfoque innovador reduce dr\u00e1sticamente el consumo de agua, gas y electricidad, al tiempo que promueve la eficiencia energ\u00e9tica y la utilizaci\u00f3n de productos biodegradables. M\u00e1s que una soluci\u00f3n ecol\u00f3gica, Phanaint ofrece beneficios econ\u00f3micos y una contribuci\u00f3n vital para preservar el medio ambiente. Este art\u00edculo destaca el papel crucial de Phanaint en liderar la transformaci\u00f3n hacia un futuro m\u00e1s limpio y sustentable en la hoteler\u00eda y las lavander\u00edas industriales.<\/p>\n    \n<\/div>\t\n\t\t<\/div>\n\t\t\n\t\t\t\t\n\t\t\t\t\n<\/div><\/div><\/div><\/div><\/div><\/section>\n<\/div>","protected":false},"excerpt":{"rendered":"En un mundo donde la demanda de servicios hoteleros y lavander\u00edas industriales est\u00e1 en constante aumento, el impacto ambiental se vuelve...","protected":false},"author":1,"featured_media":0,"parent":0,"menu_order":0,"comment_status":"open","ping_status":"open","template":"","meta":{"_monsterinsights_skip_tracking":false,"_monsterinsights_sitenote_active":false,"_monsterinsights_sitenote_note":"","_monsterinsights_sitenote_category":0,"footnotes":""},"class_list":["post-295","page","type-page","status-publish","hentry"],"yoast_head":"<!-- This site is optimized with the Yoast SEO Premium plugin v26.6 (Yoast SEO v26.6) - https:\/\/yoast.com\/wordpress\/plugins\/seo\/ -->\n<title>Blog - Phanaint<\/title>\n<meta name=\"description\" content=\"Phanaint - Generamos Lujo Sustentable con Altos Niveles de Calidad y Desinfecci\u00f3n.\" \/>\n<meta name=\"robots\" content=\"index, follow, max-snippet:-1, max-image-preview:large, max-video-preview:-1\" \/>\n<link rel=\"canonical\" href=\"https:\/\/www.phanaint.com\/fr\/blog\/\" \/>\n<meta property=\"og:locale\" content=\"fr_FR\" \/>\n<meta property=\"og:type\" content=\"article\" \/>\n<meta property=\"og:title\" content=\"Phanaint - La Opci\u00f3n Natural Blog\" \/>\n<meta property=\"og:description\" content=\"Generando un Mundo de Ahorros a Nuestros Clientes. La Sustentabilidad a su Alcance.\" \/>\n<meta property=\"og:url\" content=\"https:\/\/www.phanaint.com\/fr\/blog\/\" \/>\n<meta property=\"og:site_name\" content=\"Phanaint\" \/>\n<meta property=\"article:publisher\" content=\"http:\/\/www.facebook.com\/phanaint\" \/>\n<meta property=\"article:modified_time\" content=\"2024-03-18T23:13:10+00:00\" \/>\n<meta property=\"og:image\" content=\"https:\/\/www.phanaint.com\/wp-content\/uploads\/2019\/08\/circulo-hotel-online-assistance-01.png\" \/>\n\t<meta property=\"og:image:width\" content=\"817\" \/>\n\t<meta property=\"og:image:height\" content=\"817\" \/>\n\t<meta property=\"og:image:type\" content=\"image\/png\" \/>\n<meta name=\"twitter:card\" content=\"summary_large_image\" \/>\n<meta name=\"twitter:site\" content=\"@phanaint\" \/>\n<script type=\"application\/ld+json\" class=\"yoast-schema-graph\">{\"@context\":\"https:\/\/schema.org\",\"@graph\":[{\"@type\":\"WebPage\",\"@id\":\"https:\/\/www.phanaint.com\/blog\/\",\"url\":\"https:\/\/www.phanaint.com\/blog\/\",\"name\":\"Blog - Phanaint\",\"isPartOf\":{\"@id\":\"https:\/\/www.phanaint.com\/#website\"},\"datePublished\":\"2015-07-02T09:11:46+00:00\",\"dateModified\":\"2024-03-18T23:13:10+00:00\",\"description\":\"Phanaint - Generamos Lujo Sustentable con Altos Niveles de Calidad y Desinfecci\u00f3n.\",\"breadcrumb\":{\"@id\":\"https:\/\/www.phanaint.com\/blog\/#breadcrumb\"},\"inLanguage\":\"fr-FR\",\"potentialAction\":[{\"@type\":\"ReadAction\",\"target\":[\"https:\/\/www.phanaint.com\/blog\/\"]}]},{\"@type\":\"BreadcrumbList\",\"@id\":\"https:\/\/www.phanaint.com\/blog\/#breadcrumb\",\"itemListElement\":[{\"@type\":\"ListItem\",\"position\":1,\"name\":\"Inicio\",\"item\":\"https:\/\/www.phanaint.com\/\"},{\"@type\":\"ListItem\",\"position\":2,\"name\":\"Blog\"}]},{\"@type\":\"WebSite\",\"@id\":\"https:\/\/www.phanaint.com\/#website\",\"url\":\"https:\/\/www.phanaint.com\/\",\"name\":\"Phanaint\",\"description\":\"La Opci&oacute;n Natural\",\"publisher\":{\"@id\":\"https:\/\/www.phanaint.com\/#organization\"},\"alternateName\":\"Chemnopal\",\"potentialAction\":[{\"@type\":\"SearchAction\",\"target\":{\"@type\":\"EntryPoint\",\"urlTemplate\":\"https:\/\/www.phanaint.com\/?s={search_term_string}\"},\"query-input\":{\"@type\":\"PropertyValueSpecification\",\"valueRequired\":true,\"valueName\":\"search_term_string\"}}],\"inLanguage\":\"fr-FR\"},{\"@type\":\"Organization\",\"@id\":\"https:\/\/www.phanaint.com\/#organization\",\"name\":\"Phanaint\",\"url\":\"https:\/\/www.phanaint.com\/\",\"logo\":{\"@type\":\"ImageObject\",\"inLanguage\":\"fr-FR\",\"@id\":\"https:\/\/www.phanaint.com\/#\/schema\/logo\/image\/\",\"url\":\"https:\/\/www.phanaint.com\/wp-content\/uploads\/2024\/03\/cropped-Logo.png\",\"contentUrl\":\"https:\/\/www.phanaint.com\/wp-content\/uploads\/2024\/03\/cropped-Logo.png\",\"width\":278,\"height\":91,\"caption\":\"Phanaint\"},\"image\":{\"@id\":\"https:\/\/www.phanaint.com\/#\/schema\/logo\/image\/\"},\"sameAs\":[\"http:\/\/www.facebook.com\/phanaint\",\"https:\/\/x.com\/phanaint\",\"https:\/\/www.linkedin.com\/company\/phanaint\",\"https:\/\/www.instagram.com\/phanaint\"],\"description\":\"Estamos comprometidos con la sustentabilidad, y dedicados al desarrollo de tecnolog\u00edas y Productos de Limpieza Ecol\u00f3gicos a nivel industrial y corporativa. Fundada en 1982 en Colombia, y con presencia en M\u00e9xico desde 2005, nuestra empresa tiene m\u00e1s de 30 a\u00f1os de investigaci\u00f3n y experiencia en distintas industrias. Nuestra oferta se caracteriza por ser integral, innovadora y con servicio personalizado de la mayor tecnolog\u00eda en Productos Biodegradables. Nos Diferenciamos e Innovamos en conceptos de mantenimiento y limpieza industrial. Ofrecemos La Opci\u00f3n Natural \u00ae para todas las industrias que busquen los mejores est\u00e1ndares de Calidad y Ecolog\u00eda en sus procesos de limpieza y desinfecci\u00f3n.\",\"email\":\"contacto@phanaint.com\",\"telephone\":\"523380000687\",\"legalName\":\"INDUSTRIA QUIMICA PHANAMERICANA S.A. DE C.V.\",\"foundingDate\":\"2005-08-04\",\"vatID\":\"IQP040805TP0\",\"numberOfEmployees\":{\"@type\":\"QuantitativeValue\",\"minValue\":\"11\",\"maxValue\":\"50\"}}]}<\/script>\n<!-- \/ Yoast SEO Premium plugin. -->","yoast_head_json":{"title":"Blog - Phanaint","description":"Phanaint - Generamos Lujo Sustentable con Altos Niveles de Calidad y Desinfecci\u00f3n.","robots":{"index":"index","follow":"follow","max-snippet":"max-snippet:-1","max-image-preview":"max-image-preview:large","max-video-preview":"max-video-preview:-1"},"canonical":"https:\/\/www.phanaint.com\/fr\/blog\/","og_locale":"fr_FR","og_type":"article","og_title":"Phanaint - La Opci\u00f3n Natural Blog","og_description":"Generando un Mundo de Ahorros a Nuestros Clientes. La Sustentabilidad a su Alcance.","og_url":"https:\/\/www.phanaint.com\/fr\/blog\/","og_site_name":"Phanaint","article_publisher":"http:\/\/www.facebook.com\/phanaint","article_modified_time":"2024-03-18T23:13:10+00:00","og_image":[{"width":817,"height":817,"url":"https:\/\/www.phanaint.com\/wp-content\/uploads\/2019\/08\/circulo-hotel-online-assistance-01.png","type":"image\/png"}],"twitter_card":"summary_large_image","twitter_site":"@phanaint","schema":{"@context":"https:\/\/schema.org","@graph":[{"@type":"WebPage","@id":"https:\/\/www.phanaint.com\/blog\/","url":"https:\/\/www.phanaint.com\/blog\/","name":"Blog - Phanaint","isPartOf":{"@id":"https:\/\/www.phanaint.com\/#website"},"datePublished":"2015-07-02T09:11:46+00:00","dateModified":"2024-03-18T23:13:10+00:00","description":"Phanaint - Generamos Lujo Sustentable con Altos Niveles de Calidad y Desinfecci\u00f3n.","breadcrumb":{"@id":"https:\/\/www.phanaint.com\/blog\/#breadcrumb"},"inLanguage":"fr-FR","potentialAction":[{"@type":"ReadAction","target":["https:\/\/www.phanaint.com\/blog\/"]}]},{"@type":"BreadcrumbList","@id":"https:\/\/www.phanaint.com\/blog\/#breadcrumb","itemListElement":[{"@type":"ListItem","position":1,"name":"Inicio","item":"https:\/\/www.phanaint.com\/"},{"@type":"ListItem","position":2,"name":"Blog"}]},{"@type":"WebSite","@id":"https:\/\/www.phanaint.com\/#website","url":"https:\/\/www.phanaint.com\/","name":"Phanaint","description":"La Opci&oacute;n Natural","publisher":{"@id":"https:\/\/www.phanaint.com\/#organization"},"alternateName":"Chemnopal","potentialAction":[{"@type":"SearchAction","target":{"@type":"EntryPoint","urlTemplate":"https:\/\/www.phanaint.com\/?s={search_term_string}"},"query-input":{"@type":"PropertyValueSpecification","valueRequired":true,"valueName":"search_term_string"}}],"inLanguage":"fr-FR"},{"@type":"Organization","@id":"https:\/\/www.phanaint.com\/#organization","name":"Phanaint","url":"https:\/\/www.phanaint.com\/","logo":{"@type":"ImageObject","inLanguage":"fr-FR","@id":"https:\/\/www.phanaint.com\/#\/schema\/logo\/image\/","url":"https:\/\/www.phanaint.com\/wp-content\/uploads\/2024\/03\/cropped-Logo.png","contentUrl":"https:\/\/www.phanaint.com\/wp-content\/uploads\/2024\/03\/cropped-Logo.png","width":278,"height":91,"caption":"Phanaint"},"image":{"@id":"https:\/\/www.phanaint.com\/#\/schema\/logo\/image\/"},"sameAs":["http:\/\/www.facebook.com\/phanaint","https:\/\/x.com\/phanaint","https:\/\/www.linkedin.com\/company\/phanaint","https:\/\/www.instagram.com\/phanaint"],"description":"Estamos comprometidos con la sustentabilidad, y dedicados al desarrollo de tecnolog\u00edas y Productos de Limpieza Ecol\u00f3gicos a nivel industrial y corporativa. Fundada en 1982 en Colombia, y con presencia en M\u00e9xico desde 2005, nuestra empresa tiene m\u00e1s de 30 a\u00f1os de investigaci\u00f3n y experiencia en distintas industrias. Nuestra oferta se caracteriza por ser integral, innovadora y con servicio personalizado de la mayor tecnolog\u00eda en Productos Biodegradables. Nos Diferenciamos e Innovamos en conceptos de mantenimiento y limpieza industrial. Ofrecemos La Opci\u00f3n Natural \u00ae para todas las industrias que busquen los mejores est\u00e1ndares de Calidad y Ecolog\u00eda en sus procesos de limpieza y desinfecci\u00f3n.","email":"contacto@phanaint.com","telephone":"523380000687","legalName":"INDUSTRIA QUIMICA PHANAMERICANA S.A. DE C.V.","foundingDate":"2005-08-04","vatID":"IQP040805TP0","numberOfEmployees":{"@type":"QuantitativeValue","minValue":"11","maxValue":"50"}}]}},"_links":{"self":[{"href":"https:\/\/www.phanaint.com\/fr\/wp-json\/wp\/v2\/pages\/295","targetHints":{"allow":["GET"]}}],"collection":[{"href":"https:\/\/www.phanaint.com\/fr\/wp-json\/wp\/v2\/pages"}],"about":[{"href":"https:\/\/www.phanaint.com\/fr\/wp-json\/wp\/v2\/types\/page"}],"author":[{"embeddable":true,"href":"https:\/\/www.phanaint.com\/fr\/wp-json\/wp\/v2\/users\/1"}],"replies":[{"embeddable":true,"href":"https:\/\/www.phanaint.com\/fr\/wp-json\/wp\/v2\/comments?post=295"}],"version-history":[{"count":3,"href":"https:\/\/www.phanaint.com\/fr\/wp-json\/wp\/v2\/pages\/295\/revisions"}],"predecessor-version":[{"id":9501,"href":"https:\/\/www.phanaint.com\/fr\/wp-json\/wp\/v2\/pages\/295\/revisions\/9501"}],"wp:attachment":[{"href":"https:\/\/www.phanaint.com\/fr\/wp-json\/wp\/v2\/media?parent=295"}],"curies":[{"name":"wp","href":"https:\/\/api.w.org\/{rel}","templated":true}]}}