{"id":374,"date":"2020-06-23T16:32:31","date_gmt":"2020-06-23T22:32:31","guid":{"rendered":"http:\/\/tommusrhodus.wpengine.com\/?page_id=374"},"modified":"2024-11-18T20:56:33","modified_gmt":"2024-11-19T02:56:33","slug":"biodetergentes","status":"publish","type":"page","link":"https:\/\/www.phanaint.com\/fr\/","title":{"rendered":"Limpieza Sustentable"},"content":{"rendered":"<div class=\"wpb-content-wrapper\"><div class=\"row light-wrapper  light-wrapper normal-padding  light-wrapper normal-padding\"><div class=\"wpb_column vc_column_container col-sm-12\"><div class=\"vc_column-inner\"><div class=\"wpb_wrapper\">\n\t\t\t<section class=\"cover fullscreen image-slider slider-arrow-controls controls-inside parallax hero-header\">\n\t\t\t    <ul class=\"slides\">\n\t\t\t        <li class=\"overlay image-bg\">\n\t\t\t            <div class=\"background-image-holder\">\n\t\t\t                <img loading=\"lazy\" decoding=\"async\" width=\"1024\" height=\"768\" src=\"https:\/\/www.phanaint.com\/wp-content\/uploads\/2019\/08\/frontpage-mountains-sky.jpg\" class=\"background-image\" alt=\"Empresa de Detergentes y Jabones. Limpieza Sustentable\" srcset=\"https:\/\/www.phanaint.com\/wp-content\/uploads\/2019\/08\/frontpage-mountains-sky.jpg 1024w, https:\/\/www.phanaint.com\/wp-content\/uploads\/2019\/08\/frontpage-mountains-sky-300x225.jpg 300w, https:\/\/www.phanaint.com\/wp-content\/uploads\/2019\/08\/frontpage-mountains-sky-768x576.jpg 768w, https:\/\/www.phanaint.com\/wp-content\/uploads\/2019\/08\/frontpage-mountains-sky-600x450.jpg 600w\" sizes=\"auto, (max-width: 1024px) 100vw, 1024px\" \/>\n\t\t\t            <\/div>\n\t\t\t            <div class=\"container v-align-transform\">\n\t\t\t                <div class=\"row\">\n\t\t\t                    <div class=\"col-sm-12 text-center\">\n\t\t\t                        <\/p>\n<h1 class=\"mb16\" style=\"text-align: center;\">Solutions Innovantes\u00a0<br class=\"hidden-sm\" \/>d'un Luxe Durable.<\/h1>\n<h6 class=\"uppercase mb32\" style=\"text-align: center;\">NOUS CR\u00c9ONS : DES PRODUITS DE NETTOYAGE BIOD\u00c9GRADABLES POUR UNE MEILLEURE VIVRE.<\/h6>\n<div class=\"modal-video-container\">\n\t\t\t                            <div class=\"play-button inline\"><\/div>\n\t\t\t                            <div class=\"modal-video\">\n\t\t\t                                <i class=\"ti-close close-iframe\"><\/i>\n\t\t\t                                <iframe loading=\"lazy\" title=\"Sistema de Lavado Electrostatico Phanaint para Hoteleria y Lavanderia Industrial\" src=\"https:\/\/player.vimeo.com\/video\/1030979783?dnt=1&amp;app_id=122963\" width=\"480\" height=\"608\" frameborder=\"0\" allow=\"autoplay; fullscreen; picture-in-picture; clipboard-write; encrypted-media; web-share\" referrerpolicy=\"strict-origin-when-cross-origin\"><\/iframe>\n\t\t\t                            <\/div>\n\t\t\t                        <\/div>\n\t\t\t                    <\/div>\n\t\t\t                <\/div>\n\t\t\t            <\/div>\n\t\t\t        <\/li>\n\t\t\t    <\/ul>\n\t\t\t<\/section>\n\t\t<\/div><\/div><\/div><\/div><section class=\"light-wrapper normal-padding vc_row wpb_row vc_row-fluid light-wrapper normal-padding\"><div class=\"container\"><div class=\"row\"><div class=\"wpb_column vc_column_container col-sm-4\"><div class=\"vc_column-inner\"><div class=\"wpb_wrapper\">\n\t\t\t<div class=\"feature feature-2 filled text-center\">\n\t\t\t\t\n\t\t\t    <div class=\"text-center\">\n\t\t\t        <i class=\"ti-ruler-pencil icon-sm\"><\/i>\n\t\t\t        <h5 class=\"uppercase\">Nous am\u00e9liorons les processus<\/h5>\n\t\t\t    <\/div>\n\t\t\t    <p>Notre objectif est de cr\u00e9er une r\u00e9ing\u00e9nierie des processus op\u00e9rationnels cl\u00e9s pour les unit\u00e9s commerciales. Nous g\u00e9n\u00e9rons des avantages comp\u00e9titifs du nettoyage durable pour nos clients.<\/p>\n<p class=\"p1\"><span class=\"s1\">Nous am\u00e9liorons progressivement la production et la consommation efficaces des ressources mondiales et dissocions la croissance \u00e9conomique de la d\u00e9gradation de l'environnement, tant dans notre entreprise que chez nos clients. Objectif 8\u00a0: <a href=\"https:\/\/www.un.org\/sustainabledevelopment\/es\/economic-growth\/\" target=\"_blank\" rel=\"noopener noreferrer\">Croissance \u00e9conomique soutenue, inclusive et durable.<\/a><\/span><\/p>\n<p>\n\n\t\t\t    \n\t\t\t<\/div>\n\t\t<\/div><\/div><\/div><div class=\"wpb_column vc_column_container col-sm-4\"><div class=\"vc_column-inner\"><div class=\"wpb_wrapper\">\n\t\t\t<div class=\"feature feature-2 filled text-center\">\n\t\t\t\t\n\t\t\t    <div class=\"text-center\">\n\t\t\t        <i class=\"ti-gift icon-sm\"><\/i>\n\t\t\t        <h5 class=\"uppercase\">Nous am\u00e9liorons les produits<\/h5>\n\t\t\t    <\/div>\n\t\t\t    <p>Nous promouvons la cr\u00e9ativit\u00e9 et l\u2019innovation appliqu\u00e9es \u00e0 l\u2019am\u00e9lioration des r\u00e9sultats dans l\u2019utilisation de produits chimiques de nettoyage dans diff\u00e9rentes industries et commerces.<\/p>\n<p>Nous sommes conformes \u00e0 l'objectif 12 de l'ONU <a href=\"https:\/\/www.un.org\/sustainabledevelopment\/es\/sustainable-consumption-production\/\" target=\"_blank\" rel=\"noopener noreferrer\">Fabrication et consommation responsable<\/a>, \u00e0 <span class=\"s1\">atteindre <em>gestion \u00e9cologiquement rationnelle des produits chimiques <\/em><\/span><em><span class=\"s1\">et r\u00e9duire consid\u00e9rablement ses rejets dans l'atmosph\u00e8re, l'eau et le sol afin de minimiser les effets n\u00e9fastes sur la sant\u00e9 humaine et l'environnement.<\/span><\/em><\/p>\n\n\t\t\t    \n\t\t\t<\/div>\n\t\t<\/div><\/div><\/div><div class=\"wpb_column vc_column_container col-sm-4\"><div class=\"vc_column-inner\"><div class=\"wpb_wrapper\">\n\t\t\t<div class=\"feature feature-2 filled text-center\">\n\t\t\t\t\n\t\t\t    <div class=\"text-center\">\n\t\t\t        <i class=\"ti-bar-chart-alt icon-sm\"><\/i>\n\t\t\t        <h5 class=\"uppercase\">Nous r\u00e9duisons l'impact environnemental<\/h5>\n\t\t\t    <\/div>\n\t\t\t    <p>Nous avons r\u00e9ussi \u00e0 r\u00e9duire la consommation de ressources naturelles et \u00e9nerg\u00e9tiques, telles que l'eau, le gaz et l'\u00e9lectricit\u00e9, ce qui entra\u00eene une diminution des \u00e9missions de CO2 et du volume de plastiques.<\/p>\n<p>Respecter l\u2019objectif 13 du <a href=\"https:\/\/www.un.org\/sustainabledevelopment\/es\/climate-change-2\/\" target=\"_blank\" rel=\"noopener noreferrer\">Actions climatiques<\/a> de \u00ab l\u2019ONU \u00bb pour r\u00e9aliser une transition verte en acc\u00e9l\u00e9rant la d\u00e9carbonation de la propret\u00e9 et en promouvant une croissance durable et inclusive.<\/p>\n\n\t\t\t    \n\t\t\t<\/div>\n\t\t<\/div><\/div><\/div><\/div><\/div><\/section><div class=\"row bg-secondary  bg-secondary normal-padding  bg-secondary normal-padding\"><div class=\"wpb_column vc_column_container col-sm-12\"><div class=\"vc_column-inner\"><div class=\"wpb_wrapper\">\n\t\t\t<section class=\"image-square left\">\n\t\t\t    <div class=\"col-md-6 image\">\n\t\t\t        <div class=\"background-image-holder\">\n\t\t\t            <img loading=\"lazy\" decoding=\"async\" width=\"1277\" height=\"834\" src=\"https:\/\/www.phanaint.com\/wp-content\/uploads\/2019\/08\/Laboratorio-Pruebas-Optimizado.jpg\" class=\"background-image\" alt=\"Biodetergentes para Limpieza Sustentable\" srcset=\"https:\/\/www.phanaint.com\/wp-content\/uploads\/2019\/08\/Laboratorio-Pruebas-Optimizado.jpg 1277w, https:\/\/www.phanaint.com\/wp-content\/uploads\/2019\/08\/Laboratorio-Pruebas-Optimizado-300x196.jpg 300w, https:\/\/www.phanaint.com\/wp-content\/uploads\/2019\/08\/Laboratorio-Pruebas-Optimizado-768x502.jpg 768w, https:\/\/www.phanaint.com\/wp-content\/uploads\/2019\/08\/Laboratorio-Pruebas-Optimizado-1024x669.jpg 1024w, https:\/\/www.phanaint.com\/wp-content\/uploads\/2019\/08\/Laboratorio-Pruebas-Optimizado-600x392.jpg 600w\" sizes=\"auto, (max-width: 1277px) 100vw, 1277px\" \/>\n\t\t\t        <\/div>\n\t\t\t    <\/div>\n\t\t\t    <div class=\"col-md-6 col-md-offset-1 content\">\n\t\t\t        \n\t<div class=\"wpb_text_column wpb_content_element\" >\n\t\t<div class=\"wpb_wrapper\">\n\t\t\t<h3>Construisez votre propre entreprise avec des processus durables.<\/h3>\n<p class=\"mb0\">Nous proposons des conseils en optimisation de processus et de produits adapt\u00e9s aux besoins de nos clients.<\/p>\n<p class=\"mb0\">Commencez \u00e0 transmettre la valeur de la durabilit\u00e9 dans votre cha\u00eene d\u2019exploitation au client final.<\/p>\n\n\t\t<\/div>\n\t<\/div>\n<div class=\"vc_btn3-container  wpb_animate_when_almost_visible wpb_fadeInDown fadeInDown vc_btn3-inline vc_do_btn\" ><a class=\"vc_general vc_btn3 vc_btn3-size-md vc_btn3-shape-rounded vc_btn3-style-modern vc_btn3-color-grey\" href=\"https:\/\/www.phanaint.com\/fr\/hoteleria\/\" title=\"Hospitalit\u00e9 \u00c9cologique\">Hospitalit\u00e9<\/a><\/div><div class=\"vc_btn3-container  wpb_animate_when_almost_visible wpb_fadeInDown fadeInDown vc_btn3-inline vc_do_btn\" ><a class=\"vc_general vc_btn3 vc_btn3-size-md vc_btn3-shape-rounded vc_btn3-style-modern vc_btn3-color-grey\" href=\"https:\/\/www.phanaint.com\/fr\/industria-alimentos\/\" title=\"Industrie alimentaire\">Restaurant et Cuisine<\/a><\/div>\n\t\t\t    <\/div>\n\t\t\t<\/section>\n\t\t<\/div><\/div><\/div><\/div><section class=\"light-wrapper normal-padding vc_row wpb_row vc_row-fluid light-wrapper normal-padding\"><div class=\"container\"><div class=\"row\"><div class=\"wpb_column vc_column_container col-sm-2\"><div class=\"vc_column-inner\"><div class=\"wpb_wrapper\"><\/div><\/div><\/div><div class=\"wpb_column vc_column_container col-sm-8\"><div class=\"vc_column-inner\"><div class=\"wpb_wrapper\">\n\t<div class=\"wpb_text_column wpb_content_element\" >\n\t\t<div class=\"wpb_wrapper\">\n\t\t\t<h3 style=\"text-align: center;\">Nous construisons la marque de haut en bas pour offrir la plus grande flexibilit\u00e9 dans la conception et l'ex\u00e9cution de solutions chimiques vertes.<\/h3>\n<p class=\"lead mb0\" style=\"text-align: center;\">Phanaint\u00ae est une entreprise compl\u00e8te avec une grande vari\u00e9t\u00e9 de <span style=\"color: #9ad6a6;\"><a style=\"color: #9ad6a6;\" href=\"https:\/\/www.phanaint.com\/fr\/turismo-sostenible\/\" target=\"_blank\" rel=\"noopener\">Solutions de Nettoyage \u00c9cologiques<\/a> <\/span>pour l'industrie et les entreprises au niveau national et international.<\/p>\n\n\t\t<\/div>\n\t<\/div>\n<div class=\"vc_row wpb_row vc_inner vc_row-fluid\"><div class=\"wpb_column vc_column_container col-sm-6\"><div class=\"vc_column-inner\"><div class=\"wpb_wrapper\">\n\t<div class=\"wpb_text_column wpb_content_element\" >\n\t\t<div class=\"wpb_wrapper\">\n\t\t\t<h2 class=\"large\">&gt;7m<\/h2>\n<p>m\u00e8tres cubes d'eau \u00e9conomis\u00e9s chaque ann\u00e9e gr\u00e2ce au Nettoyage \u00c9cologique avec Biod\u00e9tergents.<\/p>\n\n\t\t<\/div>\n\t<\/div>\n<\/div><\/div><\/div><div class=\"wpb_column vc_column_container col-sm-6\"><div class=\"vc_column-inner\"><div class=\"wpb_wrapper\">\n\t<div class=\"wpb_text_column wpb_content_element\" >\n\t\t<div class=\"wpb_wrapper\">\n\t\t\t<h2 class=\"large\">17x<\/h2>\n<p>Augmenter la productivit\u00e9 des op\u00e9rations de nos clients chaque ann\u00e9e<\/p>\n\n\t\t<\/div>\n\t<\/div>\n<\/div><\/div><\/div><\/div><\/div><\/div><\/div><div class=\"wpb_column vc_column_container col-sm-2\"><div class=\"vc_column-inner\"><div class=\"wpb_wrapper\"><\/div><\/div><\/div><\/div><\/div><\/section><div class=\"row bg-secondary  bg-secondary normal-padding  bg-secondary normal-padding\"><div class=\"wpb_column vc_column_container col-sm-12\"><div class=\"vc_column-inner\"><div class=\"wpb_wrapper\">\n\t\t\t<section class=\"image-square right\">\n\t\t\t    <div class=\"col-md-6 image\">\n\t\t\t        <div class=\"background-image-holder\">\n\t\t\t            <img loading=\"lazy\" decoding=\"async\" width=\"1024\" height=\"695\" src=\"https:\/\/www.phanaint.com\/wp-content\/uploads\/2019\/08\/Industria-optimizado.jpg\" class=\"background-image\" alt=\"Industria Sustentable\" srcset=\"https:\/\/www.phanaint.com\/wp-content\/uploads\/2019\/08\/Industria-optimizado.jpg 1024w, https:\/\/www.phanaint.com\/wp-content\/uploads\/2019\/08\/Industria-optimizado-300x204.jpg 300w, https:\/\/www.phanaint.com\/wp-content\/uploads\/2019\/08\/Industria-optimizado-768x521.jpg 768w, https:\/\/www.phanaint.com\/wp-content\/uploads\/2019\/08\/Industria-optimizado-600x407.jpg 600w\" sizes=\"auto, (max-width: 1024px) 100vw, 1024px\" \/>\n\t\t\t        <\/div>\n\t\t\t    <\/div>\n\t\t\t    <div class=\"col-md-6 content\">\n\t\t\t        \n\t<div class=\"wpb_text_column wpb_content_element\" >\n\t\t<div class=\"wpb_wrapper\">\n\t\t\t<h3>Produits et services personnalis\u00e9s pour chaque client.<\/h3>\n<p class=\"mb0\">Nous apportons des solutions socialement responsables \u00e0 des probl\u00e8mes r\u00e9els. Nous prenons soin des ressources humaines en renfor\u00e7ant les Solutions de Nettoyage appliqu\u00e9es avec une formation constante du personnel en la mati\u00e8re.<\/p>\n\n\t\t<\/div>\n\t<\/div>\n\n\t\t\t    <\/div>\n\t\t\t<\/section>\n\t\t<\/div><\/div><\/div><\/div><section class=\"image-bg overlay parallax  light-wrapper normal-padding vc_row wpb_row vc_row-fluid light-wrapper normal-padding vc_custom_1565626535692\">\n\t\t\t<div class=\"background-image-holder\">\n\t\t\t    <img decoding=\"async\" alt=\"Background\" class=\"background-image\" src=\"https:\/\/www.phanaint.com\/wp-content\/uploads\/2019\/08\/agua-cristalina-optimizado.jpg?id=1811\" \/>\n\t\t\t<\/div>\n\t\t<div class=\"container\"><div class=\"row\"><div class=\"wpb_column vc_column_container col-sm-2\"><div class=\"vc_column-inner\"><div class=\"wpb_wrapper\"><\/div><\/div><\/div><div class=\"wpb_column vc_column_container col-sm-8\"><div class=\"vc_column-inner\"><div class=\"wpb_wrapper\"><div class=\"vc_row wpb_row vc_inner vc_row-fluid\"><div class=\"wpb_column vc_column_container col-sm-6\"><div class=\"vc_column-inner\"><div class=\"wpb_wrapper\">\n\t<div class=\"wpb_text_column wpb_content_element\" >\n\t\t<div class=\"wpb_wrapper\">\n\t\t\t<h2 class=\"large mb8\" style=\"text-align: center;\">3 Pays<\/h2>\n<h6 class=\"uppercase\" style=\"text-align: center;\">de clients s\u00e9lectionn\u00e9s<\/h6>\n\n\t\t<\/div>\n\t<\/div>\n<\/div><\/div><\/div><div class=\"wpb_column vc_column_container col-sm-6\"><div class=\"vc_column-inner\"><div class=\"wpb_wrapper\">\n\t<div class=\"wpb_text_column wpb_content_element\" >\n\t\t<div class=\"wpb_wrapper\">\n\t\t\t<h2 class=\"large mb8\" style=\"text-align: center;\">Projets<\/h2>\n<h6 class=\"uppercase\" style=\"text-align: center;\">d\u2019\u00e9conomies durables des ressources naturelles<\/h6>\n\n\t\t<\/div>\n\t<\/div>\n<\/div><\/div><\/div><\/div>\n\t<div class=\"wpb_text_column wpb_content_element\" >\n\t\t<div class=\"wpb_wrapper\">\n\t\t\t<h3 class=\"mb40 mb-xs-24\" style=\"text-align: center;\">Solutions chimiques biod\u00e9gradables pour<br \/>\ntoutes les industries.<\/h3>\n\n\t\t<\/div>\n\t<\/div>\n<\/div><\/div><\/div><div class=\"wpb_column vc_column_container col-sm-2\"><div class=\"vc_column-inner\"><div class=\"wpb_wrapper\"><\/div><\/div><\/div><\/div><\/div><\/section>\n<\/div>","protected":false},"excerpt":{"rendered":"Soluciones Innovadoras\u00a0de Lujo Sustentable CREAMOS: PRODUCTOS DE LIMPIEZA BIODEGRADABLES PARA UN MEJOR VIVIR\u00ae. Mejoramos Procesos Nos enfocamos en crear Reingenier\u00eda de...","protected":false},"author":1,"featured_media":0,"parent":0,"menu_order":0,"comment_status":"closed","ping_status":"closed","template":"","meta":{"_monsterinsights_skip_tracking":false,"_monsterinsights_sitenote_active":false,"_monsterinsights_sitenote_note":"","_monsterinsights_sitenote_category":0,"footnotes":""},"class_list":["post-374","page","type-page","status-publish","hentry"],"yoast_head":"<!-- This site is optimized with the Yoast SEO Premium plugin v26.6 (Yoast SEO v26.6) - https:\/\/yoast.com\/wordpress\/plugins\/seo\/ -->\n<title>Limpieza Sustentable - Phanaint \u00ae Productos Biodegradables<\/title>\n<meta name=\"description\" content=\"Phanaint \u00ae - Soluciones Innovadoras de Lujo Sustentable para la Limpieza industrial que generan Ventajas Competitivas a nivel global.\" \/>\n<meta name=\"robots\" content=\"index, follow, max-snippet:-1, max-image-preview:large, max-video-preview:-1\" \/>\n<link rel=\"canonical\" href=\"https:\/\/www.phanaint.com\/fr\/\" \/>\n<meta property=\"og:locale\" content=\"fr_FR\" \/>\n<meta property=\"og:type\" content=\"article\" \/>\n<meta property=\"og:title\" content=\"Phanaint - La Opci\u00f3n Natural Limpieza Sustentable\" \/>\n<meta property=\"og:description\" content=\"Generando un Mundo de Ahorros a Nuestros Clientes. La Sustentabilidad a su Alcance.\" \/>\n<meta property=\"og:url\" content=\"https:\/\/www.phanaint.com\/fr\/\" \/>\n<meta property=\"og:site_name\" content=\"Phanaint\" \/>\n<meta property=\"article:publisher\" content=\"http:\/\/www.facebook.com\/phanaint\" \/>\n<meta property=\"article:modified_time\" content=\"2024-11-19T02:56:33+00:00\" \/>\n<meta property=\"og:image\" content=\"https:\/\/www.phanaint.com\/wp-content\/uploads\/2019\/08\/circulo-hotel-online-assistance-01.png\" \/>\n\t<meta property=\"og:image:width\" content=\"817\" \/>\n\t<meta property=\"og:image:height\" content=\"817\" \/>\n\t<meta property=\"og:image:type\" content=\"image\/png\" \/>\n<meta name=\"twitter:card\" content=\"summary_large_image\" \/>\n<meta name=\"twitter:site\" content=\"@phanaint\" \/>\n<meta name=\"twitter:label1\" content=\"Dur\u00e9e de lecture estim\u00e9e\" \/>\n\t<meta name=\"twitter:data1\" content=\"3 minutes\" \/>\n<script type=\"application\/ld+json\" class=\"yoast-schema-graph\">{\"@context\":\"https:\/\/schema.org\",\"@graph\":[{\"@type\":\"WebPage\",\"@id\":\"https:\/\/www.phanaint.com\/\",\"url\":\"https:\/\/www.phanaint.com\/\",\"name\":\"Limpieza Sustentable - Phanaint \u00ae Productos Biodegradables\",\"isPartOf\":{\"@id\":\"https:\/\/www.phanaint.com\/#website\"},\"datePublished\":\"2020-06-23T22:32:31+00:00\",\"dateModified\":\"2024-11-19T02:56:33+00:00\",\"description\":\"Phanaint \u00ae - Soluciones Innovadoras de Lujo Sustentable para la Limpieza industrial que generan Ventajas Competitivas a nivel global.\",\"breadcrumb\":{\"@id\":\"https:\/\/www.phanaint.com\/#breadcrumb\"},\"inLanguage\":\"fr-FR\",\"potentialAction\":[{\"@type\":\"ReadAction\",\"target\":[\"https:\/\/www.phanaint.com\/\"]}]},{\"@type\":\"BreadcrumbList\",\"@id\":\"https:\/\/www.phanaint.com\/#breadcrumb\",\"itemListElement\":[{\"@type\":\"ListItem\",\"position\":1,\"name\":\"Inicio\",\"item\":\"https:\/\/www.phanaint.com\/\"},{\"@type\":\"ListItem\",\"position\":2,\"name\":\"Limpieza Sustentable\"}]},{\"@type\":\"WebSite\",\"@id\":\"https:\/\/www.phanaint.com\/#website\",\"url\":\"https:\/\/www.phanaint.com\/\",\"name\":\"Phanaint\",\"description\":\"La Opci&oacute;n Natural\",\"publisher\":{\"@id\":\"https:\/\/www.phanaint.com\/#organization\"},\"alternateName\":\"Chemnopal\",\"potentialAction\":[{\"@type\":\"SearchAction\",\"target\":{\"@type\":\"EntryPoint\",\"urlTemplate\":\"https:\/\/www.phanaint.com\/?s={search_term_string}\"},\"query-input\":{\"@type\":\"PropertyValueSpecification\",\"valueRequired\":true,\"valueName\":\"search_term_string\"}}],\"inLanguage\":\"fr-FR\"},{\"@type\":\"Organization\",\"@id\":\"https:\/\/www.phanaint.com\/#organization\",\"name\":\"Phanaint\",\"url\":\"https:\/\/www.phanaint.com\/\",\"logo\":{\"@type\":\"ImageObject\",\"inLanguage\":\"fr-FR\",\"@id\":\"https:\/\/www.phanaint.com\/#\/schema\/logo\/image\/\",\"url\":\"https:\/\/www.phanaint.com\/wp-content\/uploads\/2024\/03\/cropped-Logo.png\",\"contentUrl\":\"https:\/\/www.phanaint.com\/wp-content\/uploads\/2024\/03\/cropped-Logo.png\",\"width\":278,\"height\":91,\"caption\":\"Phanaint\"},\"image\":{\"@id\":\"https:\/\/www.phanaint.com\/#\/schema\/logo\/image\/\"},\"sameAs\":[\"http:\/\/www.facebook.com\/phanaint\",\"https:\/\/x.com\/phanaint\",\"https:\/\/www.linkedin.com\/company\/phanaint\",\"https:\/\/www.instagram.com\/phanaint\"],\"description\":\"Estamos comprometidos con la sustentabilidad, y dedicados al desarrollo de tecnolog\u00edas y Productos de Limpieza Ecol\u00f3gicos a nivel industrial y corporativa. Fundada en 1982 en Colombia, y con presencia en M\u00e9xico desde 2005, nuestra empresa tiene m\u00e1s de 30 a\u00f1os de investigaci\u00f3n y experiencia en distintas industrias. Nuestra oferta se caracteriza por ser integral, innovadora y con servicio personalizado de la mayor tecnolog\u00eda en Productos Biodegradables. Nos Diferenciamos e Innovamos en conceptos de mantenimiento y limpieza industrial. Ofrecemos La Opci\u00f3n Natural \u00ae para todas las industrias que busquen los mejores est\u00e1ndares de Calidad y Ecolog\u00eda en sus procesos de limpieza y desinfecci\u00f3n.\",\"email\":\"contacto@phanaint.com\",\"telephone\":\"523380000687\",\"legalName\":\"INDUSTRIA QUIMICA PHANAMERICANA S.A. DE C.V.\",\"foundingDate\":\"2005-08-04\",\"vatID\":\"IQP040805TP0\",\"numberOfEmployees\":{\"@type\":\"QuantitativeValue\",\"minValue\":\"11\",\"maxValue\":\"50\"}}]}<\/script>\n<!-- \/ Yoast SEO Premium plugin. -->","yoast_head_json":{"title":"Limpieza Sustentable - Phanaint \u00ae Productos Biodegradables","description":"Phanaint \u00ae - Soluciones Innovadoras de Lujo Sustentable para la Limpieza industrial que generan Ventajas Competitivas a nivel global.","robots":{"index":"index","follow":"follow","max-snippet":"max-snippet:-1","max-image-preview":"max-image-preview:large","max-video-preview":"max-video-preview:-1"},"canonical":"https:\/\/www.phanaint.com\/fr\/","og_locale":"fr_FR","og_type":"article","og_title":"Phanaint - La Opci\u00f3n Natural Limpieza Sustentable","og_description":"Generando un Mundo de Ahorros a Nuestros Clientes. La Sustentabilidad a su Alcance.","og_url":"https:\/\/www.phanaint.com\/fr\/","og_site_name":"Phanaint","article_publisher":"http:\/\/www.facebook.com\/phanaint","article_modified_time":"2024-11-19T02:56:33+00:00","og_image":[{"width":817,"height":817,"url":"https:\/\/www.phanaint.com\/wp-content\/uploads\/2019\/08\/circulo-hotel-online-assistance-01.png","type":"image\/png"}],"twitter_card":"summary_large_image","twitter_site":"@phanaint","twitter_misc":{"Dur\u00e9e de lecture estim\u00e9e":"3 minutes"},"schema":{"@context":"https:\/\/schema.org","@graph":[{"@type":"WebPage","@id":"https:\/\/www.phanaint.com\/","url":"https:\/\/www.phanaint.com\/","name":"Limpieza Sustentable - Phanaint \u00ae Productos Biodegradables","isPartOf":{"@id":"https:\/\/www.phanaint.com\/#website"},"datePublished":"2020-06-23T22:32:31+00:00","dateModified":"2024-11-19T02:56:33+00:00","description":"Phanaint \u00ae - Soluciones Innovadoras de Lujo Sustentable para la Limpieza industrial que generan Ventajas Competitivas a nivel global.","breadcrumb":{"@id":"https:\/\/www.phanaint.com\/#breadcrumb"},"inLanguage":"fr-FR","potentialAction":[{"@type":"ReadAction","target":["https:\/\/www.phanaint.com\/"]}]},{"@type":"BreadcrumbList","@id":"https:\/\/www.phanaint.com\/#breadcrumb","itemListElement":[{"@type":"ListItem","position":1,"name":"Inicio","item":"https:\/\/www.phanaint.com\/"},{"@type":"ListItem","position":2,"name":"Limpieza Sustentable"}]},{"@type":"WebSite","@id":"https:\/\/www.phanaint.com\/#website","url":"https:\/\/www.phanaint.com\/","name":"Phanaint","description":"La Opci&oacute;n Natural","publisher":{"@id":"https:\/\/www.phanaint.com\/#organization"},"alternateName":"Chemnopal","potentialAction":[{"@type":"SearchAction","target":{"@type":"EntryPoint","urlTemplate":"https:\/\/www.phanaint.com\/?s={search_term_string}"},"query-input":{"@type":"PropertyValueSpecification","valueRequired":true,"valueName":"search_term_string"}}],"inLanguage":"fr-FR"},{"@type":"Organization","@id":"https:\/\/www.phanaint.com\/#organization","name":"Phanaint","url":"https:\/\/www.phanaint.com\/","logo":{"@type":"ImageObject","inLanguage":"fr-FR","@id":"https:\/\/www.phanaint.com\/#\/schema\/logo\/image\/","url":"https:\/\/www.phanaint.com\/wp-content\/uploads\/2024\/03\/cropped-Logo.png","contentUrl":"https:\/\/www.phanaint.com\/wp-content\/uploads\/2024\/03\/cropped-Logo.png","width":278,"height":91,"caption":"Phanaint"},"image":{"@id":"https:\/\/www.phanaint.com\/#\/schema\/logo\/image\/"},"sameAs":["http:\/\/www.facebook.com\/phanaint","https:\/\/x.com\/phanaint","https:\/\/www.linkedin.com\/company\/phanaint","https:\/\/www.instagram.com\/phanaint"],"description":"Estamos comprometidos con la sustentabilidad, y dedicados al desarrollo de tecnolog\u00edas y Productos de Limpieza Ecol\u00f3gicos a nivel industrial y corporativa. Fundada en 1982 en Colombia, y con presencia en M\u00e9xico desde 2005, nuestra empresa tiene m\u00e1s de 30 a\u00f1os de investigaci\u00f3n y experiencia en distintas industrias. Nuestra oferta se caracteriza por ser integral, innovadora y con servicio personalizado de la mayor tecnolog\u00eda en Productos Biodegradables. Nos Diferenciamos e Innovamos en conceptos de mantenimiento y limpieza industrial. Ofrecemos La Opci\u00f3n Natural \u00ae para todas las industrias que busquen los mejores est\u00e1ndares de Calidad y Ecolog\u00eda en sus procesos de limpieza y desinfecci\u00f3n.","email":"contacto@phanaint.com","telephone":"523380000687","legalName":"INDUSTRIA QUIMICA PHANAMERICANA S.A. DE C.V.","foundingDate":"2005-08-04","vatID":"IQP040805TP0","numberOfEmployees":{"@type":"QuantitativeValue","minValue":"11","maxValue":"50"}}]}},"_links":{"self":[{"href":"https:\/\/www.phanaint.com\/fr\/wp-json\/wp\/v2\/pages\/374","targetHints":{"allow":["GET"]}}],"collection":[{"href":"https:\/\/www.phanaint.com\/fr\/wp-json\/wp\/v2\/pages"}],"about":[{"href":"https:\/\/www.phanaint.com\/fr\/wp-json\/wp\/v2\/types\/page"}],"author":[{"embeddable":true,"href":"https:\/\/www.phanaint.com\/fr\/wp-json\/wp\/v2\/users\/1"}],"replies":[{"embeddable":true,"href":"https:\/\/www.phanaint.com\/fr\/wp-json\/wp\/v2\/comments?post=374"}],"version-history":[{"count":5,"href":"https:\/\/www.phanaint.com\/fr\/wp-json\/wp\/v2\/pages\/374\/revisions"}],"predecessor-version":[{"id":9710,"href":"https:\/\/www.phanaint.com\/fr\/wp-json\/wp\/v2\/pages\/374\/revisions\/9710"}],"wp:attachment":[{"href":"https:\/\/www.phanaint.com\/fr\/wp-json\/wp\/v2\/media?parent=374"}],"curies":[{"name":"wp","href":"https:\/\/api.w.org\/{rel}","templated":true}]}}